{"id":13681,"date":"2025-07-16T10:55:35","date_gmt":"2025-07-16T08:55:35","guid":{"rendered":"https:\/\/basaburua.eus\/?page_id=13681"},"modified":"2025-12-12T09:28:32","modified_gmt":"2025-12-12T08:28:32","slug":"servicios","status":"publish","type":"page","link":"https:\/\/basaburua.eus\/es\/ayuntamiento-abierto\/servicios\/","title":{"rendered":"Servicios"},"content":{"rendered":"<section class=\"l-section wpb_row height_medium\"><div class=\"l-section-h i-cf\"><div class=\"g-cols vc_row via_grid cols_1 laptops-cols_inherit tablets-cols_inherit mobiles-cols_1 valign_top type_default stacking_default\"><div class=\"wpb_column vc_column_container\"><div class=\"vc_column-inner\"><div class=\"w-grid us_grid type_grid layout_11618 cols_4 preload_style_spinner\" id=\"us_grid_1\" style=\"--columns:4;--gap:1.5rem;\" data-filterable=\"true\"><style>@media (max-width:1380px){#us_grid_1{--columns:3!important}}@media (max-width:1024px){#us_grid_1{--columns:2!important}}@media (max-width:600px){#us_grid_1{--columns:1!important}}.layout_11618 .w-grid-item-h{border-radius:1.7rem;box-shadow:0 0.12rem 0.24rem rgba(0,0,0,0.1),0 0.4rem 1.2rem rgba(0,0,0,0.1);transition-duration:0.3s}.no-touch .layout_11618 .w-grid-item-h:hover{box-shadow:0 0.02rem 0.04rem rgba(0,0,0,0.1),0 0.07rem 0.2rem rgba(0,0,0,0.15);z-index:4}.layout_11618 .usg_post_title_1{color:#ffffff!important;font-size:1.4rem!important;font-weight:700!important}.layout_11618 .usg_vwrapper_1{background:#008F4C!important}.layout_11618 .usg_hwrapper_1{padding:3% 6% 6% 6%!important}<\/style><div class=\"w-grid-list\">\t<article class=\"w-grid-item size_1x1 post-14215 ba-zerbitzua type-ba-zerbitzua status-publish has-post-thumbnail hentry\" data-id=\"14215\">\r\n\t\t<div class=\"w-grid-item-h\">\r\n\t\t\t\t\t\t<div class=\"w-vwrapper usg_vwrapper_1 align_none valign_top\" style=\"--vwrapper-gap:0.7rem\"><div class=\"w-post-elm post_image usg_post_image_1 has_ratio\"><a href=\"https:\/\/basaburua.eus\/es\/ba-zerbitzua\/amezti-eus\/\" aria-label=\"Asociaci\u00f3n cultural Ametza\"><img loading=\"lazy\" decoding=\"async\" width=\"268\" height=\"160\" src=\"https:\/\/basaburua.eus\/wp-content\/uploads\/2025\/12\/amezti-3.png\" class=\"attachment-large size-large wp-post-image\" alt=\"\" \/><\/a><div style=\"padding-bottom:56.25%\"><\/div><\/div><div class=\"w-hwrapper usg_hwrapper_1 align_none valign_top\" style=\"--hwrapper-gap:0rem\"><h3 class=\"w-post-elm post_title usg_post_title_1 has_text_color entry-title color_link_inherit\"><a href=\"https:\/\/basaburua.eus\/es\/ba-zerbitzua\/amezti-eus\/\">Asociaci\u00f3n cultural Ametza<\/a><\/h3><\/div><\/div>\t\t<\/div>\r\n\t\t\t<\/article>\r\n\t<article class=\"w-grid-item size_1x1 post-14240 ba-zerbitzua type-ba-zerbitzua status-publish has-post-thumbnail hentry\" data-id=\"14240\">\r\n\t\t<div class=\"w-grid-item-h\">\r\n\t\t\t\t\t\t<div class=\"w-vwrapper usg_vwrapper_1 align_none valign_top\" style=\"--vwrapper-gap:0.7rem\"><div class=\"w-post-elm post_image usg_post_image_1 has_ratio\"><a href=\"https:\/\/basaburua.eus\/es\/ba-zerbitzua\/asociacion-de-cazadores-basabila\/\" aria-label=\"Asociaci\u00f3n de cazadores Basabila\"><img loading=\"lazy\" decoding=\"async\" width=\"500\" height=\"500\" src=\"https:\/\/basaburua.eus\/wp-content\/uploads\/2025\/12\/iratzea-500x500-1.jpg\" class=\"attachment-large size-large wp-post-image\" alt=\"\" \/><\/a><div style=\"padding-bottom:56.25%\"><\/div><\/div><div class=\"w-hwrapper usg_hwrapper_1 align_none valign_top\" style=\"--hwrapper-gap:0rem\"><h3 class=\"w-post-elm post_title usg_post_title_1 has_text_color entry-title color_link_inherit\"><a href=\"https:\/\/basaburua.eus\/es\/ba-zerbitzua\/asociacion-de-cazadores-basabila\/\">Asociaci\u00f3n de cazadores Basabila<\/a><\/h3><\/div><\/div>\t\t<\/div>\r\n\t\t\t<\/article>\r\n\t<article class=\"w-grid-item size_1x1 post-14244 ba-zerbitzua type-ba-zerbitzua status-publish has-post-thumbnail hentry\" data-id=\"14244\">\r\n\t\t<div class=\"w-grid-item-h\">\r\n\t\t\t\t\t\t<div class=\"w-vwrapper usg_vwrapper_1 align_none valign_top\" style=\"--vwrapper-gap:0.7rem\"><div class=\"w-post-elm post_image usg_post_image_1 has_ratio\"><a href=\"https:\/\/basaburua.eus\/es\/ba-zerbitzua\/basaburuko-basandereok\/\" aria-label=\"Basaburuko basandereok\"><img loading=\"lazy\" decoding=\"async\" width=\"500\" height=\"500\" src=\"https:\/\/basaburua.eus\/wp-content\/uploads\/2025\/12\/emakumeen_omenez-500x500-1.jpg\" class=\"attachment-large size-large wp-post-image\" alt=\"\" \/><\/a><div style=\"padding-bottom:56.25%\"><\/div><\/div><div class=\"w-hwrapper usg_hwrapper_1 align_none valign_top\" style=\"--hwrapper-gap:0rem\"><h3 class=\"w-post-elm post_title usg_post_title_1 has_text_color entry-title color_link_inherit\"><a href=\"https:\/\/basaburua.eus\/es\/ba-zerbitzua\/basaburuko-basandereok\/\">Basaburuko basandereok<\/a><\/h3><\/div><\/div>\t\t<\/div>\r\n\t\t\t<\/article>\r\n\t<article class=\"w-grid-item size_1x1 post-14213 ba-zerbitzua type-ba-zerbitzua status-publish has-post-thumbnail hentry\" data-id=\"14213\">\r\n\t\t<div class=\"w-grid-item-h\">\r\n\t\t\t\t\t\t<div class=\"w-vwrapper usg_vwrapper_1 align_none valign_top\" style=\"--vwrapper-gap:0.7rem\"><div class=\"w-post-elm post_image usg_post_image_1 has_ratio\"><a href=\"https:\/\/basaburua.eus\/es\/ba-zerbitzua\/cederna-garalur-agencia-de-desarrollo\/\" aria-label=\"Cederna Garalur agencia de desarrollo\"><img loading=\"lazy\" decoding=\"async\" width=\"250\" height=\"129\" src=\"https:\/\/basaburua.eus\/wp-content\/uploads\/2018\/10\/logo_cederna_hor_250x129.jpg\" class=\"attachment-large size-large wp-post-image\" alt=\"\" \/><\/a><div style=\"padding-bottom:56.25%\"><\/div><\/div><div class=\"w-hwrapper usg_hwrapper_1 align_none valign_top\" style=\"--hwrapper-gap:0rem\"><h3 class=\"w-post-elm post_title usg_post_title_1 has_text_color entry-title color_link_inherit\"><a href=\"https:\/\/basaburua.eus\/es\/ba-zerbitzua\/cederna-garalur-agencia-de-desarrollo\/\">Cederna Garalur agencia de desarrollo<\/a><\/h3><\/div><\/div>\t\t<\/div>\r\n\t\t\t<\/article>\r\n\t<article class=\"w-grid-item size_1x1 post-14204 ba-zerbitzua type-ba-zerbitzua status-publish has-post-thumbnail hentry\" data-id=\"14204\">\r\n\t\t<div class=\"w-grid-item-h\">\r\n\t\t\t\t\t\t<div class=\"w-vwrapper usg_vwrapper_1 align_none valign_top\" style=\"--vwrapper-gap:0.7rem\"><div class=\"w-post-elm post_image usg_post_image_1 has_ratio\"><a href=\"https:\/\/basaburua.eus\/es\/ba-zerbitzua\/centro-de-salud\/\" aria-label=\"Centro de Salud\"><img loading=\"lazy\" decoding=\"async\" width=\"500\" height=\"333\" src=\"https:\/\/basaburua.eus\/wp-content\/uploads\/2018\/08\/kontsultorioa-500.jpg\" class=\"attachment-large size-large wp-post-image\" alt=\"\" \/><\/a><div style=\"padding-bottom:56.25%\"><\/div><\/div><div class=\"w-hwrapper usg_hwrapper_1 align_none valign_top\" style=\"--hwrapper-gap:0rem\"><h3 class=\"w-post-elm post_title usg_post_title_1 has_text_color entry-title color_link_inherit\"><a href=\"https:\/\/basaburua.eus\/es\/ba-zerbitzua\/centro-de-salud\/\">Centro de Salud<\/a><\/h3><\/div><\/div>\t\t<\/div>\r\n\t\t\t<\/article>\r\n\t<article class=\"w-grid-item size_1x1 post-14209 ba-zerbitzua type-ba-zerbitzua status-publish has-post-thumbnail hentry\" data-id=\"14209\">\r\n\t\t<div class=\"w-grid-item-h\">\r\n\t\t\t\t\t\t<div class=\"w-vwrapper usg_vwrapper_1 align_none valign_top\" style=\"--vwrapper-gap:0.7rem\"><div class=\"w-post-elm post_image usg_post_image_1 has_ratio\"><a href=\"https:\/\/basaburua.eus\/es\/ba-zerbitzua\/escuela-de-musika-aralar\/\" aria-label=\"Escuela de musika Aralar\"><img loading=\"lazy\" decoding=\"async\" width=\"225\" height=\"225\" src=\"https:\/\/basaburua.eus\/wp-content\/uploads\/2025\/12\/images-1.png\" class=\"attachment-large size-large wp-post-image\" alt=\"\" \/><\/a><div style=\"padding-bottom:56.25%\"><\/div><\/div><div class=\"w-hwrapper usg_hwrapper_1 align_none valign_top\" style=\"--hwrapper-gap:0rem\"><h3 class=\"w-post-elm post_title usg_post_title_1 has_text_color entry-title color_link_inherit\"><a href=\"https:\/\/basaburua.eus\/es\/ba-zerbitzua\/escuela-de-musika-aralar\/\">Escuela de musika Aralar<\/a><\/h3><\/div><\/div>\t\t<\/div>\r\n\t\t\t<\/article>\r\n\t<article class=\"w-grid-item size_1x1 post-13696 ba-zerbitzua type-ba-zerbitzua status-publish has-post-thumbnail hentry\" data-id=\"13696\">\r\n\t\t<div class=\"w-grid-item-h\">\r\n\t\t\t\t\t\t<div class=\"w-vwrapper usg_vwrapper_1 align_none valign_top\" style=\"--vwrapper-gap:0.7rem\"><div class=\"w-post-elm post_image usg_post_image_1 has_ratio\"><a href=\"https:\/\/basaburua.eus\/es\/ba-zerbitzua\/guarderia\/\" aria-label=\"Escuela infantil\"><img loading=\"lazy\" decoding=\"async\" width=\"600\" height=\"337\" src=\"https:\/\/basaburua.eus\/wp-content\/uploads\/2025\/07\/haur-eskola.png\" class=\"attachment-large size-large wp-post-image\" alt=\"\" \/><\/a><div style=\"padding-bottom:56.25%\"><\/div><\/div><div class=\"w-hwrapper usg_hwrapper_1 align_none valign_top\" style=\"--hwrapper-gap:0rem\"><h3 class=\"w-post-elm post_title usg_post_title_1 has_text_color entry-title color_link_inherit\"><a href=\"https:\/\/basaburua.eus\/es\/ba-zerbitzua\/guarderia\/\">Escuela infantil<\/a><\/h3><\/div><\/div>\t\t<\/div>\r\n\t\t\t<\/article>\r\n\t<article class=\"w-grid-item size_1x1 post-14190 ba-zerbitzua type-ba-zerbitzua status-publish has-post-thumbnail hentry\" data-id=\"14190\">\r\n\t\t<div class=\"w-grid-item-h\">\r\n\t\t\t\t\t\t<div class=\"w-vwrapper usg_vwrapper_1 align_none valign_top\" style=\"--vwrapper-gap:0.7rem\"><div class=\"w-post-elm post_image usg_post_image_1 has_ratio\"><a href=\"https:\/\/basaburua.eus\/es\/ba-zerbitzua\/escuela-oihanzabal\/\" aria-label=\"Escuela Oihanzabal\"><img loading=\"lazy\" decoding=\"async\" width=\"496\" height=\"359\" src=\"https:\/\/basaburua.eus\/wp-content\/uploads\/2017\/03\/eskola_400.png\" class=\"attachment-large size-large wp-post-image\" alt=\"\" \/><\/a><div style=\"padding-bottom:56.25%\"><\/div><\/div><div class=\"w-hwrapper usg_hwrapper_1 align_none valign_top\" style=\"--hwrapper-gap:0rem\"><h3 class=\"w-post-elm post_title usg_post_title_1 has_text_color entry-title color_link_inherit\"><a href=\"https:\/\/basaburua.eus\/es\/ba-zerbitzua\/escuela-oihanzabal\/\">Escuela Oihanzabal<\/a><\/h3><\/div><\/div>\t\t<\/div>\r\n\t\t\t<\/article>\r\n\t<article class=\"w-grid-item size_1x1 post-13695 ba-zerbitzua type-ba-zerbitzua status-publish has-post-thumbnail hentry\" data-id=\"13695\">\r\n\t\t<div class=\"w-grid-item-h\">\r\n\t\t\t\t\t\t<div class=\"w-vwrapper usg_vwrapper_1 align_none valign_top\" style=\"--vwrapper-gap:0.7rem\"><div class=\"w-post-elm post_image usg_post_image_1 has_ratio\"><a href=\"https:\/\/basaburua.eus\/es\/ba-zerbitzua\/instalaciones-deportivas\/\" aria-label=\"Instalaciones deportivas\"><img loading=\"lazy\" decoding=\"async\" width=\"600\" height=\"337\" src=\"https:\/\/basaburua.eus\/wp-content\/uploads\/2025\/07\/kirol-zerbitzua.png\" class=\"attachment-large size-large wp-post-image\" alt=\"\" \/><\/a><div style=\"padding-bottom:56.25%\"><\/div><\/div><div class=\"w-hwrapper usg_hwrapper_1 align_none valign_top\" style=\"--hwrapper-gap:0rem\"><h3 class=\"w-post-elm post_title usg_post_title_1 has_text_color entry-title color_link_inherit\"><a href=\"https:\/\/basaburua.eus\/es\/ba-zerbitzua\/instalaciones-deportivas\/\">Instalaciones deportivas<\/a><\/h3><\/div><\/div>\t\t<\/div>\r\n\t\t\t<\/article>\r\n\t<article class=\"w-grid-item size_1x1 post-13698 ba-zerbitzua type-ba-zerbitzua status-publish has-post-thumbnail hentry\" data-id=\"13698\">\r\n\t\t<div class=\"w-grid-item-h\">\r\n\t\t\t\t\t\t<div class=\"w-vwrapper usg_vwrapper_1 align_none valign_top\" style=\"--vwrapper-gap:0.7rem\"><div class=\"w-post-elm post_image usg_post_image_1 has_ratio\"><a href=\"https:\/\/basaburua.eus\/es\/ba-zerbitzua\/servicio-de-euskara\/\" aria-label=\"Servicio de euskara\"><img loading=\"lazy\" decoding=\"async\" width=\"600\" height=\"337\" src=\"https:\/\/basaburua.eus\/wp-content\/uploads\/2025\/07\/EUSKARA.png\" class=\"attachment-large size-large wp-post-image\" alt=\"\" \/><\/a><div style=\"padding-bottom:56.25%\"><\/div><\/div><div class=\"w-hwrapper usg_hwrapper_1 align_none valign_top\" style=\"--hwrapper-gap:0rem\"><h3 class=\"w-post-elm post_title usg_post_title_1 has_text_color entry-title color_link_inherit\"><a href=\"https:\/\/basaburua.eus\/es\/ba-zerbitzua\/servicio-de-euskara\/\">Servicio de euskara<\/a><\/h3><\/div><\/div>\t\t<\/div>\r\n\t\t\t<\/article>\r\n\t<article class=\"w-grid-item size_1x1 post-13697 ba-zerbitzua type-ba-zerbitzua status-publish has-post-thumbnail hentry\" data-id=\"13697\">\r\n\t\t<div class=\"w-grid-item-h\">\r\n\t\t\t\t\t\t<div class=\"w-vwrapper usg_vwrapper_1 align_none valign_top\" style=\"--vwrapper-gap:0.7rem\"><div class=\"w-post-elm post_image usg_post_image_1 has_ratio\"><a href=\"https:\/\/basaburua.eus\/es\/ba-zerbitzua\/servicio-de-igualdad\/\" aria-label=\"Servicio de igualdad\"><img loading=\"lazy\" decoding=\"async\" width=\"600\" height=\"337\" src=\"https:\/\/basaburua.eus\/wp-content\/uploads\/2025\/07\/berdintasuna.png\" class=\"attachment-large size-large wp-post-image\" alt=\"\" \/><\/a><div style=\"padding-bottom:56.25%\"><\/div><\/div><div class=\"w-hwrapper usg_hwrapper_1 align_none valign_top\" style=\"--hwrapper-gap:0rem\"><h3 class=\"w-post-elm post_title usg_post_title_1 has_text_color entry-title color_link_inherit\"><a href=\"https:\/\/basaburua.eus\/es\/ba-zerbitzua\/servicio-de-igualdad\/\">Servicio de igualdad<\/a><\/h3><\/div><\/div>\t\t<\/div>\r\n\t\t\t<\/article>\r\n\t<article class=\"w-grid-item size_1x1 post-13699 ba-zerbitzua type-ba-zerbitzua status-publish has-post-thumbnail hentry\" data-id=\"13699\">\r\n\t\t<div class=\"w-grid-item-h\">\r\n\t\t\t\t\t\t<div class=\"w-vwrapper usg_vwrapper_1 align_none valign_top\" style=\"--vwrapper-gap:0.7rem\"><div class=\"w-post-elm post_image usg_post_image_1 has_ratio\"><a href=\"https:\/\/basaburua.eus\/es\/ba-zerbitzua\/servicio-social\/\" aria-label=\"Servicio social\"><img loading=\"lazy\" decoding=\"async\" width=\"600\" height=\"337\" src=\"https:\/\/basaburua.eus\/wp-content\/uploads\/2025\/07\/gizarte-zerbitzuak.png\" class=\"attachment-large size-large wp-post-image\" alt=\"\" \/><\/a><div style=\"padding-bottom:56.25%\"><\/div><\/div><div class=\"w-hwrapper usg_hwrapper_1 align_none valign_top\" style=\"--hwrapper-gap:0rem\"><h3 class=\"w-post-elm post_title usg_post_title_1 has_text_color entry-title color_link_inherit\"><a href=\"https:\/\/basaburua.eus\/es\/ba-zerbitzua\/servicio-social\/\">Servicio social<\/a><\/h3><\/div><\/div>\t\t<\/div>\r\n\t\t\t<\/article>\r\n<\/div>\t<div class=\"w-grid-preloader\">\r\n\t\t<div class=\"g-preloader type_1\">\r\n\t\t\t<div><\/div>\r\n\t\t<\/div>\r\n\t<\/div>\r\n\t\t<div class=\"w-grid-json hidden\" onclick='return {&quot;action&quot;:&quot;us_ajax_grid&quot;,&quot;infinite_scroll&quot;:0,&quot;max_num_pages&quot;:1,&quot;pagination&quot;:&quot;none&quot;,&quot;template_vars&quot;:{&quot;columns&quot;:&quot;4&quot;,&quot;exclude_items&quot;:&quot;none&quot;,&quot;img_size&quot;:&quot;default&quot;,&quot;ignore_items_size&quot;:0,&quot;items_layout&quot;:&quot;11618&quot;,&quot;items_offset&quot;:&quot;1&quot;,&quot;load_animation&quot;:&quot;none&quot;,&quot;overriding_link&quot;:&quot;%7B%22url%22%3A%22%22%7D&quot;,&quot;post_id&quot;:0,&quot;query_args&quot;:{&quot;post_type&quot;:[&quot;ba-zerbitzua&quot;],&quot;post_status&quot;:[&quot;publish&quot;,&quot;acf-disabled&quot;],&quot;posts_per_page&quot;:&quot;15&quot;},&quot;orderby_query_args&quot;:{&quot;orderby&quot;:{&quot;title&quot;:&quot;ASC&quot;},&quot;order&quot;:&quot;ASC&quot;},&quot;type&quot;:&quot;grid&quot;,&quot;us_grid_post_type&quot;:&quot;ba-zerbitzua&quot;,&quot;us_grid_ajax_index&quot;:1,&quot;us_grid_filter_query_string&quot;:null,&quot;us_grid_index&quot;:1,&quot;page_args&quot;:[],&quot;lang&quot;:&quot;es&quot;}}'><\/div>\r\n\t<\/div><\/div><\/div><\/div><\/div><\/section>\n","protected":false},"excerpt":{"rendered":"Presentaci\u00f3n El Servicio Social B\u00e1sico es un servicio p\u00fablico y comunitario, de car\u00e1cter social, cuyo objetivo es mejorar la calidad de vida de los habitantes de las comarcas que forman la Mancomunidad (Anue, Atez, Odieta, Ultzama, Lantz y Basaburua), trabajando a trav\u00e9s de la prevenci\u00f3n y adoptando medidas para ayudar a las personas a resolver...","protected":false},"author":15,"featured_media":0,"parent":13666,"menu_order":0,"comment_status":"closed","ping_status":"closed","template":"","meta":{"_acf_changed":false,"footnotes":""},"class_list":["post-13681","page","type-page","status-publish","hentry"],"acf":[],"_links":{"self":[{"href":"https:\/\/basaburua.eus\/es\/wp-json\/wp\/v2\/pages\/13681","targetHints":{"allow":["GET"]}}],"collection":[{"href":"https:\/\/basaburua.eus\/es\/wp-json\/wp\/v2\/pages"}],"about":[{"href":"https:\/\/basaburua.eus\/es\/wp-json\/wp\/v2\/types\/page"}],"author":[{"embeddable":true,"href":"https:\/\/basaburua.eus\/es\/wp-json\/wp\/v2\/users\/15"}],"replies":[{"embeddable":true,"href":"https:\/\/basaburua.eus\/es\/wp-json\/wp\/v2\/comments?post=13681"}],"version-history":[{"count":3,"href":"https:\/\/basaburua.eus\/es\/wp-json\/wp\/v2\/pages\/13681\/revisions"}],"predecessor-version":[{"id":14235,"href":"https:\/\/basaburua.eus\/es\/wp-json\/wp\/v2\/pages\/13681\/revisions\/14235"}],"up":[{"embeddable":true,"href":"https:\/\/basaburua.eus\/es\/wp-json\/wp\/v2\/pages\/13666"}],"wp:attachment":[{"href":"https:\/\/basaburua.eus\/es\/wp-json\/wp\/v2\/media?parent=13681"}],"curies":[{"name":"wp","href":"https:\/\/api.w.org\/{rel}","templated":true}]}}