{"id":13678,"date":"2025-07-15T12:26:45","date_gmt":"2025-07-15T11:26:45","guid":{"rendered":"https:\/\/basaburua.eus\/?page_id=13678"},"modified":"2025-11-06T12:49:43","modified_gmt":"2025-11-06T11:49:43","slug":"corporacion","status":"publish","type":"page","link":"https:\/\/basaburua.eus\/es\/ayuntamiento-abierto\/corporacion\/","title":{"rendered":"Corporaci\u00f3n"},"content":{"rendered":"<section class=\"l-section wpb_row height_medium\"><div class=\"l-section-h i-cf\"><div class=\"g-cols vc_row via_grid cols_1 laptops-cols_inherit tablets-cols_inherit mobiles-cols_1 valign_top type_default stacking_default\"><div class=\"wpb_column vc_column_container\"><div class=\"vc_column-inner\"><div class=\"g-cols wpb_row via_grid cols_2-1 laptops-cols_inherit tablets-cols_inherit mobiles-cols_1 valign_top type_default stacking_default\" style=\"--columns-gap:3rem;\"><div class=\"wpb_column vc_column_container\"><div class=\"vc_column-inner\"><h4 class=\"w-text\"><span class=\"w-text-h\"><span class=\"w-text-value\">Organizaci\u00f3n municipal<\/span><\/span><\/h4><div class=\"wpb_text_column\"><div class=\"wpb_wrapper\"><p><strong>Bienvenida\/o a Basaburua,<\/strong><\/p>\n<p>La corporaci\u00f3n del Ayuntamiento de Basaburua os da la bienvenida a la p\u00e1gina web del Ayuntamiento de Basaburua.<\/p>\n<p>Nuestra intenci\u00f3n es que tengas una relaci\u00f3n cercana y las puertas abiertas del ayuntamiento, pero si prefieres la comodidad digital te ofrecemos este recurso para que en esta p\u00e1gina encuentres informaci\u00f3n sobre el valle, el ayuntamiento y otros servicios de Basaburua.<\/p>\n<p>Tambi\u00e9n pensando en las personas que nos visitan disponemos de informaci\u00f3n para dar a conocer el valle, los concejos, costumbres, rutas, noticias, etc.<\/p>\n<p>Basaburua es un valle euskald\u00fan rico en tradiciones, naturaleza, gastronom\u00eda, etc.<\/p>\n<p><strong>Conoce y disfr\u00fatalo<\/strong><\/p>\n<\/div><\/div><\/div><\/div><div class=\"wpb_column vc_column_container\"><div class=\"vc_column-inner\"><div class=\"w-vwrapper align_none valign_top\" style=\"--vwrapper-gap:0.7rem\"><div class=\"w-image has_ratio align_none\"><div class=\"w-image-h\"><div style=\"padding-bottom:100%\"><\/div><img decoding=\"async\" width=\"2000\" height=\"1500\" src=\"https:\/\/basaburua.eus\/wp-content\/uploads\/2025\/06\/Basaburua-anagrama.png\" class=\"attachment-full size-full\" alt=\"\" loading=\"lazy\" \/><\/div><\/div><h5 class=\"w-text us_custom_b91424ac\"><span class=\"w-text-h\"><span class=\"w-text-value\">Santos Etxegia Oronoz<\/span><\/span><\/h5><p class=\"w-text\"><span class=\"w-text-h\"><span class=\"w-text-value\">ALCALDE \/ Urbanismo, Desarrollo, Concejos<\/span><\/span><\/p><div class=\"w-socials color_link shape_rounded style_colored hover_fade\" style=\"--gap:0.1em;\"><div class=\"w-socials-list\"><div class=\"w-socials-item email\"><a href=\"#\" class=\"w-socials-item-link\" aria-label=\"Correo electr\u00f3nico\"><span class=\"w-socials-item-link-hover\"><\/span><i class=\"fas fa-envelope\"><\/i><\/a><div class=\"w-socials-item-popup\"><span>Correo electr\u00f3nico<\/span><\/div><\/div><div class=\"w-socials-item facebook\"><a href=\"https:\/\/www.facebook.com\/\" class=\"w-socials-item-link\" aria-label=\"Facebook\"><span class=\"w-socials-item-link-hover\"><\/span><i class=\"fab fa-facebook\"><\/i><\/a><div class=\"w-socials-item-popup\"><span>Facebook<\/span><\/div><\/div><\/div><\/div><\/div><\/div><\/div><\/div><div class=\"w-separator size_medium\"><\/div><div class=\"g-cols wpb_row via_grid cols_3 laptops-cols_inherit tablets-cols_inherit mobiles-cols_1 valign_top type_default stacking_default\" style=\"--columns-gap:3rem;\"><div class=\"wpb_column vc_column_container\"><div class=\"vc_column-inner\"><div class=\"w-vwrapper align_none valign_top\" style=\"--vwrapper-gap:0.7rem\"><div class=\"w-image hide_on_default hide_on_laptops hide_on_tablets hide_on_mobiles has_ratio align_none\"><div class=\"w-image-h\"><div style=\"padding-bottom:100%\"><\/div><img decoding=\"async\" class=\"g-placeholder\" src=\"https:\/\/basaburua.eus\/wp-content\/plugins\/us-core\/assets\/images\/placeholder.svg\" width=\"\" height=\"\" alt><\/div><\/div><h5 class=\"w-text us_custom_b91424ac\"><span class=\"w-text-h\"><span class=\"w-text-value\">Julen Beunza Arano<\/span><\/span><\/h5><p class=\"w-text\"><span class=\"w-text-h\"><span class=\"w-text-value\">TENIENTE ALCALDE \/ Comunicaci\u00f3n<\/span><\/span><\/p><\/div><\/div><\/div><div class=\"wpb_column vc_column_container\"><div class=\"vc_column-inner\"><div class=\"w-vwrapper align_none valign_top\" style=\"--vwrapper-gap:0.7rem\"><div class=\"w-image hide_on_default hide_on_laptops hide_on_tablets hide_on_mobiles has_ratio align_none\"><div class=\"w-image-h\"><div style=\"padding-bottom:100%\"><\/div><img decoding=\"async\" class=\"g-placeholder\" src=\"https:\/\/basaburua.eus\/wp-content\/plugins\/us-core\/assets\/images\/placeholder.svg\" width=\"\" height=\"\" alt><\/div><\/div><h5 class=\"w-text us_custom_b91424ac\"><span class=\"w-text-h\"><span class=\"w-text-value\">Alaia Etayo Oronoz<\/span><\/span><\/h5><p class=\"w-text\"><span class=\"w-text-h\"><span class=\"w-text-value\">CONCEJAL \/ Educaci\u00f3n<\/span><\/span><\/p><\/div><\/div><\/div><div class=\"wpb_column vc_column_container\"><div class=\"vc_column-inner\"><div class=\"w-vwrapper align_none valign_top\" style=\"--vwrapper-gap:0.7rem\"><div class=\"w-image hide_on_default hide_on_laptops hide_on_tablets hide_on_mobiles has_ratio align_none\"><div class=\"w-image-h\"><div style=\"padding-bottom:100%\"><\/div><img decoding=\"async\" class=\"g-placeholder\" src=\"https:\/\/basaburua.eus\/wp-content\/plugins\/us-core\/assets\/images\/placeholder.svg\" width=\"\" height=\"\" alt><\/div><\/div><h5 class=\"w-text us_custom_b91424ac\"><span class=\"w-text-h\"><span class=\"w-text-value\">Jose Javier Auza Alsua<\/span><\/span><\/h5><p class=\"w-text\"><span class=\"w-text-h\"><span class=\"w-text-value\">CONCEJAL \/ Deportes<\/span><\/span><\/p><\/div><\/div><\/div><\/div><div class=\"w-separator size_medium\"><\/div><div class=\"g-cols wpb_row via_grid cols_3 laptops-cols_inherit tablets-cols_inherit mobiles-cols_1 valign_top type_default stacking_default\" style=\"--columns-gap:3rem;\"><div class=\"wpb_column vc_column_container\"><div class=\"vc_column-inner\"><div class=\"w-vwrapper align_none valign_top\" style=\"--vwrapper-gap:0.7rem\"><div class=\"w-image hide_on_default hide_on_laptops hide_on_tablets hide_on_mobiles has_ratio align_none\"><div class=\"w-image-h\"><div style=\"padding-bottom:100%\"><\/div><img decoding=\"async\" class=\"g-placeholder\" src=\"https:\/\/basaburua.eus\/wp-content\/plugins\/us-core\/assets\/images\/placeholder.svg\" width=\"\" height=\"\" alt><\/div><\/div><h5 class=\"w-text us_custom_b91424ac\"><span class=\"w-text-h\"><span class=\"w-text-value\">Micaela Elizalde Elizalde<\/span><\/span><\/h5><p class=\"w-text\"><span class=\"w-text-h\"><span class=\"w-text-value\">CONCEJAL \/ Hacienda<\/span><\/span><\/p><\/div><\/div><\/div><div class=\"wpb_column vc_column_container\"><div class=\"vc_column-inner\"><div class=\"w-vwrapper align_none valign_top\" style=\"--vwrapper-gap:0.7rem\"><div class=\"w-image hide_on_default hide_on_laptops hide_on_tablets hide_on_mobiles has_ratio align_none\"><div class=\"w-image-h\"><div style=\"padding-bottom:100%\"><\/div><img decoding=\"async\" class=\"g-placeholder\" src=\"https:\/\/basaburua.eus\/wp-content\/plugins\/us-core\/assets\/images\/placeholder.svg\" width=\"\" height=\"\" alt><\/div><\/div><h5 class=\"w-text us_custom_b91424ac\"><span class=\"w-text-h\"><span class=\"w-text-value\">Iker Isiegas Garisoain<\/span><\/span><\/h5><p class=\"w-text\"><span class=\"w-text-h\"><span class=\"w-text-value\">CONCEJAL \/ Cultura<\/span><\/span><\/p><\/div><\/div><\/div><div class=\"wpb_column vc_column_container\"><div class=\"vc_column-inner\"><div class=\"w-vwrapper align_none valign_top\" style=\"--vwrapper-gap:0.7rem\"><div class=\"w-image hide_on_default hide_on_laptops hide_on_tablets hide_on_mobiles has_ratio align_none\"><div class=\"w-image-h\"><div style=\"padding-bottom:100%\"><\/div><img decoding=\"async\" class=\"g-placeholder\" src=\"https:\/\/basaburua.eus\/wp-content\/plugins\/us-core\/assets\/images\/placeholder.svg\" width=\"\" height=\"\" alt><\/div><\/div><h5 class=\"w-text us_custom_b91424ac\"><span class=\"w-text-h\"><span class=\"w-text-value\">Marimar Ansorena Sala<\/span><\/span><\/h5><p class=\"w-text\"><span class=\"w-text-h\"><span class=\"w-text-value\">CONCEJAL \/ Pol\u00edticas sociales<\/span><\/span><\/p><\/div><\/div><\/div><\/div><\/div><\/div><\/div><\/div><\/section>\n","protected":false},"excerpt":{"rendered":"Organizaci\u00f3n municipalBienvenida\/o a Basaburua, La corporaci\u00f3n del Ayuntamiento de Basaburua os da la bienvenida a la p\u00e1gina web del Ayuntamiento de Basaburua. Nuestra intenci\u00f3n es que tengas una relaci\u00f3n cercana y las puertas abiertas del ayuntamiento, pero si prefieres la comodidad digital te ofrecemos este recurso para que en esta p\u00e1gina encuentres informaci\u00f3n sobre el...","protected":false},"author":15,"featured_media":0,"parent":13666,"menu_order":0,"comment_status":"closed","ping_status":"closed","template":"","meta":{"_acf_changed":false,"footnotes":""},"class_list":["post-13678","page","type-page","status-publish","hentry"],"acf":[],"_links":{"self":[{"href":"https:\/\/basaburua.eus\/es\/wp-json\/wp\/v2\/pages\/13678","targetHints":{"allow":["GET"]}}],"collection":[{"href":"https:\/\/basaburua.eus\/es\/wp-json\/wp\/v2\/pages"}],"about":[{"href":"https:\/\/basaburua.eus\/es\/wp-json\/wp\/v2\/types\/page"}],"author":[{"embeddable":true,"href":"https:\/\/basaburua.eus\/es\/wp-json\/wp\/v2\/users\/15"}],"replies":[{"embeddable":true,"href":"https:\/\/basaburua.eus\/es\/wp-json\/wp\/v2\/comments?post=13678"}],"version-history":[{"count":8,"href":"https:\/\/basaburua.eus\/es\/wp-json\/wp\/v2\/pages\/13678\/revisions"}],"predecessor-version":[{"id":13926,"href":"https:\/\/basaburua.eus\/es\/wp-json\/wp\/v2\/pages\/13678\/revisions\/13926"}],"up":[{"embeddable":true,"href":"https:\/\/basaburua.eus\/es\/wp-json\/wp\/v2\/pages\/13666"}],"wp:attachment":[{"href":"https:\/\/basaburua.eus\/es\/wp-json\/wp\/v2\/media?parent=13678"}],"curies":[{"name":"wp","href":"https:\/\/api.w.org\/{rel}","templated":true}]}}