{"id":13675,"date":"2025-07-21T09:46:29","date_gmt":"2025-07-21T08:46:29","guid":{"rendered":"https:\/\/basaburua.eus\/?page_id=13675"},"modified":"2025-10-24T10:43:18","modified_gmt":"2025-10-24T09:43:18","slug":"ordenanzas","status":"publish","type":"page","link":"https:\/\/basaburua.eus\/es\/ayuntamiento-abierto\/documentos-municipales\/ordenanzas\/","title":{"rendered":"Ordenanzas"},"content":{"rendered":"<section class=\"l-section wpb_row height_medium\"><div class=\"l-section-h i-cf\"><div class=\"g-cols vc_row via_grid cols_1 laptops-cols_inherit tablets-cols_inherit mobiles-cols_1 valign_top type_default stacking_default\"><div class=\"wpb_column vc_column_container\"><div class=\"vc_column-inner\"><div class=\"w-grid us_grid type_grid layout_11752 cols_1 pagination_regular preload_style_spinner\" id=\"us_grid_1\" style=\"--columns:1;--gap:1.5rem;\" data-filterable=\"true\"><style>.layout_11752 .w-grid-item-h{}.layout_11752 .usg_post_title_1{font-size:1rem!important;font-weight:700!important}.layout_11752 .usg_post_date_1{color:var(--color-content-faded)!important;font-size:0.8rem!important}<\/style><div class=\"w-grid-list\">\t<article class=\"w-grid-item size_1x1 post-12554 ba-dokumentua type-ba-dokumentua status-publish has-post-thumbnail hentry ba-dokumentua-mota-ordenanzas\" data-id=\"12554\">\r\n\t\t<div class=\"w-grid-item-h\">\r\n\t\t\t\t\t\t<h2 class=\"w-post-elm post_title usg_post_title_1 entry-title color_link_inherit\"><a href=\"https:\/\/basaburua.eus\/es\/ba-dokumentua\/ordenanza-reguladora-de-bonificaciones-en-el-impuesto-de-circulacion-para-vehiculos-historicos\/\">Ordenanza reguladora de bonificaciones en el impuesto de circulaci\u00f3n para veh\u00edculos hist\u00f3ricos<\/a><\/h2><time class=\"w-post-elm post_date usg_post_date_1 has_text_color entry-date published\" datetime=\"2024-02-20T08:43:45+01:00\" title=\"20 febrero 2024 a las 08:43:45 Europe\/Madrid\">20 de febrero de 2024<\/time>\t\t<\/div>\r\n\t\t\t<\/article>\r\n\t<article class=\"w-grid-item size_1x1 post-12524 ba-dokumentua type-ba-dokumentua status-publish has-post-thumbnail hentry ba-dokumentua-mota-ordenanzas\" data-id=\"12524\">\r\n\t\t<div class=\"w-grid-item-h\">\r\n\t\t\t\t\t\t<h2 class=\"w-post-elm post_title usg_post_title_1 entry-title color_link_inherit\"><a href=\"https:\/\/basaburua.eus\/es\/ba-dokumentua\/ordenanza-municipal-reguladora-de-la-utilizacion-del-area-recreativa-basaburuko-pasarelak\/\">Ordenanza municipal reguladora de la utilizaci\u00f3n del \u00e1rea recreativa \u00abBasaburuko pasarelak\u00bb<\/a><\/h2><time class=\"w-post-elm post_date usg_post_date_1 has_text_color entry-date published\" datetime=\"2023-12-01T09:10:25+01:00\" title=\"1 diciembre 2023 a las 09:10:25 Europe\/Madrid\">1 de diciembre de 2023<\/time>\t\t<\/div>\r\n\t\t\t<\/article>\r\n\t<article class=\"w-grid-item size_1x1 post-12518 ba-dokumentua type-ba-dokumentua status-publish has-post-thumbnail hentry ba-dokumentua-mota-ordenanzas\" data-id=\"12518\">\r\n\t\t<div class=\"w-grid-item-h\">\r\n\t\t\t\t\t\t<h2 class=\"w-post-elm post_title usg_post_title_1 entry-title color_link_inherit\"><a href=\"https:\/\/basaburua.eus\/es\/ba-dokumentua\/ordenanza-reguladora-de-bonificaciones-en-el-impuesto-de-circulacion-para-vehiculos-electricos\/\">Ordenanza reguladora de bonificaciones en el impuesto de circulaci\u00f3n para veh\u00edculos el\u00e9ctricos<\/a><\/h2><time class=\"w-post-elm post_date usg_post_date_1 has_text_color entry-date published\" datetime=\"2023-10-19T10:26:24+02:00\" title=\"19 octubre 2023 a las 10:26:24 Europe\/Madrid\">19 de octubre de 2023<\/time>\t\t<\/div>\r\n\t\t\t<\/article>\r\n\t<article class=\"w-grid-item size_1x1 post-12269 ba-dokumentua type-ba-dokumentua status-publish has-post-thumbnail hentry ba-dokumentua-mota-ordenanzas\" data-id=\"12269\">\r\n\t\t<div class=\"w-grid-item-h\">\r\n\t\t\t\t\t\t<h2 class=\"w-post-elm post_title usg_post_title_1 entry-title color_link_inherit\"><a href=\"https:\/\/basaburua.eus\/es\/ba-dokumentua\/ordenanza-reguladora-de-la-utilizacion-de-edificios-locales-instalaciones-y-equipamiento-municipal\/\">Ordenanza reguladora de la utilizaci\u00f3n de edificios, locales, instalaciones y equipamiento municipal<\/a><\/h2><time class=\"w-post-elm post_date usg_post_date_1 has_text_color entry-date published\" datetime=\"2021-03-02T10:46:58+01:00\" title=\"2 marzo 2021 a las 10:46:58 Europe\/Madrid\">2 de marzo de 2021<\/time>\t\t<\/div>\r\n\t\t\t<\/article>\r\n\t<article class=\"w-grid-item size_1x1 post-12203 ba-dokumentua type-ba-dokumentua status-publish has-post-thumbnail hentry ba-dokumentua-mota-ordenanzas\" data-id=\"12203\">\r\n\t\t<div class=\"w-grid-item-h\">\r\n\t\t\t\t\t\t<h2 class=\"w-post-elm post_title usg_post_title_1 entry-title color_link_inherit\"><a href=\"https:\/\/basaburua.eus\/es\/ba-dokumentua\/ordenanza-ayudas-a-la-construccion-y-rehabilitacion-o-reforma-de-edificios-para-uso-residencial\/\">Ordenanza de ayudas a la construcci\u00f3n y rehabilitaci\u00f3n o reforma de edificios para uso residencial.<\/a><\/h2><time class=\"w-post-elm post_date usg_post_date_1 has_text_color entry-date published\" datetime=\"2019-09-19T12:47:07+02:00\" title=\"19 septiembre 2019 a las 12:47:07 Europe\/Madrid\">19 de septiembre de 2019<\/time>\t\t<\/div>\r\n\t\t\t<\/article>\r\n\t<article class=\"w-grid-item size_1x1 post-12194 ba-dokumentua type-ba-dokumentua status-publish has-post-thumbnail hentry ba-dokumentua-mota-ordenanzas\" data-id=\"12194\">\r\n\t\t<div class=\"w-grid-item-h\">\r\n\t\t\t\t\t\t<h2 class=\"w-post-elm post_title usg_post_title_1 entry-title color_link_inherit\"><a href=\"https:\/\/basaburua.eus\/es\/ba-dokumentua\/ordenanza-utilizacion-del-polideportivo-de-jaunsarats\/\">Ordenanza para utilizaci\u00f3n del polideportivo de Jauntsarats<\/a><\/h2><time class=\"w-post-elm post_date usg_post_date_1 has_text_color entry-date published\" datetime=\"2019-09-18T12:00:42+02:00\" title=\"18 septiembre 2019 a las 12:00:42 Europe\/Madrid\">18 de septiembre de 2019<\/time>\t\t<\/div>\r\n\t\t\t<\/article>\r\n\t<article class=\"w-grid-item size_1x1 post-12086 ba-dokumentua type-ba-dokumentua status-publish has-post-thumbnail hentry ba-dokumentua-mota-ordenanzas\" data-id=\"12086\">\r\n\t\t<div class=\"w-grid-item-h\">\r\n\t\t\t\t\t\t<h2 class=\"w-post-elm post_title usg_post_title_1 entry-title color_link_inherit\"><a href=\"https:\/\/basaburua.eus\/es\/ba-dokumentua\/ordenanza-reguladora-del-servicio-de-la-escombrera-municipal\/\">Ordenanza reguladora del servicio de la escombrera municipal<\/a><\/h2><time class=\"w-post-elm post_date usg_post_date_1 has_text_color entry-date published\" datetime=\"2018-09-20T12:58:12+02:00\" title=\"20 septiembre 2018 a las 12:58:12 Europe\/Madrid\">20 de septiembre de 2018<\/time>\t\t<\/div>\r\n\t\t\t<\/article>\r\n\t<article class=\"w-grid-item size_1x1 post-12083 ba-dokumentua type-ba-dokumentua status-publish has-post-thumbnail hentry ba-dokumentua-mota-ordenanzas\" data-id=\"12083\">\r\n\t\t<div class=\"w-grid-item-h\">\r\n\t\t\t\t\t\t<h2 class=\"w-post-elm post_title usg_post_title_1 entry-title color_link_inherit\"><a href=\"https:\/\/basaburua.eus\/es\/ba-dokumentua\/ordenanza-los-epaitz-de-los-y-las-vecinas-de-aizarotz\/\">Ordenanza. Los epaitz de los y las vecinas de Aizarotz.<\/a><\/h2><time class=\"w-post-elm post_date usg_post_date_1 has_text_color entry-date published\" datetime=\"2018-09-20T11:30:12+02:00\" title=\"20 septiembre 2018 a las 11:30:12 Europe\/Madrid\">20 de septiembre de 2018<\/time>\t\t<\/div>\r\n\t\t\t<\/article>\r\n\t<article class=\"w-grid-item size_1x1 post-12080 ba-dokumentua type-ba-dokumentua status-publish has-post-thumbnail hentry ba-dokumentua-mota-ordenanzas\" data-id=\"12080\">\r\n\t\t<div class=\"w-grid-item-h\">\r\n\t\t\t\t\t\t<h2 class=\"w-post-elm post_title usg_post_title_1 entry-title color_link_inherit\"><a href=\"https:\/\/basaburua.eus\/es\/ba-dokumentua\/ordenanza-subvenciones-para-actividades-deportivas\/\">Ordenanza reguladora de subvenciones para actividades deportivas<\/a><\/h2><time class=\"w-post-elm post_date usg_post_date_1 has_text_color entry-date published\" datetime=\"2018-09-19T11:47:23+02:00\" title=\"19 septiembre 2018 a las 11:47:23 Europe\/Madrid\">19 de septiembre de 2018<\/time>\t\t<\/div>\r\n\t\t\t<\/article>\r\n\t<article class=\"w-grid-item size_1x1 post-12077 ba-dokumentua type-ba-dokumentua status-publish has-post-thumbnail hentry ba-dokumentua-mota-ordenanzas\" data-id=\"12077\">\r\n\t\t<div class=\"w-grid-item-h\">\r\n\t\t\t\t\t\t<h2 class=\"w-post-elm post_title usg_post_title_1 entry-title color_link_inherit\"><a href=\"https:\/\/basaburua.eus\/es\/ba-dokumentua\/ordenanza-tarjetas-de-estacionamiento-para-personas-con-discapacidad\/\">Ordenanza. Tarjetas de estacionamiento para personas con discapacidad.<\/a><\/h2><time class=\"w-post-elm post_date usg_post_date_1 has_text_color entry-date published\" datetime=\"2018-09-19T11:04:11+02:00\" title=\"19 septiembre 2018 a las 11:04:11 Europe\/Madrid\">19 de septiembre de 2018<\/time>\t\t<\/div>\r\n\t\t\t<\/article>\r\n\t<article class=\"w-grid-item size_1x1 post-12074 ba-dokumentua type-ba-dokumentua status-publish has-post-thumbnail hentry ba-dokumentua-mota-ordenanzas\" data-id=\"12074\">\r\n\t\t<div class=\"w-grid-item-h\">\r\n\t\t\t\t\t\t<h2 class=\"w-post-elm post_title usg_post_title_1 entry-title color_link_inherit\"><a href=\"https:\/\/basaburua.eus\/es\/ba-dokumentua\/ordenanza-reguladora-senalizacion-establecimientos\/\">Ordenanza Reguladora Se\u00f1alizaci\u00f3n Establecimientos<\/a><\/h2><time class=\"w-post-elm post_date usg_post_date_1 has_text_color entry-date published\" datetime=\"2018-09-19T10:01:56+02:00\" title=\"19 septiembre 2018 a las 10:01:56 Europe\/Madrid\">19 de septiembre de 2018<\/time>\t\t<\/div>\r\n\t\t\t<\/article>\r\n<\/div>\t<div class=\"w-grid-preloader\">\r\n\t\t<div class=\"g-preloader type_1\">\r\n\t\t\t<div><\/div>\r\n\t\t<\/div>\r\n\t<\/div>\r\n\t\t<div class=\"w-grid-json hidden\" onclick='return {&quot;action&quot;:&quot;us_ajax_grid&quot;,&quot;infinite_scroll&quot;:0,&quot;max_num_pages&quot;:1,&quot;pagination&quot;:&quot;regular&quot;,&quot;template_vars&quot;:{&quot;columns&quot;:&quot;1&quot;,&quot;exclude_items&quot;:&quot;none&quot;,&quot;img_size&quot;:&quot;default&quot;,&quot;ignore_items_size&quot;:0,&quot;items_layout&quot;:&quot;11752&quot;,&quot;items_offset&quot;:&quot;1&quot;,&quot;load_animation&quot;:&quot;none&quot;,&quot;overriding_link&quot;:&quot;%7B%22url%22%3A%22%22%7D&quot;,&quot;post_id&quot;:0,&quot;query_args&quot;:{&quot;post_type&quot;:[&quot;ba-dokumentua&quot;],&quot;tax_query&quot;:[{&quot;taxonomy&quot;:&quot;ba-dokumentua-mota&quot;,&quot;field&quot;:&quot;slug&quot;,&quot;terms&quot;:[&quot;ordenanzas&quot;]}],&quot;post_status&quot;:[&quot;publish&quot;,&quot;acf-disabled&quot;],&quot;posts_per_page&quot;:&quot;20&quot;},&quot;orderby_query_args&quot;:{&quot;orderby&quot;:{&quot;date&quot;:&quot;DESC&quot;}},&quot;type&quot;:&quot;grid&quot;,&quot;us_grid_post_type&quot;:&quot;ba-dokumentua&quot;,&quot;us_grid_ajax_index&quot;:1,&quot;us_grid_filter_query_string&quot;:null,&quot;us_grid_index&quot;:1,&quot;page_args&quot;:[],&quot;lang&quot;:&quot;es&quot;}}'><\/div>\r\n\t<\/div><\/div><\/div><\/div><\/div><\/section>\n","protected":false},"excerpt":{"rendered":"","protected":false},"author":15,"featured_media":0,"parent":13670,"menu_order":0,"comment_status":"closed","ping_status":"closed","template":"","meta":{"_acf_changed":false,"footnotes":""},"class_list":["post-13675","page","type-page","status-publish","hentry"],"acf":[],"_links":{"self":[{"href":"https:\/\/basaburua.eus\/es\/wp-json\/wp\/v2\/pages\/13675","targetHints":{"allow":["GET"]}}],"collection":[{"href":"https:\/\/basaburua.eus\/es\/wp-json\/wp\/v2\/pages"}],"about":[{"href":"https:\/\/basaburua.eus\/es\/wp-json\/wp\/v2\/types\/page"}],"author":[{"embeddable":true,"href":"https:\/\/basaburua.eus\/es\/wp-json\/wp\/v2\/users\/15"}],"replies":[{"embeddable":true,"href":"https:\/\/basaburua.eus\/es\/wp-json\/wp\/v2\/comments?post=13675"}],"version-history":[{"count":2,"href":"https:\/\/basaburua.eus\/es\/wp-json\/wp\/v2\/pages\/13675\/revisions"}],"predecessor-version":[{"id":13677,"href":"https:\/\/basaburua.eus\/es\/wp-json\/wp\/v2\/pages\/13675\/revisions\/13677"}],"up":[{"embeddable":true,"href":"https:\/\/basaburua.eus\/es\/wp-json\/wp\/v2\/pages\/13670"}],"wp:attachment":[{"href":"https:\/\/basaburua.eus\/es\/wp-json\/wp\/v2\/media?parent=13675"}],"curies":[{"name":"wp","href":"https:\/\/api.w.org\/{rel}","templated":true}]}}