{"id":13670,"date":"2025-07-15T12:29:52","date_gmt":"2025-07-15T11:29:52","guid":{"rendered":"https:\/\/basaburua.eus\/?page_id=13670"},"modified":"2025-10-24T12:24:44","modified_gmt":"2025-10-24T11:24:44","slug":"documentos-municipales","status":"publish","type":"page","link":"https:\/\/basaburua.eus\/es\/ayuntamiento-abierto\/documentos-municipales\/","title":{"rendered":"Documentos municipales"},"content":{"rendered":"<section class=\"l-section wpb_row height_medium\"><div class=\"l-section-h i-cf\"><div class=\"g-cols vc_row via_grid cols_3 laptops-cols_inherit tablets-cols_inherit mobiles-cols_1 valign_top type_default stacking_default\"><div class=\"wpb_column vc_column_container\"><div class=\"vc_column-inner\"><h4 class=\"w-text\"><span class=\"w-text-h\"><span class=\"w-text-value\">Actas<\/span><\/span><\/h4><div class=\"w-grid us_grid type_grid layout_11752 cols_1 preload_style_spinner\" id=\"us_grid_1\" style=\"--columns:1;--gap:1.5rem;\" data-filterable=\"true\"><style>.layout_11752 .w-grid-item-h{}.layout_11752 .usg_post_title_1{font-size:1rem!important;font-weight:700!important}.layout_11752 .usg_post_date_1{color:var(--color-content-faded)!important;font-size:0.8rem!important}<\/style><div class=\"w-grid-list\">\t<article class=\"w-grid-item size_1x1 post-14615 ba-dokumentua type-ba-dokumentua status-publish has-post-thumbnail hentry ba-dokumentua-mota-actas\" data-id=\"14615\">\r\n\t\t<div class=\"w-grid-item-h\">\r\n\t\t\t\t\t\t<h2 class=\"w-post-elm post_title usg_post_title_1 entry-title color_link_inherit\"><a href=\"https:\/\/basaburua.eus\/es\/ba-dokumentua\/acta-26-02-2026\/\">Acta 26-02-2026<\/a><\/h2><time class=\"w-post-elm post_date usg_post_date_1 has_text_color entry-date published\" datetime=\"2026-04-29T09:36:46+02:00\" title=\"29 abril 2026 a las 09:36:46 Europe\/Madrid\">Hoy a las 09:36<\/time>\t\t<\/div>\r\n\t\t\t<\/article>\r\n\t<article class=\"w-grid-item size_1x1 post-14482 ba-dokumentua type-ba-dokumentua status-publish has-post-thumbnail hentry ba-dokumentua-mota-actas\" data-id=\"14482\">\r\n\t\t<div class=\"w-grid-item-h\">\r\n\t\t\t\t\t\t<h2 class=\"w-post-elm post_title usg_post_title_1 entry-title color_link_inherit\"><a href=\"https:\/\/basaburua.eus\/es\/ba-dokumentua\/acta-28-01-2026\/\">Acta 28-01-2026<\/a><\/h2><time class=\"w-post-elm post_date usg_post_date_1 has_text_color entry-date published\" datetime=\"2026-03-13T10:06:55+01:00\" title=\"13 marzo 2026 a las 10:06:55 Europe\/Madrid\">13 Mar a las 10:06<\/time>\t\t<\/div>\r\n\t\t\t<\/article>\r\n\t<article class=\"w-grid-item size_1x1 post-14401 ba-dokumentua type-ba-dokumentua status-publish has-post-thumbnail hentry ba-dokumentua-mota-actas\" data-id=\"14401\">\r\n\t\t<div class=\"w-grid-item-h\">\r\n\t\t\t\t\t\t<h2 class=\"w-post-elm post_title usg_post_title_1 entry-title color_link_inherit\"><a href=\"https:\/\/basaburua.eus\/es\/ba-dokumentua\/acta-22-12-2025\/\">Acta 22-12-2025<\/a><\/h2><time class=\"w-post-elm post_date usg_post_date_1 has_text_color entry-date published\" datetime=\"2026-02-03T13:57:41+01:00\" title=\"3 febrero 2026 a las 13:57:41 Europe\/Madrid\">3 Feb a las 13:57<\/time>\t\t<\/div>\r\n\t\t\t<\/article>\r\n\t<article class=\"w-grid-item size_1x1 post-14337 ba-dokumentua type-ba-dokumentua status-publish has-post-thumbnail hentry ba-dokumentua-mota-actas\" data-id=\"14337\">\r\n\t\t<div class=\"w-grid-item-h\">\r\n\t\t\t\t\t\t<h2 class=\"w-post-elm post_title usg_post_title_1 entry-title color_link_inherit\"><a href=\"https:\/\/basaburua.eus\/es\/ba-dokumentua\/acta-25-11-2025\/\">Acta 25-11-2025<\/a><\/h2><time class=\"w-post-elm post_date usg_post_date_1 has_text_color entry-date published\" datetime=\"2026-01-07T12:01:53+01:00\" title=\"7 enero 2026 a las 12:01:53 Europe\/Madrid\">7 Ene a las 12:01<\/time>\t\t<\/div>\r\n\t\t\t<\/article>\r\n\t<article class=\"w-grid-item size_1x1 post-14284 ba-dokumentua type-ba-dokumentua status-publish has-post-thumbnail hentry ba-dokumentua-mota-actas\" data-id=\"14284\">\r\n\t\t<div class=\"w-grid-item-h\">\r\n\t\t\t\t\t\t<h2 class=\"w-post-elm post_title usg_post_title_1 entry-title color_link_inherit\"><a href=\"https:\/\/basaburua.eus\/es\/ba-dokumentua\/acta-29-10-2025\/\">Acta 29-10-2025<\/a><\/h2><time class=\"w-post-elm post_date usg_post_date_1 has_text_color entry-date published\" datetime=\"2025-12-15T11:33:53+01:00\" title=\"15 diciembre 2025 a las 11:33:53 Europe\/Madrid\">15 de diciembre de 2025<\/time>\t\t<\/div>\r\n\t\t\t<\/article>\r\n\t<article class=\"w-grid-item size_1x1 post-14280 ba-dokumentua type-ba-dokumentua status-publish has-post-thumbnail hentry ba-dokumentua-mota-actas\" data-id=\"14280\">\r\n\t\t<div class=\"w-grid-item-h\">\r\n\t\t\t\t\t\t<h2 class=\"w-post-elm post_title usg_post_title_1 entry-title color_link_inherit\"><a href=\"https:\/\/basaburua.eus\/es\/ba-dokumentua\/acta-24-09-2025\/\">Acta 24-09-2025<\/a><\/h2><time class=\"w-post-elm post_date usg_post_date_1 has_text_color entry-date published\" datetime=\"2025-12-15T10:27:42+01:00\" title=\"15 diciembre 2025 a las 10:27:42 Europe\/Madrid\">15 de diciembre de 2025<\/time>\t\t<\/div>\r\n\t\t\t<\/article>\r\n\t<article class=\"w-grid-item size_1x1 post-13951 ba-dokumentua type-ba-dokumentua status-publish has-post-thumbnail hentry ba-dokumentua-mota-actas\" data-id=\"13951\">\r\n\t\t<div class=\"w-grid-item-h\">\r\n\t\t\t\t\t\t<h2 class=\"w-post-elm post_title usg_post_title_1 entry-title color_link_inherit\"><a href=\"https:\/\/basaburua.eus\/es\/ba-dokumentua\/acta-27-08-2025\/\">Acta 27-08-2025<\/a><\/h2><time class=\"w-post-elm post_date usg_post_date_1 has_text_color entry-date published\" datetime=\"2025-11-10T10:32:50+01:00\" title=\"10 noviembre 2025 a las 10:32:50 Europe\/Madrid\">10 de noviembre de 2025<\/time>\t\t<\/div>\r\n\t\t\t<\/article>\r\n\t<article class=\"w-grid-item size_1x1 post-13944 ba-dokumentua type-ba-dokumentua status-publish has-post-thumbnail hentry ba-dokumentua-mota-actas\" data-id=\"13944\">\r\n\t\t<div class=\"w-grid-item-h\">\r\n\t\t\t\t\t\t<h2 class=\"w-post-elm post_title usg_post_title_1 entry-title color_link_inherit\"><a href=\"https:\/\/basaburua.eus\/es\/ba-dokumentua\/acta-30-07-2025\/\">Acta 30-07-2025<\/a><\/h2><time class=\"w-post-elm post_date usg_post_date_1 has_text_color entry-date published\" datetime=\"2025-11-10T10:31:04+01:00\" title=\"10 noviembre 2025 a las 10:31:04 Europe\/Madrid\">10 de noviembre de 2025<\/time>\t\t<\/div>\r\n\t\t\t<\/article>\r\n<\/div>\t<div class=\"w-grid-preloader\">\r\n\t\t<div class=\"g-preloader type_1\">\r\n\t\t\t<div><\/div>\r\n\t\t<\/div>\r\n\t<\/div>\r\n\t\t<div class=\"w-grid-json hidden\" onclick='return {&quot;action&quot;:&quot;us_ajax_grid&quot;,&quot;infinite_scroll&quot;:0,&quot;max_num_pages&quot;:10,&quot;pagination&quot;:&quot;none&quot;,&quot;template_vars&quot;:{&quot;columns&quot;:&quot;1&quot;,&quot;exclude_items&quot;:&quot;none&quot;,&quot;img_size&quot;:&quot;default&quot;,&quot;ignore_items_size&quot;:0,&quot;items_layout&quot;:&quot;11752&quot;,&quot;items_offset&quot;:&quot;1&quot;,&quot;load_animation&quot;:&quot;none&quot;,&quot;overriding_link&quot;:&quot;%7B%22url%22%3A%22%22%7D&quot;,&quot;post_id&quot;:0,&quot;query_args&quot;:{&quot;post_type&quot;:[&quot;ba-dokumentua&quot;],&quot;tax_query&quot;:[{&quot;taxonomy&quot;:&quot;ba-dokumentua-mota&quot;,&quot;field&quot;:&quot;slug&quot;,&quot;terms&quot;:[&quot;actas&quot;]}],&quot;post_status&quot;:[&quot;publish&quot;,&quot;acf-disabled&quot;],&quot;posts_per_page&quot;:&quot;8&quot;},&quot;orderby_query_args&quot;:{&quot;orderby&quot;:{&quot;date&quot;:&quot;DESC&quot;}},&quot;type&quot;:&quot;grid&quot;,&quot;us_grid_post_type&quot;:&quot;ba-dokumentua&quot;,&quot;us_grid_ajax_index&quot;:1,&quot;us_grid_filter_query_string&quot;:null,&quot;us_grid_index&quot;:1,&quot;page_args&quot;:[],&quot;lang&quot;:&quot;es&quot;}}'><\/div>\r\n\t<\/div><div class=\"w-separator size_medium\"><\/div><div class=\"w-btn-wrapper align_none\"><a class=\"w-btn us-btn-style_1 icon_atright\" href=\"\/es\/ayuntamiento-abierto\/documentos-municipales\/actas\/\"><span class=\"w-btn-label\">Ver todas<\/span><i class=\"fas fa-arrow-right\"><\/i><\/a><\/div><\/div><\/div><div class=\"wpb_column vc_column_container\"><div class=\"vc_column-inner\"><h4 class=\"w-text\"><span class=\"w-text-h\"><span class=\"w-text-value\">Ordenanzas<\/span><\/span><\/h4><div class=\"w-grid us_grid type_grid layout_11752 cols_1 preload_style_spinner\" id=\"us_grid_2\" style=\"--columns:1;--gap:1.5rem;\" data-filterable=\"true\"><div class=\"w-grid-list\">\t<article class=\"w-grid-item size_1x1 post-12554 ba-dokumentua type-ba-dokumentua status-publish has-post-thumbnail hentry ba-dokumentua-mota-ordenanzas\" data-id=\"12554\">\r\n\t\t<div class=\"w-grid-item-h\">\r\n\t\t\t\t\t\t<h2 class=\"w-post-elm post_title usg_post_title_1 entry-title color_link_inherit\"><a href=\"https:\/\/basaburua.eus\/es\/ba-dokumentua\/ordenanza-reguladora-de-bonificaciones-en-el-impuesto-de-circulacion-para-vehiculos-historicos\/\">Ordenanza reguladora de bonificaciones en el impuesto de circulaci\u00f3n para veh\u00edculos hist\u00f3ricos<\/a><\/h2><time class=\"w-post-elm post_date usg_post_date_1 has_text_color entry-date published\" datetime=\"2024-02-20T08:43:45+01:00\" title=\"20 febrero 2024 a las 08:43:45 Europe\/Madrid\">20 de febrero de 2024<\/time>\t\t<\/div>\r\n\t\t\t<\/article>\r\n\t<article class=\"w-grid-item size_1x1 post-12524 ba-dokumentua type-ba-dokumentua status-publish has-post-thumbnail hentry ba-dokumentua-mota-ordenanzas\" data-id=\"12524\">\r\n\t\t<div class=\"w-grid-item-h\">\r\n\t\t\t\t\t\t<h2 class=\"w-post-elm post_title usg_post_title_1 entry-title color_link_inherit\"><a href=\"https:\/\/basaburua.eus\/es\/ba-dokumentua\/ordenanza-municipal-reguladora-de-la-utilizacion-del-area-recreativa-basaburuko-pasarelak\/\">Ordenanza municipal reguladora de la utilizaci\u00f3n del \u00e1rea recreativa \u00abBasaburuko pasarelak\u00bb<\/a><\/h2><time class=\"w-post-elm post_date usg_post_date_1 has_text_color entry-date published\" datetime=\"2023-12-01T09:10:25+01:00\" title=\"1 diciembre 2023 a las 09:10:25 Europe\/Madrid\">1 de diciembre de 2023<\/time>\t\t<\/div>\r\n\t\t\t<\/article>\r\n\t<article class=\"w-grid-item size_1x1 post-12518 ba-dokumentua type-ba-dokumentua status-publish has-post-thumbnail hentry ba-dokumentua-mota-ordenanzas\" data-id=\"12518\">\r\n\t\t<div class=\"w-grid-item-h\">\r\n\t\t\t\t\t\t<h2 class=\"w-post-elm post_title usg_post_title_1 entry-title color_link_inherit\"><a href=\"https:\/\/basaburua.eus\/es\/ba-dokumentua\/ordenanza-reguladora-de-bonificaciones-en-el-impuesto-de-circulacion-para-vehiculos-electricos\/\">Ordenanza reguladora de bonificaciones en el impuesto de circulaci\u00f3n para veh\u00edculos el\u00e9ctricos<\/a><\/h2><time class=\"w-post-elm post_date usg_post_date_1 has_text_color entry-date published\" datetime=\"2023-10-19T10:26:24+02:00\" title=\"19 octubre 2023 a las 10:26:24 Europe\/Madrid\">19 de octubre de 2023<\/time>\t\t<\/div>\r\n\t\t\t<\/article>\r\n\t<article class=\"w-grid-item size_1x1 post-12269 ba-dokumentua type-ba-dokumentua status-publish has-post-thumbnail hentry ba-dokumentua-mota-ordenanzas\" data-id=\"12269\">\r\n\t\t<div class=\"w-grid-item-h\">\r\n\t\t\t\t\t\t<h2 class=\"w-post-elm post_title usg_post_title_1 entry-title color_link_inherit\"><a href=\"https:\/\/basaburua.eus\/es\/ba-dokumentua\/ordenanza-reguladora-de-la-utilizacion-de-edificios-locales-instalaciones-y-equipamiento-municipal\/\">Ordenanza reguladora de la utilizaci\u00f3n de edificios, locales, instalaciones y equipamiento municipal<\/a><\/h2><time class=\"w-post-elm post_date usg_post_date_1 has_text_color entry-date published\" datetime=\"2021-03-02T10:46:58+01:00\" title=\"2 marzo 2021 a las 10:46:58 Europe\/Madrid\">2 de marzo de 2021<\/time>\t\t<\/div>\r\n\t\t\t<\/article>\r\n\t<article class=\"w-grid-item size_1x1 post-12203 ba-dokumentua type-ba-dokumentua status-publish has-post-thumbnail hentry ba-dokumentua-mota-ordenanzas\" data-id=\"12203\">\r\n\t\t<div class=\"w-grid-item-h\">\r\n\t\t\t\t\t\t<h2 class=\"w-post-elm post_title usg_post_title_1 entry-title color_link_inherit\"><a href=\"https:\/\/basaburua.eus\/es\/ba-dokumentua\/ordenanza-ayudas-a-la-construccion-y-rehabilitacion-o-reforma-de-edificios-para-uso-residencial\/\">Ordenanza de ayudas a la construcci\u00f3n y rehabilitaci\u00f3n o reforma de edificios para uso residencial.<\/a><\/h2><time class=\"w-post-elm post_date usg_post_date_1 has_text_color entry-date published\" datetime=\"2019-09-19T12:47:07+02:00\" title=\"19 septiembre 2019 a las 12:47:07 Europe\/Madrid\">19 de septiembre de 2019<\/time>\t\t<\/div>\r\n\t\t\t<\/article>\r\n\t<article class=\"w-grid-item size_1x1 post-12194 ba-dokumentua type-ba-dokumentua status-publish has-post-thumbnail hentry ba-dokumentua-mota-ordenanzas\" data-id=\"12194\">\r\n\t\t<div class=\"w-grid-item-h\">\r\n\t\t\t\t\t\t<h2 class=\"w-post-elm post_title usg_post_title_1 entry-title color_link_inherit\"><a href=\"https:\/\/basaburua.eus\/es\/ba-dokumentua\/ordenanza-utilizacion-del-polideportivo-de-jaunsarats\/\">Ordenanza para utilizaci\u00f3n del polideportivo de Jauntsarats<\/a><\/h2><time class=\"w-post-elm post_date usg_post_date_1 has_text_color entry-date published\" datetime=\"2019-09-18T12:00:42+02:00\" title=\"18 septiembre 2019 a las 12:00:42 Europe\/Madrid\">18 de septiembre de 2019<\/time>\t\t<\/div>\r\n\t\t\t<\/article>\r\n\t<article class=\"w-grid-item size_1x1 post-12086 ba-dokumentua type-ba-dokumentua status-publish has-post-thumbnail hentry ba-dokumentua-mota-ordenanzas\" data-id=\"12086\">\r\n\t\t<div class=\"w-grid-item-h\">\r\n\t\t\t\t\t\t<h2 class=\"w-post-elm post_title usg_post_title_1 entry-title color_link_inherit\"><a href=\"https:\/\/basaburua.eus\/es\/ba-dokumentua\/ordenanza-reguladora-del-servicio-de-la-escombrera-municipal\/\">Ordenanza reguladora del servicio de la escombrera municipal<\/a><\/h2><time class=\"w-post-elm post_date usg_post_date_1 has_text_color entry-date published\" datetime=\"2018-09-20T12:58:12+02:00\" title=\"20 septiembre 2018 a las 12:58:12 Europe\/Madrid\">20 de septiembre de 2018<\/time>\t\t<\/div>\r\n\t\t\t<\/article>\r\n\t<article class=\"w-grid-item size_1x1 post-12083 ba-dokumentua type-ba-dokumentua status-publish has-post-thumbnail hentry ba-dokumentua-mota-ordenanzas\" data-id=\"12083\">\r\n\t\t<div class=\"w-grid-item-h\">\r\n\t\t\t\t\t\t<h2 class=\"w-post-elm post_title usg_post_title_1 entry-title color_link_inherit\"><a href=\"https:\/\/basaburua.eus\/es\/ba-dokumentua\/ordenanza-los-epaitz-de-los-y-las-vecinas-de-aizarotz\/\">Ordenanza. Los epaitz de los y las vecinas de Aizarotz.<\/a><\/h2><time class=\"w-post-elm post_date usg_post_date_1 has_text_color entry-date published\" datetime=\"2018-09-20T11:30:12+02:00\" title=\"20 septiembre 2018 a las 11:30:12 Europe\/Madrid\">20 de septiembre de 2018<\/time>\t\t<\/div>\r\n\t\t\t<\/article>\r\n<\/div>\t<div class=\"w-grid-preloader\">\r\n\t\t<div class=\"g-preloader type_1\">\r\n\t\t\t<div><\/div>\r\n\t\t<\/div>\r\n\t<\/div>\r\n\t\t<div class=\"w-grid-json hidden\" onclick='return {&quot;action&quot;:&quot;us_ajax_grid&quot;,&quot;infinite_scroll&quot;:0,&quot;max_num_pages&quot;:2,&quot;pagination&quot;:&quot;none&quot;,&quot;template_vars&quot;:{&quot;columns&quot;:&quot;1&quot;,&quot;exclude_items&quot;:&quot;none&quot;,&quot;img_size&quot;:&quot;default&quot;,&quot;ignore_items_size&quot;:0,&quot;items_layout&quot;:&quot;11752&quot;,&quot;items_offset&quot;:&quot;1&quot;,&quot;load_animation&quot;:&quot;none&quot;,&quot;overriding_link&quot;:&quot;%7B%22url%22%3A%22%22%7D&quot;,&quot;post_id&quot;:0,&quot;query_args&quot;:{&quot;post_type&quot;:[&quot;ba-dokumentua&quot;],&quot;tax_query&quot;:[{&quot;taxonomy&quot;:&quot;ba-dokumentua-mota&quot;,&quot;field&quot;:&quot;slug&quot;,&quot;terms&quot;:[&quot;ordenanzas&quot;]}],&quot;post_status&quot;:[&quot;publish&quot;,&quot;acf-disabled&quot;],&quot;posts_per_page&quot;:&quot;8&quot;},&quot;orderby_query_args&quot;:{&quot;orderby&quot;:{&quot;date&quot;:&quot;DESC&quot;}},&quot;type&quot;:&quot;grid&quot;,&quot;us_grid_post_type&quot;:&quot;ba-dokumentua&quot;,&quot;us_grid_ajax_index&quot;:2,&quot;us_grid_filter_query_string&quot;:null,&quot;us_grid_index&quot;:2,&quot;page_args&quot;:[],&quot;lang&quot;:&quot;es&quot;}}'><\/div>\r\n\t<\/div><div class=\"w-separator size_medium\"><\/div><div class=\"w-btn-wrapper align_none\"><a class=\"w-btn us-btn-style_1 icon_atright\" href=\"\/es\/ayuntamiento-abierto\/documentos-municipales\/ordenanzas\/\"><span class=\"w-btn-label\">Ver todas<\/span><i class=\"fas fa-arrow-right\"><\/i><\/a><\/div><\/div><\/div><div class=\"wpb_column vc_column_container\"><div class=\"vc_column-inner\"><h4 class=\"w-text\"><span class=\"w-text-h\"><span class=\"w-text-value\">Boletines municipales<\/span><\/span><\/h4><div class=\"w-grid us_grid type_grid layout_11752 cols_1 preload_style_spinner\" id=\"us_grid_3\" style=\"--columns:1;--gap:1.5rem;\" data-filterable=\"true\"><div class=\"w-grid-list\">\t<article class=\"w-grid-item size_1x1 post-14505 ba-dokumentua type-ba-dokumentua status-publish hentry ba-dokumentua-mota-boletin-municipal\" data-id=\"14505\">\r\n\t\t<div class=\"w-grid-item-h\">\r\n\t\t\t\t\t\t<h2 class=\"w-post-elm post_title usg_post_title_1 entry-title color_link_inherit\"><a href=\"https:\/\/basaburua.eus\/es\/ba-dokumentua\/boletin-municipal-\u00b7-186-\u00b7-marzo-de-2026\/\">Bolet\u00edn municipal \u00b7 186 \u00b7 Marzo de 2026<\/a><\/h2><time class=\"w-post-elm post_date usg_post_date_1 has_text_color entry-date published\" datetime=\"2026-03-25T09:14:31+01:00\" title=\"25 marzo 2026 a las 09:14:31 Europe\/Madrid\">25 Mar a las 09:14<\/time>\t\t<\/div>\r\n\t\t\t<\/article>\r\n\t<article class=\"w-grid-item size_1x1 post-14506 ba-dokumentua type-ba-dokumentua status-publish hentry ba-dokumentua-mota-boletin-municipal\" data-id=\"14506\">\r\n\t\t<div class=\"w-grid-item-h\">\r\n\t\t\t\t\t\t<h2 class=\"w-post-elm post_title usg_post_title_1 entry-title color_link_inherit\"><a href=\"https:\/\/basaburua.eus\/es\/ba-dokumentua\/boletin-municipal-\u00b7-185-\u00b7-febrero-de-2026\/\">Bolet\u00edn municipal \u00b7 185 \u00b7 Febrero de 2026<\/a><\/h2><time class=\"w-post-elm post_date usg_post_date_1 has_text_color entry-date published\" datetime=\"2026-03-25T08:15:38+01:00\" title=\"25 marzo 2026 a las 08:15:38 Europe\/Madrid\">25 Mar a las 08:15<\/time>\t\t<\/div>\r\n\t\t\t<\/article>\r\n\t<article class=\"w-grid-item size_1x1 post-14507 ba-dokumentua type-ba-dokumentua status-publish hentry ba-dokumentua-mota-boletin-municipal\" data-id=\"14507\">\r\n\t\t<div class=\"w-grid-item-h\">\r\n\t\t\t\t\t\t<h2 class=\"w-post-elm post_title usg_post_title_1 entry-title color_link_inherit\"><a href=\"https:\/\/basaburua.eus\/es\/ba-dokumentua\/boletin-municipal-\u00b7-184-\u00b7-enero-de-2026\/\">Bolet\u00edn municipal \u00b7 184 \u00b7 enero de 2026<\/a><\/h2><time class=\"w-post-elm post_date usg_post_date_1 has_text_color entry-date published\" datetime=\"2026-03-24T09:16:14+01:00\" title=\"24 marzo 2026 a las 09:16:14 Europe\/Madrid\">24 Mar a las 09:16<\/time>\t\t<\/div>\r\n\t\t\t<\/article>\r\n\t<article class=\"w-grid-item size_1x1 post-14513 ba-dokumentua type-ba-dokumentua status-publish hentry ba-dokumentua-mota-boletin-municipal\" data-id=\"14513\">\r\n\t\t<div class=\"w-grid-item-h\">\r\n\t\t\t\t\t\t<h2 class=\"w-post-elm post_title usg_post_title_1 entry-title color_link_inherit\"><a href=\"https:\/\/basaburua.eus\/es\/ba-dokumentua\/boletin-municipal-\u00b7-183-\u00b7-noviembre-de-2025\/\">Bolet\u00edn municipal \u00b7 183 \u00b7 Noviembre de 2025<\/a><\/h2><time class=\"w-post-elm post_date usg_post_date_1 has_text_color entry-date published\" datetime=\"2026-03-22T09:23:03+01:00\" title=\"22 marzo 2026 a las 09:23:03 Europe\/Madrid\">22 Mar a las 09:23<\/time>\t\t<\/div>\r\n\t\t\t<\/article>\r\n\t<article class=\"w-grid-item size_1x1 post-14508 ba-dokumentua type-ba-dokumentua status-publish hentry ba-dokumentua-mota-boletin-municipal\" data-id=\"14508\">\r\n\t\t<div class=\"w-grid-item-h\">\r\n\t\t\t\t\t\t<h2 class=\"w-post-elm post_title usg_post_title_1 entry-title color_link_inherit\"><a href=\"https:\/\/basaburua.eus\/es\/ba-dokumentua\/boletin-municipal-\u00b7-182-\u00b7-octubre-de-2025\/\">Bolet\u00edn municipal \u00b7 182 \u00b7 octubre de 2025<\/a><\/h2><time class=\"w-post-elm post_date usg_post_date_1 has_text_color entry-date published\" datetime=\"2026-03-21T09:24:02+01:00\" title=\"21 marzo 2026 a las 09:24:02 Europe\/Madrid\">21 Mar a las 09:24<\/time>\t\t<\/div>\r\n\t\t\t<\/article>\r\n\t<article class=\"w-grid-item size_1x1 post-14514 ba-dokumentua type-ba-dokumentua status-publish hentry ba-dokumentua-mota-boletin-municipal\" data-id=\"14514\">\r\n\t\t<div class=\"w-grid-item-h\">\r\n\t\t\t\t\t\t<h2 class=\"w-post-elm post_title usg_post_title_1 entry-title color_link_inherit\"><a href=\"https:\/\/basaburua.eus\/es\/ba-dokumentua\/boletin-municipal-\u00b7-181-\u00b7-septiembre-de-2025\/\">Bolet\u00edn municipal \u00b7 181 \u00b7 septiembre de 2025<\/a><\/h2><time class=\"w-post-elm post_date usg_post_date_1 has_text_color entry-date published\" datetime=\"2026-03-20T09:25:40+01:00\" title=\"20 marzo 2026 a las 09:25:40 Europe\/Madrid\">20 Mar a las 09:25<\/time>\t\t<\/div>\r\n\t\t\t<\/article>\r\n\t<article class=\"w-grid-item size_1x1 post-12632 ba-dokumentua type-ba-dokumentua status-publish hentry ba-dokumentua-mota-boletin-municipal\" data-id=\"12632\">\r\n\t\t<div class=\"w-grid-item-h\">\r\n\t\t\t\t\t\t<h2 class=\"w-post-elm post_title usg_post_title_1 entry-title color_link_inherit\"><a href=\"https:\/\/basaburua.eus\/es\/ba-dokumentua\/boletin-municipal-\u00b7-173-\u00b7-noviembre-de-2024\/\">Bolet\u00edn municipal \u00b7 173 \u00b7 noviembre de 2024<\/a><\/h2><time class=\"w-post-elm post_date usg_post_date_1 has_text_color entry-date published\" datetime=\"2024-11-25T10:03:53+01:00\" title=\"25 noviembre 2024 a las 10:03:53 Europe\/Madrid\">25 de noviembre de 2024<\/time>\t\t<\/div>\r\n\t\t\t<\/article>\r\n\t<article class=\"w-grid-item size_1x1 post-12629 ba-dokumentua type-ba-dokumentua status-publish hentry ba-dokumentua-mota-boletin-municipal\" data-id=\"12629\">\r\n\t\t<div class=\"w-grid-item-h\">\r\n\t\t\t\t\t\t<h2 class=\"w-post-elm post_title usg_post_title_1 entry-title color_link_inherit\"><a href=\"https:\/\/basaburua.eus\/es\/ba-dokumentua\/boletin-municipal-\u00b7-172-\u00b7\/\">Bolet\u00edn municipal \u00b7 172 \u00b7 octubre de 2024<\/a><\/h2><time class=\"w-post-elm post_date usg_post_date_1 has_text_color entry-date published\" datetime=\"2024-10-21T12:12:18+02:00\" title=\"21 octubre 2024 a las 12:12:18 Europe\/Madrid\">21 de octubre de 2024<\/time>\t\t<\/div>\r\n\t\t\t<\/article>\r\n<\/div>\t<div class=\"w-grid-preloader\">\r\n\t\t<div class=\"g-preloader type_1\">\r\n\t\t\t<div><\/div>\r\n\t\t<\/div>\r\n\t<\/div>\r\n\t\t<div class=\"w-grid-json hidden\" onclick='return {&quot;action&quot;:&quot;us_ajax_grid&quot;,&quot;infinite_scroll&quot;:0,&quot;max_num_pages&quot;:2,&quot;pagination&quot;:&quot;none&quot;,&quot;template_vars&quot;:{&quot;columns&quot;:&quot;1&quot;,&quot;exclude_items&quot;:&quot;none&quot;,&quot;img_size&quot;:&quot;default&quot;,&quot;ignore_items_size&quot;:0,&quot;items_layout&quot;:&quot;11752&quot;,&quot;items_offset&quot;:&quot;1&quot;,&quot;load_animation&quot;:&quot;none&quot;,&quot;overriding_link&quot;:&quot;%7B%22url%22%3A%22%22%7D&quot;,&quot;post_id&quot;:0,&quot;query_args&quot;:{&quot;post_type&quot;:[&quot;ba-dokumentua&quot;],&quot;tax_query&quot;:[{&quot;taxonomy&quot;:&quot;ba-dokumentua-mota&quot;,&quot;field&quot;:&quot;slug&quot;,&quot;terms&quot;:[&quot;boletin-municipal&quot;]}],&quot;post_status&quot;:[&quot;publish&quot;,&quot;acf-disabled&quot;],&quot;posts_per_page&quot;:&quot;8&quot;},&quot;orderby_query_args&quot;:{&quot;orderby&quot;:{&quot;date&quot;:&quot;DESC&quot;}},&quot;type&quot;:&quot;grid&quot;,&quot;us_grid_post_type&quot;:&quot;ba-dokumentua&quot;,&quot;us_grid_ajax_index&quot;:3,&quot;us_grid_filter_query_string&quot;:null,&quot;us_grid_index&quot;:3,&quot;page_args&quot;:[],&quot;lang&quot;:&quot;es&quot;}}'><\/div>\r\n\t<\/div><div class=\"w-separator size_medium\"><\/div><\/div><\/div><\/div><\/div><\/section>\n","protected":false},"excerpt":{"rendered":"","protected":false},"author":15,"featured_media":0,"parent":13666,"menu_order":0,"comment_status":"closed","ping_status":"closed","template":"","meta":{"_acf_changed":false,"footnotes":""},"class_list":["post-13670","page","type-page","status-publish","hentry"],"acf":[],"_links":{"self":[{"href":"https:\/\/basaburua.eus\/es\/wp-json\/wp\/v2\/pages\/13670","targetHints":{"allow":["GET"]}}],"collection":[{"href":"https:\/\/basaburua.eus\/es\/wp-json\/wp\/v2\/pages"}],"about":[{"href":"https:\/\/basaburua.eus\/es\/wp-json\/wp\/v2\/types\/page"}],"author":[{"embeddable":true,"href":"https:\/\/basaburua.eus\/es\/wp-json\/wp\/v2\/users\/15"}],"replies":[{"embeddable":true,"href":"https:\/\/basaburua.eus\/es\/wp-json\/wp\/v2\/comments?post=13670"}],"version-history":[{"count":4,"href":"https:\/\/basaburua.eus\/es\/wp-json\/wp\/v2\/pages\/13670\/revisions"}],"predecessor-version":[{"id":13756,"href":"https:\/\/basaburua.eus\/es\/wp-json\/wp\/v2\/pages\/13670\/revisions\/13756"}],"up":[{"embeddable":true,"href":"https:\/\/basaburua.eus\/es\/wp-json\/wp\/v2\/pages\/13666"}],"wp:attachment":[{"href":"https:\/\/basaburua.eus\/es\/wp-json\/wp\/v2\/media?parent=13670"}],"curies":[{"name":"wp","href":"https:\/\/api.w.org\/{rel}","templated":true}]}}