{"id":13668,"date":"2025-07-21T06:26:23","date_gmt":"2025-07-21T05:26:23","guid":{"rendered":"https:\/\/basaburua.eus\/?page_id=13668"},"modified":"2025-11-06T13:02:29","modified_gmt":"2025-11-06T12:02:29","slug":"comisiones","status":"publish","type":"page","link":"https:\/\/basaburua.eus\/es\/ayuntamiento-abierto\/comisiones\/","title":{"rendered":"Comisiones"},"content":{"rendered":"<section class=\"l-section wpb_row height_medium\"><div class=\"l-section-h i-cf\"><div class=\"g-cols vc_row via_grid cols_1 laptops-cols_inherit tablets-cols_inherit mobiles-cols_1 valign_top type_default stacking_default\"><div class=\"wpb_column vc_column_container\"><div class=\"vc_column-inner\"><div class=\"wpb_text_column\"><div class=\"wpb_wrapper\"><h4>Las Comisiones son la base del funcionamiento del Ayuntamiento de Basaburua.<\/h4>\n<p>La participaci\u00f3n ciudadana es imprescindible en los debates y decisiones municipales. Con esta intenci\u00f3n se crearon las comisiones para que en las decisiones municipales pudiera participar el mayor n\u00famero posible de ciudadanos. Hoy por hoy est\u00e1n en marcha los siguientes nueve:<\/p>\n<\/div><\/div><div class=\"w-separator size_medium\"><\/div><div class=\"w-grid us_grid type_grid layout_11730 cols_3 preload_style_spinner\" id=\"us_grid_1\" style=\"--columns:3;--gap:1.5rem;\" data-filterable=\"true\"><style>@media (max-width:1024px){#us_grid_1{--columns:2!important}}@media (max-width:600px){#us_grid_1{--columns:1!important}}.layout_11730 .w-grid-item-h{border-radius:1.7rem;box-shadow:0 0.12rem 0.24rem rgba(0,0,0,0.1),0 0.4rem 1.2rem rgba(0,0,0,0.1);transition-duration:0.3s}.no-touch .layout_11730 .w-grid-item-h:hover{box-shadow:0 0.02rem 0.04rem rgba(0,0,0,0.1),0 0.07rem 0.2rem rgba(0,0,0,0.15);z-index:4}.layout_11730 .usg_vwrapper_1{transition-duration:0.3s;transform-origin:50% 50%;transform:scale(1) translate(0%,0%)}.layout_11730 .w-grid-item-h:focus-within .usg_vwrapper_1,.layout_11730 .w-grid-item-h:hover .usg_vwrapper_1{transform:scale(1) translate(0%,0%);opacity:1;background:#EAC102!important}.layout_11730 .usg_post_title_1{color:#ffffff!important;font-size:1.4rem!important;font-weight:700!important}.layout_11730 .usg_vwrapper_1{padding-top:4%!important;padding-bottom:4%!important;background:#008F4C!important}<\/style><div class=\"w-grid-list\">\t<article class=\"w-grid-item size_1x1 post-13703 ba-batzordea type-ba-batzordea status-publish hentry\" data-id=\"13703\">\r\n\t\t<div class=\"w-grid-item-h\">\r\n\t\t\t\t\t\t<div class=\"w-vwrapper usg_vwrapper_1 align_center valign_middle\"><h3 class=\"w-post-elm post_title usg_post_title_1 has_text_color align_center entry-title color_link_inherit\"><a href=\"https:\/\/basaburua.eus\/es\/?ba-batzordea=comision-de-comunicacion\">Comisi\u00f3n de Comunicaci\u00f3n<\/a><\/h3><\/div>\t\t<\/div>\r\n\t\t\t<\/article>\r\n\t<article class=\"w-grid-item size_1x1 post-13929 ba-batzordea type-ba-batzordea status-publish hentry\" data-id=\"13929\">\r\n\t\t<div class=\"w-grid-item-h\">\r\n\t\t\t\t\t\t<div class=\"w-vwrapper usg_vwrapper_1 align_center valign_middle\"><h3 class=\"w-post-elm post_title usg_post_title_1 has_text_color align_center entry-title color_link_inherit\"><a href=\"https:\/\/basaburua.eus\/es\/?ba-batzordea=kontzeju-batzordea\">Comisi\u00f3n de Concejos<\/a><\/h3><\/div>\t\t<\/div>\r\n\t\t\t<\/article>\r\n\t<article class=\"w-grid-item size_1x1 post-13702 ba-batzordea type-ba-batzordea status-publish hentry\" data-id=\"13702\">\r\n\t\t<div class=\"w-grid-item-h\">\r\n\t\t\t\t\t\t<div class=\"w-vwrapper usg_vwrapper_1 align_center valign_middle\"><h3 class=\"w-post-elm post_title usg_post_title_1 has_text_color align_center entry-title color_link_inherit\"><a href=\"https:\/\/basaburua.eus\/es\/?ba-batzordea=comision-de-cultura\">Comisi\u00f3n de Cultura<\/a><\/h3><\/div>\t\t<\/div>\r\n\t\t\t<\/article>\r\n\t<article class=\"w-grid-item size_1x1 post-13704 ba-batzordea type-ba-batzordea status-publish hentry\" data-id=\"13704\">\r\n\t\t<div class=\"w-grid-item-h\">\r\n\t\t\t\t\t\t<div class=\"w-vwrapper usg_vwrapper_1 align_center valign_middle\"><h3 class=\"w-post-elm post_title usg_post_title_1 has_text_color align_center entry-title color_link_inherit\"><a href=\"https:\/\/basaburua.eus\/es\/?ba-batzordea=comision-de-deportes\">Comisi\u00f3n de Deportes<\/a><\/h3><\/div>\t\t<\/div>\r\n\t\t\t<\/article>\r\n\t<article class=\"w-grid-item size_1x1 post-13708 ba-batzordea type-ba-batzordea status-publish hentry\" data-id=\"13708\">\r\n\t\t<div class=\"w-grid-item-h\">\r\n\t\t\t\t\t\t<div class=\"w-vwrapper usg_vwrapper_1 align_center valign_middle\"><h3 class=\"w-post-elm post_title usg_post_title_1 has_text_color align_center entry-title color_link_inherit\"><a href=\"https:\/\/basaburua.eus\/es\/?ba-batzordea=comision-de-desarrollo\">Comisi\u00f3n de Desarrollo<\/a><\/h3><\/div>\t\t<\/div>\r\n\t\t\t<\/article>\r\n\t<article class=\"w-grid-item size_1x1 post-13706 ba-batzordea type-ba-batzordea status-publish hentry\" data-id=\"13706\">\r\n\t\t<div class=\"w-grid-item-h\">\r\n\t\t\t\t\t\t<div class=\"w-vwrapper usg_vwrapper_1 align_center valign_middle\"><h3 class=\"w-post-elm post_title usg_post_title_1 has_text_color align_center entry-title color_link_inherit\"><a href=\"https:\/\/basaburua.eus\/es\/?ba-batzordea=comision-de-educacion\">Comisi\u00f3n de Educaci\u00f3n<\/a><\/h3><\/div>\t\t<\/div>\r\n\t\t\t<\/article>\r\n\t<article class=\"w-grid-item size_1x1 post-13709 ba-batzordea type-ba-batzordea status-publish hentry\" data-id=\"13709\">\r\n\t\t<div class=\"w-grid-item-h\">\r\n\t\t\t\t\t\t<div class=\"w-vwrapper usg_vwrapper_1 align_center valign_middle\"><h3 class=\"w-post-elm post_title usg_post_title_1 has_text_color align_center entry-title color_link_inherit\"><a href=\"https:\/\/basaburua.eus\/es\/?ba-batzordea=comision-de-euskara\">Comisi\u00f3n de Euskara<\/a><\/h3><\/div>\t\t<\/div>\r\n\t\t\t<\/article>\r\n\t<article class=\"w-grid-item size_1x1 post-13700 ba-batzordea type-ba-batzordea status-publish hentry\" data-id=\"13700\">\r\n\t\t<div class=\"w-grid-item-h\">\r\n\t\t\t\t\t\t<div class=\"w-vwrapper usg_vwrapper_1 align_center valign_middle\"><h3 class=\"w-post-elm post_title usg_post_title_1 has_text_color align_center entry-title color_link_inherit\"><a href=\"https:\/\/basaburua.eus\/es\/?ba-batzordea=comision-de-hacienda\">Comisi\u00f3n de Hacienda<\/a><\/h3><\/div>\t\t<\/div>\r\n\t\t\t<\/article>\r\n\t<article class=\"w-grid-item size_1x1 post-13707 ba-batzordea type-ba-batzordea status-publish hentry\" data-id=\"13707\">\r\n\t\t<div class=\"w-grid-item-h\">\r\n\t\t\t\t\t\t<div class=\"w-vwrapper usg_vwrapper_1 align_center valign_middle\"><h3 class=\"w-post-elm post_title usg_post_title_1 has_text_color align_center entry-title color_link_inherit\"><a href=\"https:\/\/basaburua.eus\/es\/?ba-batzordea=comision-de-politicas-sociales\">Comisi\u00f3n de Pol\u00edticas Sociales<\/a><\/h3><\/div>\t\t<\/div>\r\n\t\t\t<\/article>\r\n\t<article class=\"w-grid-item size_1x1 post-13705 ba-batzordea type-ba-batzordea status-publish hentry\" data-id=\"13705\">\r\n\t\t<div class=\"w-grid-item-h\">\r\n\t\t\t\t\t\t<div class=\"w-vwrapper usg_vwrapper_1 align_center valign_middle\"><h3 class=\"w-post-elm post_title usg_post_title_1 has_text_color align_center entry-title color_link_inherit\"><a href=\"https:\/\/basaburua.eus\/es\/?ba-batzordea=comision-de-urbanismo\">Comisi\u00f3n de Urbanismo<\/a><\/h3><\/div>\t\t<\/div>\r\n\t\t\t<\/article>\r\n<\/div>\t<div class=\"w-grid-preloader\">\r\n\t\t<div class=\"g-preloader type_1\">\r\n\t\t\t<div><\/div>\r\n\t\t<\/div>\r\n\t<\/div>\r\n\t\t<div class=\"w-grid-json hidden\" onclick='return {&quot;action&quot;:&quot;us_ajax_grid&quot;,&quot;infinite_scroll&quot;:0,&quot;max_num_pages&quot;:1,&quot;pagination&quot;:&quot;none&quot;,&quot;template_vars&quot;:{&quot;columns&quot;:&quot;3&quot;,&quot;exclude_items&quot;:&quot;none&quot;,&quot;img_size&quot;:&quot;default&quot;,&quot;ignore_items_size&quot;:0,&quot;items_layout&quot;:&quot;11730&quot;,&quot;items_offset&quot;:&quot;1&quot;,&quot;load_animation&quot;:&quot;none&quot;,&quot;overriding_link&quot;:&quot;%7B%22url%22%3A%22%22%7D&quot;,&quot;post_id&quot;:0,&quot;query_args&quot;:{&quot;post_type&quot;:[&quot;ba-batzordea&quot;],&quot;post_status&quot;:[&quot;publish&quot;,&quot;acf-disabled&quot;],&quot;posts_per_page&quot;:&quot;12&quot;},&quot;orderby_query_args&quot;:{&quot;orderby&quot;:{&quot;title&quot;:&quot;ASC&quot;},&quot;order&quot;:&quot;ASC&quot;},&quot;type&quot;:&quot;grid&quot;,&quot;us_grid_post_type&quot;:&quot;ba-batzordea&quot;,&quot;us_grid_ajax_index&quot;:1,&quot;us_grid_filter_query_string&quot;:null,&quot;us_grid_index&quot;:1,&quot;page_args&quot;:[],&quot;lang&quot;:&quot;es&quot;}}'><\/div>\r\n\t<\/div><\/div><\/div><\/div><\/div><\/section>\n","protected":false},"excerpt":{"rendered":"El nuevo plan urban\u00edstico ha sido aprobado provisionalmente y se espera que sea aprobado definitivamente por el Gobierno de Navarra en 2026. A la espera de que se apruebe el nuevo plan urban\u00edstico, el ayuntamiento tramitar\u00e1 las modificaciones de forma progresiva, a trav\u00e9s de ordenanzas, para que las nuevas normas entren en vigor antes.","protected":false},"author":15,"featured_media":0,"parent":13666,"menu_order":0,"comment_status":"closed","ping_status":"closed","template":"","meta":{"_acf_changed":false,"footnotes":""},"class_list":["post-13668","page","type-page","status-publish","hentry"],"acf":[],"_links":{"self":[{"href":"https:\/\/basaburua.eus\/es\/wp-json\/wp\/v2\/pages\/13668","targetHints":{"allow":["GET"]}}],"collection":[{"href":"https:\/\/basaburua.eus\/es\/wp-json\/wp\/v2\/pages"}],"about":[{"href":"https:\/\/basaburua.eus\/es\/wp-json\/wp\/v2\/types\/page"}],"author":[{"embeddable":true,"href":"https:\/\/basaburua.eus\/es\/wp-json\/wp\/v2\/users\/15"}],"replies":[{"embeddable":true,"href":"https:\/\/basaburua.eus\/es\/wp-json\/wp\/v2\/comments?post=13668"}],"version-history":[{"count":3,"href":"https:\/\/basaburua.eus\/es\/wp-json\/wp\/v2\/pages\/13668\/revisions"}],"predecessor-version":[{"id":13931,"href":"https:\/\/basaburua.eus\/es\/wp-json\/wp\/v2\/pages\/13668\/revisions\/13931"}],"up":[{"embeddable":true,"href":"https:\/\/basaburua.eus\/es\/wp-json\/wp\/v2\/pages\/13666"}],"wp:attachment":[{"href":"https:\/\/basaburua.eus\/es\/wp-json\/wp\/v2\/media?parent=13668"}],"curies":[{"name":"wp","href":"https:\/\/api.w.org\/{rel}","templated":true}]}}