{"id":13666,"date":"2025-06-10T10:44:27","date_gmt":"2025-06-10T09:44:27","guid":{"rendered":"https:\/\/basaburua.eus\/?page_id=13666"},"modified":"2025-10-24T10:44:31","modified_gmt":"2025-10-24T09:44:31","slug":"ayuntamiento-abierto","status":"publish","type":"page","link":"https:\/\/basaburua.eus\/es\/ayuntamiento-abierto\/","title":{"rendered":"Ayuntamiento abierto"},"content":{"rendered":"<section class=\"l-section wpb_row height_medium\"><div class=\"l-section-h i-cf\"><div class=\"g-cols vc_row via_grid cols_1 laptops-cols_inherit tablets-cols_inherit mobiles-cols_1 valign_top type_default stacking_default\"><div class=\"wpb_column vc_column_container\"><div class=\"vc_column-inner\"><div class=\"g-cols wpb_row via_grid cols_2-1 laptops-cols_inherit tablets-cols_inherit mobiles-cols_1 valign_top type_default stacking_default\" style=\"--columns-gap:3rem;\"><div class=\"wpb_column vc_column_container\"><div class=\"vc_column-inner\"><h4 class=\"w-text\"><span class=\"w-text-h\"><span class=\"w-text-value\">La gesti\u00f3n del Ayuntamiento de Basaburua busca fomentar la participaci\u00f3n ciudadana.<\/span><\/span><\/h4><div class=\"w-separator size_small\"><\/div><div class=\"wpb_text_column\"><div class=\"wpb_wrapper\"><p data-start=\"0\" data-end=\"129\">Hace varios a\u00f1os que el Ayuntamiento de Basaburu ha tomado medidas para que la participaci\u00f3n ciudadana sea lo m\u00e1s amplia posible.<\/p>\n<p data-start=\"131\" data-end=\"362\" data-is-last-node=\"\" data-is-only-node=\"\">La principal de estas medidas son los Comit\u00e9s abiertos. Cualquier ciudadano puede participar en estos comit\u00e9s, siendo las \u00fanicas condiciones para hacerlo la asistencia continua y el inter\u00e9s o conocimiento sobre el tema en cuesti\u00f3n.<\/p>\n<\/div><\/div><\/div><\/div><div class=\"wpb_column vc_column_container\"><div class=\"vc_column-inner\"><div class=\"w-image align_none\"><div class=\"w-image-h\"><img decoding=\"async\" width=\"600\" height=\"600\" src=\"https:\/\/basaburua.eus\/wp-content\/uploads\/2025\/07\/Udaletxea-e1611823094118-600x600-1.jpg\" class=\"attachment-full size-full\" alt=\"\" loading=\"lazy\" srcset=\"https:\/\/basaburua.eus\/wp-content\/uploads\/2025\/07\/Udaletxea-e1611823094118-600x600-1.jpg 600w, https:\/\/basaburua.eus\/wp-content\/uploads\/2025\/07\/Udaletxea-e1611823094118-600x600-1-300x300.jpg 300w, https:\/\/basaburua.eus\/wp-content\/uploads\/2025\/07\/Udaletxea-e1611823094118-600x600-1-150x150.jpg 150w\" sizes=\"auto, (max-width: 600px) 100vw, 600px\" \/><\/div><\/div><\/div><\/div><\/div><div class=\"w-separator size_medium\"><\/div><div class=\"g-cols wpb_row via_grid cols_3 laptops-cols_inherit tablets-cols_inherit mobiles-cols_1 valign_top type_default stacking_default\" style=\"--columns-gap:3rem;\"><div class=\"wpb_column vc_column_container\"><div class=\"vc_column-inner\"><div class=\"w-ibanner animation_soter ratio_1x1 easing_ease\"><a target=\"_blank\" href=\"\/es\/ayuntamiento-abierto\/corporacion\/\" aria-label=\"Corporaci\u00f3n\"><\/a><div class=\"w-ibanner-h\"><div class=\"w-ibanner-image\" style=\"background-image: url(https:\/\/basaburua.eus\/wp-content\/uploads\/2025\/07\/20201014_095106-scaled-e1616662144328-1024x1008.jpg)\"><\/div><div class=\"w-ibanner-content\"><div class=\"w-ibanner-content-h\"><h4 class=\"w-ibanner-title\">Corporaci\u00f3n<\/h4><div class=\"w-ibanner-desc\"><p>La corporaci\u00f3n de Basaburua la componen: Alcalde y concejales.<\/p>\n<\/div><\/div><\/div><\/div><\/div><\/div><\/div><div class=\"wpb_column vc_column_container\"><div class=\"vc_column-inner\"><div class=\"w-ibanner animation_soter ratio_1x1 easing_ease\"><a href=\"\/es\/ayuntamiento-abierto\/comisiones\" aria-label=\"Comisiones\"><\/a><div class=\"w-ibanner-h\"><div class=\"w-ibanner-image\" style=\"background-image: url(https:\/\/basaburua.eus\/wp-content\/uploads\/2025\/07\/euskaraldia_bilera-1536x1152-1-1024x768.jpg)\"><\/div><div class=\"w-ibanner-content\"><div class=\"w-ibanner-content-h\"><h4 class=\"w-ibanner-title\">Comisiones<\/h4><div class=\"w-ibanner-desc\"><p>En la actualidad, la actividad del Ayuntamiento de Basaburu se organiza a trav\u00e9s de comisiones.<\/p>\n<\/div><\/div><\/div><\/div><\/div><\/div><\/div><div class=\"wpb_column vc_column_container\"><div class=\"vc_column-inner\"><div class=\"w-ibanner animation_soter ratio_1x1 easing_ease\"><a href=\"\/es\/ayuntamiento-abierto\/servicios\/\" aria-label=\"Servicios municipales\"><\/a><div class=\"w-ibanner-h\"><div class=\"w-ibanner-image\" style=\"background-image: url(https:\/\/basaburua.eus\/wp-content\/uploads\/2025\/07\/bortizkeriaren_kontra_elkarretaratzea-1024x406-1.jpg)\"><\/div><div class=\"w-ibanner-content\"><div class=\"w-ibanner-content-h\"><h4 class=\"w-ibanner-title\">Servicios municipales<\/h4><div class=\"w-ibanner-desc\"><p>Servicios que el Ayuntamiento de Basaburu ofrece a la ciudadan\u00eda, tanto mancomunados como propios.<\/p>\n<\/div><\/div><\/div><\/div><\/div><\/div><\/div><\/div><\/div><\/div><\/div><\/div><\/section>\n","protected":false},"excerpt":{"rendered":"La gesti\u00f3n del Ayuntamiento de Basaburua busca fomentar la participaci\u00f3n ciudadana.Hace varios a\u00f1os que el Ayuntamiento de Basaburu ha tomado medidas para que la participaci\u00f3n ciudadana sea lo m\u00e1s amplia posible. La principal de estas medidas son los Comit\u00e9s abiertos. Cualquier ciudadano puede participar en estos comit\u00e9s, siendo las \u00fanicas condiciones para hacerlo la asistencia...","protected":false},"author":15,"featured_media":0,"parent":0,"menu_order":0,"comment_status":"closed","ping_status":"closed","template":"","meta":{"_acf_changed":false,"footnotes":""},"class_list":["post-13666","page","type-page","status-publish","hentry"],"acf":[],"_links":{"self":[{"href":"https:\/\/basaburua.eus\/es\/wp-json\/wp\/v2\/pages\/13666","targetHints":{"allow":["GET"]}}],"collection":[{"href":"https:\/\/basaburua.eus\/es\/wp-json\/wp\/v2\/pages"}],"about":[{"href":"https:\/\/basaburua.eus\/es\/wp-json\/wp\/v2\/types\/page"}],"author":[{"embeddable":true,"href":"https:\/\/basaburua.eus\/es\/wp-json\/wp\/v2\/users\/15"}],"replies":[{"embeddable":true,"href":"https:\/\/basaburua.eus\/es\/wp-json\/wp\/v2\/comments?post=13666"}],"version-history":[{"count":3,"href":"https:\/\/basaburua.eus\/es\/wp-json\/wp\/v2\/pages\/13666\/revisions"}],"predecessor-version":[{"id":13683,"href":"https:\/\/basaburua.eus\/es\/wp-json\/wp\/v2\/pages\/13666\/revisions\/13683"}],"wp:attachment":[{"href":"https:\/\/basaburua.eus\/es\/wp-json\/wp\/v2\/media?parent=13666"}],"curies":[{"name":"wp","href":"https:\/\/api.w.org\/{rel}","templated":true}]}}