{"id":13663,"date":"2025-07-22T07:50:17","date_gmt":"2025-07-22T05:50:17","guid":{"rendered":"https:\/\/basaburua.eus\/?page_id=13663"},"modified":"2025-12-11T13:52:00","modified_gmt":"2025-12-11T12:52:00","slug":"actividades","status":"publish","type":"page","link":"https:\/\/basaburua.eus\/es\/turismo\/actividades\/","title":{"rendered":"Actividades"},"content":{"rendered":"<section class=\"l-section wpb_row height_medium\"><div class=\"l-section-h i-cf\"><div class=\"g-cols vc_row via_grid cols_1 laptops-cols_inherit tablets-cols_inherit mobiles-cols_1 valign_top type_default stacking_default\"><div class=\"wpb_column vc_column_container\"><div class=\"vc_column-inner\"><div class=\"wpb_text_column\"><div class=\"wpb_wrapper\"><h3><strong>Gaztain azoka 2025<\/strong><\/h3>\n<\/div><\/div><div class=\"w-separator size_small\"><\/div><div class=\"g-cols wpb_row via_grid cols_2-1 laptops-cols_inherit tablets-cols_inherit mobiles-cols_1 valign_top type_default stacking_default\" style=\"--columns-gap:3rem;\"><div class=\"wpb_column vc_column_container\"><div class=\"vc_column-inner\"><div class=\"w-separator size_small\"><\/div><div class=\"w-btn-wrapper align_left\"><a class=\"w-btn us-btn-style_3 icon_atright\" target=\"_blank\" href=\"https:\/\/drive.google.com\/file\/d\/1drx2JjpyI0S3OMTbIMADP_o1SF5f64z_\/view?usp=drive_link\"><span class=\"w-btn-label\">Video<\/span><i class=\"fas fa-arrow-right\"><\/i><\/a><\/div><\/div><\/div><div class=\"wpb_column vc_column_container\"><div class=\"vc_column-inner\"><div class=\"w-image align_none\"><div class=\"w-image-h\"><img decoding=\"async\" width=\"1131\" height=\"1600\" src=\"https:\/\/basaburua.eus\/wp-content\/uploads\/2025\/12\/PHOTO-2025-10-22-20-32-29.jpg\" class=\"attachment-full size-full\" alt=\"\" loading=\"lazy\" srcset=\"https:\/\/basaburua.eus\/wp-content\/uploads\/2025\/12\/PHOTO-2025-10-22-20-32-29.jpg 1131w, https:\/\/basaburua.eus\/wp-content\/uploads\/2025\/12\/PHOTO-2025-10-22-20-32-29-212x300.jpg 212w, https:\/\/basaburua.eus\/wp-content\/uploads\/2025\/12\/PHOTO-2025-10-22-20-32-29-724x1024.jpg 724w\" sizes=\"auto, (max-width: 1131px) 100vw, 1131px\" \/><\/div><\/div><\/div><\/div><\/div><div class=\"w-separator size_medium\"><\/div><\/div><\/div><\/div><\/div><\/section><section class=\"l-section wpb_row height_medium\"><div class=\"l-section-h i-cf\"><div class=\"g-cols vc_row via_grid cols_1 laptops-cols_inherit tablets-cols_inherit mobiles-cols_1 valign_top type_default stacking_default\"><div class=\"wpb_column vc_column_container\"><div class=\"vc_column-inner\"><div class=\"wpb_text_column\"><div class=\"wpb_wrapper\"><h3><strong>Basaburua MTB \u2013 Rutas Mtb y enduro<\/strong><\/h3>\n<\/div><\/div><div class=\"w-separator size_small\"><\/div><div class=\"g-cols wpb_row via_grid cols_2-1 laptops-cols_inherit tablets-cols_inherit mobiles-cols_1 valign_top type_default stacking_default\" style=\"--columns-gap:3rem;\"><div class=\"wpb_column vc_column_container\"><div class=\"vc_column-inner\"><div class=\"wpb_text_column\"><div class=\"wpb_wrapper\"><p>Un grupo de apasionados del ciclismo de monta\u00f1a en el valle de Basaburua, situado al Noroeste de Navarra. Varios a\u00f1os construyendo, adecuando y manteniendo los senderos, siempre siendo respetuosos con el medio ambiente, con el objetivo de hacer de el valle un destino id\u00edlico para la pr\u00e1ctica del MTB.<\/p>\n<p>Ven a conocer y a disfrutar de este maravilloso entorno, en el que podr\u00e1s disfrutar de una gran variedad de senderos, desde senderos naturales utilizados por los antepasados para el contrabando, hacer carb\u00f3n y traer le\u00f1a del monte, hasta los senderos mimados al m\u00ednimo detalle por los<span>\u00a0<\/span><a href=\"https:\/\/basaburuamtb.com\/servicios\/\">trailbuilders<\/a>. Todo ello en bosques salvajes de hayas, robles, casta\u00f1os, abetos, pinos\u2026har\u00e1n que t\u00fa viaje en bici sea un disfrute.<\/p>\n<\/div><\/div><div class=\"w-separator size_small\"><\/div><div class=\"w-btn-wrapper align_left\"><a class=\"w-btn us-btn-style_3 icon_atright\" target=\"_blank\" href=\"https:\/\/basaburuamtb.com\"><span class=\"w-btn-label\">Ver rutas MTB y enduro<\/span><i class=\"fas fa-arrow-right\"><\/i><\/a><\/div><\/div><\/div><div class=\"wpb_column vc_column_container\"><div class=\"vc_column-inner\"><div class=\"w-image align_none\"><div class=\"w-image-h\"><img decoding=\"async\" width=\"2000\" height=\"1333\" src=\"https:\/\/basaburua.eus\/wp-content\/uploads\/2025\/07\/TT_LocalTrails-319-1-2000x1333-1.jpg\" class=\"attachment-full size-full\" alt=\"\" loading=\"lazy\" srcset=\"https:\/\/basaburua.eus\/wp-content\/uploads\/2025\/07\/TT_LocalTrails-319-1-2000x1333-1.jpg 2000w, https:\/\/basaburua.eus\/wp-content\/uploads\/2025\/07\/TT_LocalTrails-319-1-2000x1333-1-300x200.jpg 300w, https:\/\/basaburua.eus\/wp-content\/uploads\/2025\/07\/TT_LocalTrails-319-1-2000x1333-1-1024x682.jpg 1024w\" sizes=\"auto, (max-width: 2000px) 100vw, 2000px\" \/><\/div><\/div><\/div><\/div><\/div><div class=\"w-separator size_medium\"><\/div><\/div><\/div><\/div><\/div><\/section>\n","protected":false},"excerpt":{"rendered":"Gaztain azoka 2025 VideoBasaburua MTB \u2013 Rutas Mtb y enduro Un grupo de apasionados del ciclismo de monta\u00f1a en el valle de Basaburua, situado al Noroeste de Navarra. Varios a\u00f1os construyendo, adecuando y manteniendo los senderos, siempre siendo respetuosos con el medio ambiente, con el objetivo de hacer de el valle un destino id\u00edlico para...","protected":false},"author":15,"featured_media":0,"parent":13643,"menu_order":0,"comment_status":"closed","ping_status":"closed","template":"","meta":{"_acf_changed":false,"footnotes":""},"class_list":["post-13663","page","type-page","status-publish","hentry"],"acf":[],"_links":{"self":[{"href":"https:\/\/basaburua.eus\/es\/wp-json\/wp\/v2\/pages\/13663","targetHints":{"allow":["GET"]}}],"collection":[{"href":"https:\/\/basaburua.eus\/es\/wp-json\/wp\/v2\/pages"}],"about":[{"href":"https:\/\/basaburua.eus\/es\/wp-json\/wp\/v2\/types\/page"}],"author":[{"embeddable":true,"href":"https:\/\/basaburua.eus\/es\/wp-json\/wp\/v2\/users\/15"}],"replies":[{"embeddable":true,"href":"https:\/\/basaburua.eus\/es\/wp-json\/wp\/v2\/comments?post=13663"}],"version-history":[{"count":4,"href":"https:\/\/basaburua.eus\/es\/wp-json\/wp\/v2\/pages\/13663\/revisions"}],"predecessor-version":[{"id":14184,"href":"https:\/\/basaburua.eus\/es\/wp-json\/wp\/v2\/pages\/13663\/revisions\/14184"}],"up":[{"embeddable":true,"href":"https:\/\/basaburua.eus\/es\/wp-json\/wp\/v2\/pages\/13643"}],"wp:attachment":[{"href":"https:\/\/basaburua.eus\/es\/wp-json\/wp\/v2\/media?parent=13663"}],"curies":[{"name":"wp","href":"https:\/\/api.w.org\/{rel}","templated":true}]}}