{"id":13660,"date":"2025-07-21T12:01:24","date_gmt":"2025-07-21T11:01:24","guid":{"rendered":"https:\/\/basaburua.eus\/?page_id=13660"},"modified":"2025-10-24T12:47:25","modified_gmt":"2025-10-24T11:47:25","slug":"robles-monumentales-de-jauntsarats","status":"publish","type":"page","link":"https:\/\/basaburua.eus\/es\/turismo\/recorridos\/robles-monumentales-de-jauntsarats\/","title":{"rendered":"Robles Monumentales de Jauntsarats"},"content":{"rendered":"<section class=\"l-section wpb_row height_medium\"><div class=\"l-section-h i-cf\"><div class=\"g-cols vc_row via_grid cols_1 laptops-cols_inherit tablets-cols_inherit mobiles-cols_1 valign_top type_default stacking_default\"><div class=\"wpb_column vc_column_container\"><div class=\"vc_column-inner\"><div class=\"g-cols wpb_row via_grid cols_2 laptops-cols_inherit tablets-cols_inherit mobiles-cols_1 valign_top type_default stacking_default\" style=\"--columns-gap:3rem;\"><div class=\"wpb_column vc_column_container\"><div class=\"vc_column-inner\"><div class=\"w-image has_ratio align_center\"><div class=\"w-image-h\"><div style=\"padding-bottom:66.6667%\"><\/div><img decoding=\"async\" width=\"750\" height=\"500\" src=\"https:\/\/basaburua.eus\/wp-content\/uploads\/2025\/07\/aritza-II-2_500.jpg\" class=\"attachment-full size-full\" alt=\"\" loading=\"lazy\" \/><\/div><\/div><\/div><\/div><div class=\"wpb_column vc_column_container\"><div class=\"vc_column-inner\"><div class=\"w-vwrapper align_none valign_top us_custom_02a1e474\" style=\"--vwrapper-gap:0.9rem\"><div class=\"wpb_text_column\"><div class=\"wpb_wrapper\"><h5>Robles Monumentales de Jauntsarats<\/h5>\n<\/div><\/div><div class=\"w-iconbox iconpos_left style_default color_primary align_left no_text\"><div class=\"w-iconbox-icon\" style=\"font-size:1.4rem;\"><i class=\"fas fa-map-marked-alt\"><\/i><\/div><div class=\"w-iconbox-meta\"><p class=\"w-iconbox-title\">Inicio\u2013 Fin: Jauntsarats (junto al colegio)<\/p><\/div><\/div><div class=\"w-iconbox iconpos_left style_default color_primary align_left no_text\"><div class=\"w-iconbox-icon\" style=\"font-size:1.6rem;\"><i class=\"fas fa-hiking\"><\/i><\/div><div class=\"w-iconbox-meta\"><p class=\"w-iconbox-title\">Recorrido: 1,9 km<\/p><\/div><\/div><div class=\"w-iconbox iconpos_left style_default color_primary align_left no_text\"><div class=\"w-iconbox-icon\" style=\"font-size:1.4rem;\"><i class=\"fas fa-mountain\"><\/i><\/div><div class=\"w-iconbox-meta\"><p class=\"w-iconbox-title\">Desnivel: +-10m<\/p><\/div><\/div><\/div><\/div><\/div><\/div><div class=\"w-separator size_medium\"><\/div><div class=\"g-cols wpb_row via_grid cols_3 laptops-cols_inherit tablets-cols_inherit mobiles-cols_1 valign_top type_default stacking_default\" style=\"--columns-gap:3rem;\"><div class=\"wpb_column vc_column_container\"><div class=\"vc_column-inner\"><div class=\"wpb_text_column\"><div class=\"wpb_wrapper\"><h3><strong>Descripci\u00f3n del recorrido<\/strong><\/h3>\n<\/div><\/div><\/div><\/div><div class=\"wpb_column vc_column_container\"><div class=\"vc_column-inner\"><div class=\"wpb_text_column\"><div class=\"wpb_wrapper\"><p>Partiremos del aparcamiento ubicado junto a la escuela y al polideportivo de Jauntsara, y recorreremos un sendero de 1.800 metros. Seguiremos el camino adaptado y, tras realizar el recorrido circular, regresaremos al punto de inicio.<\/p>\n<p>El recorrido atraviesa un \u201cbosque de robles de la llanura\u201d; por esta raz\u00f3n, este h\u00e1bitat de inter\u00e9s europeo ha sido incluido en la Red Natura 2000 (\u201cBosques de robles de Ultzama y Basaburua\u201d).<\/p>\n<p>A lo largo del camino encontraremos dos ejemplares viejos de roble com\u00fan (Quercus robur), que son testigos de la estrecha relaci\u00f3n entre los habitantes locales y el entorno.<\/p>\n<\/div><\/div><\/div><\/div><div class=\"wpb_column vc_column_container\"><div class=\"vc_column-inner\"><div class=\"wpb_text_column\"><div class=\"wpb_wrapper\"><p>Esos \u00e1rboles fueron podados regularmente durante cientos de a\u00f1os (completamente despojados). Sus ramas se aprovechaban para madera y carb\u00f3n, mientras que las hojas y frutos se usaban como alimento para el ganado.<\/p>\n<p>Cada uno de esos \u00e1rboles constituye un ecosistema en s\u00ed mismo, dado lo compleja que es la fauna y flora asociada a ellos.<\/p>\n<p>Debido a su valor e inter\u00e9s, y a lo singulares que son, estos \u00e1rboles reciben una protecci\u00f3n especial como \u201croble monumental de Navarra\u201d y merecen nuestro respeto.<\/p>\n<\/div><\/div><\/div><\/div><\/div><div class=\"w-separator size_medium\"><\/div><div class=\"g-cols wpb_row via_grid cols_1 laptops-cols_inherit tablets-cols_inherit mobiles-cols_1 valign_top type_default stacking_default\" style=\"--columns-gap:3rem;\"><div class=\"wpb_column vc_column_container\"><div class=\"vc_column-inner\"><div class=\"w-tabs style_default switch_click accordion has_scrolling\" style=\"--sections-title-size:inherit\"><div class=\"w-tabs-sections titles-align_none icon_chevron cpos_right\"><div class=\"w-tabs-section\" id=\"c3c5\"><button class=\"w-tabs-section-header\" aria-controls=\"content-c3c5\" aria-expanded=\"false\"><div class=\"w-tabs-section-title\">Mapa<\/div><div class=\"w-tabs-section-control\"><\/div><\/button><div  class=\"w-tabs-section-content\" id=\"content-c3c5\"><div class=\"w-tabs-section-content-h i-cf\"><div class=\"w-image align_none\"><div class=\"w-image-h\"><img decoding=\"async\" width=\"1271\" height=\"1350\" src=\"https:\/\/basaburua.eus\/wp-content\/uploads\/2025\/07\/haritzak_ibilbidea_marrazkia-1271x1350-1.jpg\" class=\"attachment-full size-full\" alt=\"\" loading=\"lazy\" srcset=\"https:\/\/basaburua.eus\/wp-content\/uploads\/2025\/07\/haritzak_ibilbidea_marrazkia-1271x1350-1.jpg 1271w, https:\/\/basaburua.eus\/wp-content\/uploads\/2025\/07\/haritzak_ibilbidea_marrazkia-1271x1350-1-282x300.jpg 282w, https:\/\/basaburua.eus\/wp-content\/uploads\/2025\/07\/haritzak_ibilbidea_marrazkia-1271x1350-1-964x1024.jpg 964w\" sizes=\"auto, (max-width: 1271px) 100vw, 1271px\" \/><\/div><\/div><\/div><\/div><\/div><div class=\"w-tabs-section\" id=\"g514\"><button class=\"w-tabs-section-header\" aria-controls=\"content-g514\" aria-expanded=\"false\"><div class=\"w-tabs-section-title\">Roble de Kisulabe<\/div><div class=\"w-tabs-section-control\"><\/div><\/button><div  class=\"w-tabs-section-content\" id=\"content-g514\"><div class=\"w-tabs-section-content-h i-cf\"><div class=\"w-btn-wrapper align_left\"><a class=\"w-btn us-btn-style_3 icon_atright\" target=\"_blank\" href=\"\/wp-content\/uploads\/2025\/07\/MN8RobledeJauntsarats.pdf\"><span class=\"w-btn-label\">Descargar ficha<\/span><i class=\"fas fa-arrow-to-bottom\"><\/i><\/a><\/div><\/div><\/div><\/div><div class=\"w-tabs-section\" id=\"l5af\"><button class=\"w-tabs-section-header\" aria-controls=\"content-l5af\" aria-expanded=\"false\"><div class=\"w-tabs-section-title\">Roble de Behitiko Landa<\/div><div class=\"w-tabs-section-control\"><\/div><\/button><div  class=\"w-tabs-section-content\" id=\"content-l5af\"><div class=\"w-tabs-section-content-h i-cf\"><div class=\"w-btn-wrapper align_left\"><a class=\"w-btn us-btn-style_3 icon_atright\" target=\"_blank\" href=\"\/wp-content\/uploads\/2025\/07\/MN9RobledeJauntsaratsII.pdf\"><span class=\"w-btn-label\">Descargar ficha<\/span><i class=\"fas fa-arrow-to-bottom\"><\/i><\/a><\/div><\/div><\/div><\/div><\/div><\/div><\/div><\/div><\/div><div class=\"w-separator size_medium\"><\/div><div class=\"g-cols wpb_row via_grid cols_1 laptops-cols_inherit tablets-cols_inherit mobiles-cols_1 valign_top type_default stacking_default\" style=\"--columns-gap:3rem;\"><div class=\"wpb_column vc_column_container\"><div class=\"vc_column-inner\"><div class=\"wpb_text_column\"><div class=\"wpb_wrapper\"><div id=\"lmm_683a940a\" style=\"width:100%;\" class=\"mapsmarker layermap layer-11\">\n<div id=\"lmm_panel_683a940a\" class=\"lmm-panel\" style=\"background:#efefef;\">\n<div id=\"lmm_panel_api_683a940a\" class=\"lmm-panel-api\"><\/div><div id=\"lmm_panel_text_683a940a\" class=\"lmm-panel-text\" style=\"font-weight:bold;color:#373737;\">Jauntsarasko Haritz Monumentalak<\/div>\n<\/div>\n<div id=\"lmm_map_683a940a\" class=\"lmm-map\" style=\"background:#f6f6f6;border:1px solid #ccc;height:500px; overflow:hidden;padding:0;\"><p style=\"font-size:80%;color:#9f9e9e;margin-left:5px;\">cargando mapa - por favor, espere...<noscript><br\/><strong>El mapa no ha podido ser cargado - por favor, \u00a1active Javascript!<\/strong><br\/><a style=\"text-decoration:none;\" href=\"https:\/\/www.mapsmarker.com\/js-disabled\" target=\"_blank\">&rarr; m\u00e1s informaci\u00f3n<\/a><\/noscript><\/p><\/div>\n<div id=\"lmm_geo_tags_683a940a_65\" class=\"lmm-geo-tags geo\">Jauntsarasko Haritzak Parking: <span class=\"latitude\">43.001667<\/span>, <span class=\"longitude\">-1.797998<\/span><\/div>\n<div id=\"lmm_geo_tags_683a940a_66\" class=\"lmm-geo-tags geo\">Kisulabeko Haritza: <span class=\"latitude\">43.002681<\/span>, <span class=\"longitude\">-1.797569<\/span><\/div>\n<div id=\"lmm_geo_tags_683a940a_67\" class=\"lmm-geo-tags geo\">Beheitiko Landako Haritza: <span class=\"latitude\">42.997675<\/span>, <span class=\"longitude\">-1.798096<\/span><\/div>\n<\/div>\n<\/div><\/div><\/div><\/div><\/div><div class=\"w-separator size_medium\"><\/div><div class=\"w-btn-wrapper align_right\"><a class=\"w-btn us-btn-style_1 icon_atleft\" href=\"\/es\/turismo\/recorridos\/\"><i class=\"fas fa-arrow-left\"><\/i><span class=\"w-btn-label\">VOLVER A RECORRIDOS<\/span><\/a><\/div><\/div><\/div><\/div><\/div><\/section>\n","protected":false},"excerpt":{"rendered":"Robles Monumentales de Jauntsarats Inicio\u2013 Fin: Jauntsarats (junto al colegio)Recorrido: 1,9 kmDesnivel: +-10mDescripci\u00f3n del recorrido Partiremos del aparcamiento ubicado junto a la escuela y al polideportivo de Jauntsara, y recorreremos un sendero de 1.800 metros. Seguiremos el camino adaptado y, tras realizar el recorrido circular, regresaremos al punto de inicio. El recorrido atraviesa un \u201cbosque...","protected":false},"author":15,"featured_media":0,"parent":13648,"menu_order":0,"comment_status":"closed","ping_status":"closed","template":"","meta":{"_acf_changed":false,"footnotes":""},"class_list":["post-13660","page","type-page","status-publish","hentry"],"acf":[],"_links":{"self":[{"href":"https:\/\/basaburua.eus\/es\/wp-json\/wp\/v2\/pages\/13660","targetHints":{"allow":["GET"]}}],"collection":[{"href":"https:\/\/basaburua.eus\/es\/wp-json\/wp\/v2\/pages"}],"about":[{"href":"https:\/\/basaburua.eus\/es\/wp-json\/wp\/v2\/types\/page"}],"author":[{"embeddable":true,"href":"https:\/\/basaburua.eus\/es\/wp-json\/wp\/v2\/users\/15"}],"replies":[{"embeddable":true,"href":"https:\/\/basaburua.eus\/es\/wp-json\/wp\/v2\/comments?post=13660"}],"version-history":[{"count":3,"href":"https:\/\/basaburua.eus\/es\/wp-json\/wp\/v2\/pages\/13660\/revisions"}],"predecessor-version":[{"id":13797,"href":"https:\/\/basaburua.eus\/es\/wp-json\/wp\/v2\/pages\/13660\/revisions\/13797"}],"up":[{"embeddable":true,"href":"https:\/\/basaburua.eus\/es\/wp-json\/wp\/v2\/pages\/13648"}],"wp:attachment":[{"href":"https:\/\/basaburua.eus\/es\/wp-json\/wp\/v2\/media?parent=13660"}],"curies":[{"name":"wp","href":"https:\/\/api.w.org\/{rel}","templated":true}]}}