{"id":13653,"date":"2025-07-21T12:18:28","date_gmt":"2025-07-21T11:18:28","guid":{"rendered":"https:\/\/basaburua.eus\/?page_id=13653"},"modified":"2025-10-24T12:48:22","modified_gmt":"2025-10-24T11:48:22","slug":"vuelta-basaburua","status":"publish","type":"page","link":"https:\/\/basaburua.eus\/es\/turismo\/recorridos\/vuelta-basaburua\/","title":{"rendered":"Vuelta a Basaburua &#8211; Sendas entre los pueblos"},"content":{"rendered":"<section class=\"l-section wpb_row height_medium\"><div class=\"l-section-h i-cf\"><div class=\"g-cols vc_row via_grid cols_1 laptops-cols_inherit tablets-cols_inherit mobiles-cols_1 valign_top type_default stacking_default\"><div class=\"wpb_column vc_column_container\"><div class=\"vc_column-inner\"><div class=\"g-cols wpb_row via_grid cols_2 laptops-cols_inherit tablets-cols_inherit mobiles-cols_1 valign_top type_default stacking_default\" style=\"--columns-gap:3rem;\"><div class=\"wpb_column vc_column_container\"><div class=\"vc_column-inner\"><div class=\"w-image has_ratio align_center\"><div class=\"w-image-h\"><div style=\"padding-bottom:66.6667%\"><\/div><img decoding=\"async\" width=\"1536\" height=\"864\" src=\"https:\/\/basaburua.eus\/wp-content\/uploads\/2025\/07\/soroak-1536x864-1.jpg\" class=\"attachment-full size-full\" alt=\"\" loading=\"lazy\" \/><\/div><\/div><\/div><\/div><div class=\"wpb_column vc_column_container\"><div class=\"vc_column-inner\"><div class=\"w-vwrapper align_none valign_top us_custom_02a1e474\" style=\"--vwrapper-gap:0.9rem\"><div class=\"wpb_text_column\"><div class=\"wpb_wrapper\"><h5>Vuelta a Basaburua &#8211; Senda entre los pueblos<\/h5>\n<\/div><\/div><div class=\"w-iconbox iconpos_left style_default color_primary align_left no_text\"><div class=\"w-iconbox-icon\" style=\"font-size:1.4rem;\"><i class=\"fas fa-map-marked-alt\"><\/i><\/div><div class=\"w-iconbox-meta\"><p class=\"w-iconbox-title\">Inicio \u2013 Fin: Pueblos de basaburua (cualquiera)<\/p><\/div><\/div><div class=\"w-iconbox iconpos_left style_default color_primary align_left no_text\"><div class=\"w-iconbox-icon\" style=\"font-size:1.6rem;\"><i class=\"fas fa-hiking\"><\/i><\/div><div class=\"w-iconbox-meta\"><p class=\"w-iconbox-title\">Recorrido: 25,9 km \/ 22,7 km \/ 39 km<\/p><\/div><\/div><div class=\"w-iconbox iconpos_left style_default color_primary align_left no_text\"><div class=\"w-iconbox-icon\" style=\"font-size:1.4rem;\"><i class=\"fas fa-mountain\"><\/i><\/div><div class=\"w-iconbox-meta\"><p class=\"w-iconbox-title\">Desnivel: 736 m \/ 780 m \/ 1240 m<\/p><\/div><\/div><\/div><\/div><\/div><\/div><div class=\"w-separator size_medium\"><\/div><div class=\"g-cols wpb_row via_grid cols_3 laptops-cols_inherit tablets-cols_inherit mobiles-cols_1 valign_top type_default stacking_default\" style=\"--columns-gap:3rem;\"><div class=\"wpb_column vc_column_container\"><div class=\"vc_column-inner\"><div class=\"wpb_text_column\"><div class=\"wpb_wrapper\"><h3><strong>Descripci\u00f3n del recorrido<\/strong><\/h3>\n<\/div><\/div><\/div><\/div><div class=\"wpb_column vc_column_container\"><div class=\"vc_column-inner\"><div class=\"wpb_text_column\"><div class=\"wpb_wrapper\"><p>Hemos creado caminos, senderos, caminos secundarios, lugares y conexiones entre personas para unirnos, reunirnos y conectar. Lamentablemente, los trazos hechos por los pies han sido borrados por las dr\u00e1sticas transformaciones del \u00faltimo siglo. Las relaciones humanas y los lazos entre pueblos tambi\u00e9n se han visto afectados, quiz\u00e1s.<\/p>\n<p>Nuestros antepasados utilizaban estos caminos como medios habituales de comunicaci\u00f3n en su vida diaria; hoy en d\u00eda, con el fin de mejorar las relaciones humanas y fomentar h\u00e1bitos m\u00e1s saludables, estamos recuperando esos caminos, ya que Basaburua quiere basar su desarrollo en ello, con el objetivo de lograr un desarrollo saludable y sostenible en el que todos compartimos la responsabilidad hacia la tierra que nos acoge.<\/p>\n<\/div><\/div><\/div><\/div><div class=\"wpb_column vc_column_container\"><div class=\"vc_column-inner\"><div class=\"wpb_text_column\"><div class=\"wpb_wrapper\"><p>El recorrido est\u00e1 bien se\u00f1alizado y en cada pueblo hay un panel que explica el entorno.<\/p>\n<p>Es apto tanto para hacerlo a pie como en bicicleta.<\/p>\n<p>El recorrido atraviesa peque\u00f1os y pintorescos pueblos, praderas, campos de cultivo y hermosos bosques.<\/p>\n<p>Tendr\u00e9is la oportunidad de hacer rutas de diferentes tama\u00f1os y desniveles. Aqu\u00ed se describen tres opciones de recorrido: la de la parte baja del valle, la de la parte alta y la que une ambas, pero tambi\u00e9n existen otras alternativas tomando atajos.<\/p>\n<\/div><\/div><\/div><\/div><\/div><div class=\"w-separator size_medium\"><\/div><div class=\"g-cols wpb_row via_grid cols_1 laptops-cols_inherit tablets-cols_inherit mobiles-cols_1 valign_top type_default stacking_default\" style=\"--columns-gap:3rem;\"><div class=\"wpb_column vc_column_container\"><div class=\"vc_column-inner\"><div class=\"w-tabs style_default switch_click accordion has_scrolling\" style=\"--sections-title-size:inherit\"><div class=\"w-tabs-sections titles-align_none icon_chevron cpos_right\"><div class=\"w-tabs-section\" id=\"k7b1\"><button class=\"w-tabs-section-header\" aria-controls=\"content-k7b1\" aria-expanded=\"false\"><div class=\"w-tabs-section-title\">Mapa<\/div><div class=\"w-tabs-section-control\"><\/div><\/button><div  class=\"w-tabs-section-content\" id=\"content-k7b1\"><div class=\"w-tabs-section-content-h i-cf\"><div class=\"w-image align_none\"><div class=\"w-image-h\"><img decoding=\"async\" width=\"1200\" height=\"1257\" src=\"https:\/\/basaburua.eus\/wp-content\/uploads\/2025\/07\/basburuko_itzulia_mapa.jpg\" class=\"attachment-full size-full\" alt=\"\" loading=\"lazy\" srcset=\"https:\/\/basaburua.eus\/wp-content\/uploads\/2025\/07\/basburuko_itzulia_mapa.jpg 1200w, https:\/\/basaburua.eus\/wp-content\/uploads\/2025\/07\/basburuko_itzulia_mapa-286x300.jpg 286w, https:\/\/basaburua.eus\/wp-content\/uploads\/2025\/07\/basburuko_itzulia_mapa-978x1024.jpg 978w\" sizes=\"auto, (max-width: 1200px) 100vw, 1200px\" \/><\/div><\/div><\/div><\/div><\/div><div class=\"w-tabs-section\" id=\"xc36\"><button class=\"w-tabs-section-header\" aria-controls=\"content-xc36\" aria-expanded=\"false\"><div class=\"w-tabs-section-title\">Track de la ruta<\/div><div class=\"w-tabs-section-control\"><\/div><\/button><div  class=\"w-tabs-section-content\" id=\"content-xc36\"><div class=\"w-tabs-section-content-h i-cf\"><div class=\"w-image align_none\"><div class=\"w-image-h\"><img decoding=\"async\" width=\"1494\" height=\"402\" src=\"https:\/\/basaburua.eus\/wp-content\/uploads\/2025\/07\/basburuko_itzulia_profila-1.jpg\" class=\"attachment-full size-full\" alt=\"\" loading=\"lazy\" srcset=\"https:\/\/basaburua.eus\/wp-content\/uploads\/2025\/07\/basburuko_itzulia_profila-1.jpg 1494w, https:\/\/basaburua.eus\/wp-content\/uploads\/2025\/07\/basburuko_itzulia_profila-1-300x81.jpg 300w, https:\/\/basaburua.eus\/wp-content\/uploads\/2025\/07\/basburuko_itzulia_profila-1-1024x276.jpg 1024w\" sizes=\"auto, (max-width: 1494px) 100vw, 1494px\" \/><\/div><\/div><div class=\"w-image align_none\"><div class=\"w-image-h\"><img decoding=\"async\" width=\"1536\" height=\"369\" src=\"https:\/\/basaburua.eus\/wp-content\/uploads\/2025\/07\/basburuko_itzulia_profila-2-1536x369-1.jpg\" class=\"attachment-full size-full\" alt=\"\" loading=\"lazy\" srcset=\"https:\/\/basaburua.eus\/wp-content\/uploads\/2025\/07\/basburuko_itzulia_profila-2-1536x369-1.jpg 1536w, https:\/\/basaburua.eus\/wp-content\/uploads\/2025\/07\/basburuko_itzulia_profila-2-1536x369-1-300x72.jpg 300w, https:\/\/basaburua.eus\/wp-content\/uploads\/2025\/07\/basburuko_itzulia_profila-2-1536x369-1-1024x246.jpg 1024w\" sizes=\"auto, (max-width: 1536px) 100vw, 1536px\" \/><\/div><\/div><\/div><\/div><\/div><\/div><\/div><\/div><\/div><\/div><div class=\"w-separator size_medium\"><\/div><div class=\"w-btn-wrapper align_right\"><a class=\"w-btn us-btn-style_1 icon_atleft\" href=\"\/es\/turismo\/recorridos\/\"><i class=\"fas fa-arrow-left\"><\/i><span class=\"w-btn-label\">VOLVER A RECORRIDOS<\/span><\/a><\/div><\/div><\/div><\/div><\/div><\/section>\n","protected":false},"excerpt":{"rendered":"Vuelta a Basaburua &#8211; Senda entre los pueblos Inicio \u2013 Fin: Pueblos de basaburua (cualquiera)Recorrido: 25,9 km \/ 22,7 km \/ 39 kmDesnivel: 736 m \/ 780 m \/ 1240 mDescripci\u00f3n del recorrido Hemos creado caminos, senderos, caminos secundarios, lugares y conexiones entre personas para unirnos, reunirnos y conectar. Lamentablemente, los trazos hechos por los...","protected":false},"author":15,"featured_media":0,"parent":13648,"menu_order":0,"comment_status":"closed","ping_status":"closed","template":"","meta":{"_acf_changed":false,"footnotes":""},"class_list":["post-13653","page","type-page","status-publish","hentry"],"acf":[],"_links":{"self":[{"href":"https:\/\/basaburua.eus\/es\/wp-json\/wp\/v2\/pages\/13653","targetHints":{"allow":["GET"]}}],"collection":[{"href":"https:\/\/basaburua.eus\/es\/wp-json\/wp\/v2\/pages"}],"about":[{"href":"https:\/\/basaburua.eus\/es\/wp-json\/wp\/v2\/types\/page"}],"author":[{"embeddable":true,"href":"https:\/\/basaburua.eus\/es\/wp-json\/wp\/v2\/users\/15"}],"replies":[{"embeddable":true,"href":"https:\/\/basaburua.eus\/es\/wp-json\/wp\/v2\/comments?post=13653"}],"version-history":[{"count":4,"href":"https:\/\/basaburua.eus\/es\/wp-json\/wp\/v2\/pages\/13653\/revisions"}],"predecessor-version":[{"id":13798,"href":"https:\/\/basaburua.eus\/es\/wp-json\/wp\/v2\/pages\/13653\/revisions\/13798"}],"up":[{"embeddable":true,"href":"https:\/\/basaburua.eus\/es\/wp-json\/wp\/v2\/pages\/13648"}],"wp:attachment":[{"href":"https:\/\/basaburua.eus\/es\/wp-json\/wp\/v2\/media?parent=13653"}],"curies":[{"name":"wp","href":"https:\/\/api.w.org\/{rel}","templated":true}]}}