{"id":13651,"date":"2025-07-21T12:25:43","date_gmt":"2025-07-21T11:25:43","guid":{"rendered":"https:\/\/basaburua.eus\/?page_id=13651"},"modified":"2025-10-24T12:44:41","modified_gmt":"2025-10-24T11:44:41","slug":"basaburua-imotz","status":"publish","type":"page","link":"https:\/\/basaburua.eus\/es\/turismo\/recorridos\/basaburua-imotz\/","title":{"rendered":"Basaburua-Imotz \u00b7 Recorrido entre pueblos"},"content":{"rendered":"<section class=\"l-section wpb_row height_medium\"><div class=\"l-section-h i-cf\"><div class=\"g-cols vc_row via_grid cols_1 laptops-cols_inherit tablets-cols_inherit mobiles-cols_1 valign_top type_default stacking_default\"><div class=\"wpb_column vc_column_container\"><div class=\"vc_column-inner\"><div class=\"g-cols wpb_row via_grid cols_2 laptops-cols_inherit tablets-cols_inherit mobiles-cols_1 valign_top type_default stacking_default\" style=\"--columns-gap:3rem;\"><div class=\"wpb_column vc_column_container\"><div class=\"vc_column-inner\"><div class=\"w-image has_ratio align_center\"><div class=\"w-image-h\"><div style=\"padding-bottom:66.6667%\"><\/div><img decoding=\"async\" width=\"1536\" height=\"864\" src=\"https:\/\/basaburua.eus\/wp-content\/uploads\/2025\/07\/jauntsarats_basotik-1-1536x864-1.jpg\" class=\"attachment-full size-full\" alt=\"\" loading=\"lazy\" \/><\/div><\/div><\/div><\/div><div class=\"wpb_column vc_column_container\"><div class=\"vc_column-inner\"><div class=\"w-vwrapper align_none valign_top us_custom_02a1e474\" style=\"--vwrapper-gap:0.9rem\"><div class=\"wpb_text_column\"><div class=\"wpb_wrapper\"><h5>Basaburua-Imotz \u00b7 Recorrido entre pueblos<\/h5>\n<\/div><\/div><div class=\"w-iconbox iconpos_left style_default color_primary align_left no_text\"><div class=\"w-iconbox-icon\" style=\"font-size:1.4rem;\"><i class=\"fas fa-map-marked-alt\"><\/i><\/div><div class=\"w-iconbox-meta\"><p class=\"w-iconbox-title\">Inicio \u2013 Fin: Beramendi, Udabe, Imozko<\/p><\/div><\/div><div class=\"w-iconbox iconpos_left style_default color_primary align_left no_text\"><div class=\"w-iconbox-icon\" style=\"font-size:1.6rem;\"><i class=\"fas fa-hiking\"><\/i><\/div><div class=\"w-iconbox-meta\"><p class=\"w-iconbox-title\">Recorrido: 34,5 km<\/p><\/div><\/div><div class=\"w-iconbox iconpos_left style_default color_primary align_left no_text\"><div class=\"w-iconbox-icon\" style=\"font-size:1.4rem;\"><i class=\"fas fa-mountain\"><\/i><\/div><div class=\"w-iconbox-meta\"><p class=\"w-iconbox-title\">Desnivel: 900m<\/p><\/div><\/div><\/div><\/div><\/div><\/div><div class=\"w-separator size_medium\"><\/div><div class=\"g-cols wpb_row via_grid cols_3 laptops-cols_inherit tablets-cols_inherit mobiles-cols_1 valign_top type_default stacking_default\" style=\"--columns-gap:3rem;\"><div class=\"wpb_column vc_column_container\"><div class=\"vc_column-inner\"><div class=\"wpb_text_column\"><div class=\"wpb_wrapper\"><h3><span>Descripci\u00f3n del recorrido<\/span><\/h3>\n<\/div><\/div><\/div><\/div><div class=\"wpb_column vc_column_container\"><div class=\"vc_column-inner\"><div class=\"wpb_text_column\"><div class=\"wpb_wrapper\"><p>Hemos creado caminos, senderos, veredas, lugares y conexiones humanas para unir y relacionar a las personas. Sin embargo, los trazos que nuestros pies dibujaron han sido, lamentablemente, borrados por las transformaciones dr\u00e1sticas del \u00faltimo siglo. Lo mismo ha ocurrido con las relaciones humanas y los v\u00ednculos entre pueblos.<\/p>\n<p>Nuestros antepasados, en su vida diaria, contaban con v\u00edas de comunicaci\u00f3n habituales; hoy en d\u00eda, estamos recuperando esos caminos para fomentar relaciones humanas y h\u00e1bitos m\u00e1s saludables. Precisamente, Basaburua pretende basar su desarrollo en un crecimiento sostenible y responsable, donde el bienestar de todos est\u00e9 en armon\u00eda con el entorno natural que nos acoge.<\/p>\n<\/div><\/div><\/div><\/div><div class=\"wpb_column vc_column_container\"><div class=\"vc_column-inner\"><div class=\"wpb_text_column\"><div class=\"wpb_wrapper\"><p>Este recorrido atraviesa los pueblos de Udabe, Beramendi y el valle de Imoz. Est\u00e1 bien se\u00f1alizado, y en cada localidad hay paneles informativos sobre el entorno.<\/p>\n<p>Es apto tanto para hacer a pie como en bicicleta.<\/p>\n<p>El itinerario cruza pueblos peque\u00f1os pero encantadores, praderas, campos de cultivo y hermosos bosques.<\/p>\n<p>Adem\u00e1s, ofrece opciones de recorridos de diferentes longitudes y desniveles, adapt\u00e1ndose a distintos niveles de dificultad y resistencia.<\/p>\n<\/div><\/div><\/div><\/div><\/div><div class=\"w-separator size_medium\"><\/div><div class=\"g-cols wpb_row via_grid cols_1 laptops-cols_inherit tablets-cols_inherit mobiles-cols_1 valign_top type_default stacking_default\" style=\"--columns-gap:3rem;\"><div class=\"wpb_column vc_column_container\"><div class=\"vc_column-inner\"><div class=\"wpb_text_column\"><div class=\"wpb_wrapper\"><h3><strong>Informaci\u00f3n \u00fatil<\/strong><\/h3>\n<\/div><\/div><div class=\"w-separator size_small\"><\/div><div class=\"w-tabs style_default switch_click accordion has_scrolling\" style=\"--sections-title-size:inherit\"><div class=\"w-tabs-sections titles-align_none icon_chevron cpos_right\"><div class=\"w-tabs-section\" id=\"d46e\"><button class=\"w-tabs-section-header\" aria-controls=\"content-d46e\" aria-expanded=\"false\"><div class=\"w-tabs-section-title\">Mapa<\/div><div class=\"w-tabs-section-control\"><\/div><\/button><div  class=\"w-tabs-section-content\" id=\"content-d46e\"><div class=\"w-tabs-section-content-h i-cf\"><div class=\"w-image align_none\"><div class=\"w-image-h\"><img decoding=\"async\" width=\"1500\" height=\"1037\" src=\"https:\/\/basaburua.eus\/wp-content\/uploads\/2025\/07\/basburua-imotz_itzulia_mapa.jpg\" class=\"attachment-full size-full\" alt=\"\" loading=\"lazy\" srcset=\"https:\/\/basaburua.eus\/wp-content\/uploads\/2025\/07\/basburua-imotz_itzulia_mapa.jpg 1500w, https:\/\/basaburua.eus\/wp-content\/uploads\/2025\/07\/basburua-imotz_itzulia_mapa-300x207.jpg 300w, https:\/\/basaburua.eus\/wp-content\/uploads\/2025\/07\/basburua-imotz_itzulia_mapa-1024x708.jpg 1024w\" sizes=\"auto, (max-width: 1500px) 100vw, 1500px\" \/><\/div><\/div><\/div><\/div><\/div><div class=\"w-tabs-section\" id=\"l70a\"><button class=\"w-tabs-section-header\" aria-controls=\"content-l70a\" aria-expanded=\"false\"><div class=\"w-tabs-section-title\">Track de la ruta<\/div><div class=\"w-tabs-section-control\"><\/div><\/button><div  class=\"w-tabs-section-content\" id=\"content-l70a\"><div class=\"w-tabs-section-content-h i-cf\"><div class=\"w-image align_none\"><div class=\"w-image-h\"><img decoding=\"async\" width=\"1536\" height=\"172\" src=\"https:\/\/basaburua.eus\/wp-content\/uploads\/2025\/07\/basaburua-imotz-PERFIL-1536x172-1.jpg\" class=\"attachment-full size-full\" alt=\"\" loading=\"lazy\" srcset=\"https:\/\/basaburua.eus\/wp-content\/uploads\/2025\/07\/basaburua-imotz-PERFIL-1536x172-1.jpg 1536w, https:\/\/basaburua.eus\/wp-content\/uploads\/2025\/07\/basaburua-imotz-PERFIL-1536x172-1-300x34.jpg 300w, https:\/\/basaburua.eus\/wp-content\/uploads\/2025\/07\/basaburua-imotz-PERFIL-1536x172-1-1024x115.jpg 1024w\" sizes=\"auto, (max-width: 1536px) 100vw, 1536px\" \/><\/div><\/div><\/div><\/div><\/div><\/div><\/div><\/div><\/div><\/div><div class=\"w-separator size_medium\"><\/div><div class=\"w-btn-wrapper align_right\"><a class=\"w-btn us-btn-style_1 icon_atleft\" href=\"\/es\/turismo\/recorridos\/\"><i class=\"fas fa-arrow-left\"><\/i><span class=\"w-btn-label\">VOLVER A RECORRIDOS<\/span><\/a><\/div><\/div><\/div><\/div><\/div><\/section>\n","protected":false},"excerpt":{"rendered":"Basaburua-Imotz \u00b7 Recorrido entre pueblos Inicio \u2013 Fin: Beramendi, Udabe, ImozkoRecorrido: 34,5 kmDesnivel: 900mDescripci\u00f3n del recorrido Hemos creado caminos, senderos, veredas, lugares y conexiones humanas para unir y relacionar a las personas. Sin embargo, los trazos que nuestros pies dibujaron han sido, lamentablemente, borrados por las transformaciones dr\u00e1sticas del \u00faltimo siglo. Lo mismo ha ocurrido...","protected":false},"author":15,"featured_media":0,"parent":13648,"menu_order":0,"comment_status":"closed","ping_status":"closed","template":"","meta":{"_acf_changed":false,"footnotes":""},"class_list":["post-13651","page","type-page","status-publish","hentry"],"acf":[],"_links":{"self":[{"href":"https:\/\/basaburua.eus\/es\/wp-json\/wp\/v2\/pages\/13651","targetHints":{"allow":["GET"]}}],"collection":[{"href":"https:\/\/basaburua.eus\/es\/wp-json\/wp\/v2\/pages"}],"about":[{"href":"https:\/\/basaburua.eus\/es\/wp-json\/wp\/v2\/types\/page"}],"author":[{"embeddable":true,"href":"https:\/\/basaburua.eus\/es\/wp-json\/wp\/v2\/users\/15"}],"replies":[{"embeddable":true,"href":"https:\/\/basaburua.eus\/es\/wp-json\/wp\/v2\/comments?post=13651"}],"version-history":[{"count":2,"href":"https:\/\/basaburua.eus\/es\/wp-json\/wp\/v2\/pages\/13651\/revisions"}],"predecessor-version":[{"id":13795,"href":"https:\/\/basaburua.eus\/es\/wp-json\/wp\/v2\/pages\/13651\/revisions\/13795"}],"up":[{"embeddable":true,"href":"https:\/\/basaburua.eus\/es\/wp-json\/wp\/v2\/pages\/13648"}],"wp:attachment":[{"href":"https:\/\/basaburua.eus\/es\/wp-json\/wp\/v2\/media?parent=13651"}],"curies":[{"name":"wp","href":"https:\/\/api.w.org\/{rel}","templated":true}]}}