{"id":13645,"date":"2025-07-22T08:05:17","date_gmt":"2025-07-22T07:05:17","guid":{"rendered":"https:\/\/basaburua.eus\/?page_id=13645"},"modified":"2025-11-10T11:47:41","modified_gmt":"2025-11-10T10:47:41","slug":"ocio","status":"publish","type":"page","link":"https:\/\/basaburua.eus\/es\/turismo\/ocio\/","title":{"rendered":"Ocio"},"content":{"rendered":"<section class=\"l-section wpb_row height_medium\"><div class=\"l-section-h i-cf\"><div class=\"g-cols vc_row via_grid cols_1 laptops-cols_inherit tablets-cols_inherit mobiles-cols_1 valign_top type_default stacking_default\"><div class=\"wpb_column vc_column_container\"><div class=\"vc_column-inner\"><div class=\"wpb_text_column\"><div class=\"wpb_wrapper\"><h3><span>Zona de Ocio \u00abPasarrieta\u00bb<\/span><\/h3>\n<\/div><\/div><div class=\"w-separator size_small\"><\/div><div class=\"g-cols wpb_row via_grid cols_2-1 laptops-cols_inherit tablets-cols_inherit mobiles-cols_1 valign_top type_default stacking_default\" style=\"--columns-gap:3rem;\"><div class=\"wpb_column vc_column_container\"><div class=\"vc_column-inner\"><div class=\"wpb_text_column\"><div class=\"wpb_wrapper\"><p><span>El rinc\u00f3n que el r\u00edo Basaburua ha construido a su paso por el paraje Pasarrieta, es apreciado desde hace tiempo para ba\u00f1arse en nuestro valle o pasar un rato tranquilamente junto al r\u00edo.<\/span><\/p>\n<p><span>En muchos pueblos de la monta\u00f1a el r\u00edo suele ser el punto de reuni\u00f3n del verano. Una preciosa oportunidad de esparcimiento que nos ofrece la propia naturaleza. Por lo tanto, con el fin de regular los problemas que suelen surgir en los lugares frecuentados, se elabor\u00f3 un proyecto de adecuaci\u00f3n del entorno.<\/span><\/p>\n<\/div><\/div><\/div><\/div><div class=\"wpb_column vc_column_container\"><div class=\"vc_column-inner\"><div class=\"w-image align_none\"><div class=\"w-image-h\"><img decoding=\"async\" width=\"1500\" height=\"900\" src=\"https:\/\/basaburua.eus\/wp-content\/uploads\/2025\/07\/ibaia_aisialdia-1-1500x900-1.jpg\" class=\"attachment-full size-full\" alt=\"\" loading=\"lazy\" srcset=\"https:\/\/basaburua.eus\/wp-content\/uploads\/2025\/07\/ibaia_aisialdia-1-1500x900-1.jpg 1500w, https:\/\/basaburua.eus\/wp-content\/uploads\/2025\/07\/ibaia_aisialdia-1-1500x900-1-300x180.jpg 300w, https:\/\/basaburua.eus\/wp-content\/uploads\/2025\/07\/ibaia_aisialdia-1-1500x900-1-1024x614.jpg 1024w\" sizes=\"auto, (max-width: 1500px) 100vw, 1500px\" \/><\/div><\/div><\/div><\/div><\/div><div class=\"w-separator size_medium\"><\/div><div class=\"wpb_text_column\"><div class=\"wpb_wrapper\"><h1 style=\"text-align: center;\">MAPA<\/h1>\n<\/div><\/div><\/div><\/div><\/div><\/div><\/section>\n","protected":false},"excerpt":{"rendered":"Zona de Ocio \u00abPasarrieta\u00bb El rinc\u00f3n que el r\u00edo Basaburua ha construido a su paso por el paraje Pasarrieta, es apreciado desde hace tiempo para ba\u00f1arse en nuestro valle o pasar un rato tranquilamente junto al r\u00edo. En muchos pueblos de la monta\u00f1a el r\u00edo suele ser el punto de reuni\u00f3n del verano. Una preciosa...","protected":false},"author":15,"featured_media":0,"parent":13643,"menu_order":0,"comment_status":"closed","ping_status":"closed","template":"","meta":{"_acf_changed":false,"footnotes":""},"class_list":["post-13645","page","type-page","status-publish","hentry"],"acf":[],"_links":{"self":[{"href":"https:\/\/basaburua.eus\/es\/wp-json\/wp\/v2\/pages\/13645","targetHints":{"allow":["GET"]}}],"collection":[{"href":"https:\/\/basaburua.eus\/es\/wp-json\/wp\/v2\/pages"}],"about":[{"href":"https:\/\/basaburua.eus\/es\/wp-json\/wp\/v2\/types\/page"}],"author":[{"embeddable":true,"href":"https:\/\/basaburua.eus\/es\/wp-json\/wp\/v2\/users\/15"}],"replies":[{"embeddable":true,"href":"https:\/\/basaburua.eus\/es\/wp-json\/wp\/v2\/comments?post=13645"}],"version-history":[{"count":2,"href":"https:\/\/basaburua.eus\/es\/wp-json\/wp\/v2\/pages\/13645\/revisions"}],"predecessor-version":[{"id":13959,"href":"https:\/\/basaburua.eus\/es\/wp-json\/wp\/v2\/pages\/13645\/revisions\/13959"}],"up":[{"embeddable":true,"href":"https:\/\/basaburua.eus\/es\/wp-json\/wp\/v2\/pages\/13643"}],"wp:attachment":[{"href":"https:\/\/basaburua.eus\/es\/wp-json\/wp\/v2\/media?parent=13645"}],"curies":[{"name":"wp","href":"https:\/\/api.w.org\/{rel}","templated":true}]}}