{"id":13643,"date":"2025-06-10T10:29:51","date_gmt":"2025-06-10T09:29:51","guid":{"rendered":"https:\/\/basaburua.eus\/?page_id=13643"},"modified":"2025-10-24T12:42:14","modified_gmt":"2025-10-24T11:42:14","slug":"turismo","status":"publish","type":"page","link":"https:\/\/basaburua.eus\/es\/turismo\/","title":{"rendered":"Turismo"},"content":{"rendered":"<section class=\"l-section wpb_row us_custom_5ee81900 height_small\"><div class=\"l-section-h i-cf\"><div class=\"g-cols vc_row via_grid cols_1 laptops-cols_inherit tablets-cols_inherit mobiles-cols_1 valign_top type_default stacking_default\"><div class=\"wpb_column vc_column_container\"><div class=\"vc_column-inner\"><h2 class=\"w-post-elm post_title us_custom_92c36656 has_text_color entry-title color_link_inherit\">Turismo<\/h2><nav class=\"g-breadcrumbs us_custom_6df4bc3a has_text_color separator_icon align_none\" itemscope itemtype=\"http:\/\/schema.org\/BreadcrumbList\"><div class=\"g-breadcrumbs-item\" itemscope itemprop=\"itemListElement\" itemtype=\"http:\/\/schema.org\/ListItem\"><a itemprop=\"item\" href=\"https:\/\/basaburua.eus\/es\/\"><span itemprop=\"name\">Basaburuko Udala<\/span><\/a><meta itemprop=\"position\" content=\"1\"\/><\/div><div class=\"g-breadcrumbs-separator\"><i class=\"far fa-angle-right\"><\/i><\/div><div class=\"g-breadcrumbs-item\">P\u00e1ginas<\/div><\/nav><\/div><\/div><\/div><\/div><\/section><section class=\"l-section wpb_row height_medium with_img\"><div class=\"l-section-img\" role=\"img\" aria-label=\"Imagen\" data-img-width=\"1920\" data-img-height=\"500\" style=\"background-image: url(https:\/\/basaburua.eus\/wp-content\/uploads\/2025\/06\/kisukabeko-haritza-1.png);background-repeat: no-repeat;\"><\/div><div class=\"l-section-overlay\" style=\"background:rgba(0,0,0,0.33)\"><\/div><div class=\"l-section-h i-cf\"><div class=\"g-cols vc_row via_grid cols_1 laptops-cols_inherit tablets-cols_inherit mobiles-cols_1 valign_top type_default stacking_default\"><div class=\"wpb_column vc_column_container\"><div class=\"vc_column-inner\"><div class=\"w-separator size_huge\"><\/div><h2 class=\"w-itext us_custom_cd36d8e1 has_text_color type_zoomIn align_center\" style=\"--itext-transition-duration:0.2s;--itext-timing-function:cubic-bezier(.86,0,.07,1);\" onclick='return {&quot;duration&quot;:200,&quot;delay&quot;:3000}'><span class=\"w-itext-part\"><span class=\"w-itext-state state-0 is-active\">Basaburua<\/span><span class=\"w-itext-state state-1\">valle verde<\/span><span class=\"w-itext-state state-2\">y tranquilo<\/span><\/span><\/h2><div class=\"w-separator size_medium\"><\/div><\/div><\/div><\/div><\/div><\/section><section class=\"l-section wpb_row height_medium\"><div class=\"l-section-h i-cf\"><div class=\"g-cols vc_row via_grid cols_3 laptops-cols_inherit tablets-cols_inherit mobiles-cols_1 valign_top type_default stacking_default\"><div class=\"wpb_column vc_column_container\"><div class=\"vc_column-inner\"><div class=\"wpb_text_column\"><div class=\"wpb_wrapper\"><p><span>Basaburua est\u00e1 situado en la Monta\u00f1a Navarra, bajo los montes que dividen las vertientes cant\u00e1brica y mediterr\u00e1nea, al sur.<\/span><\/p>\n<p><span>Los pueblos peque\u00f1os, las casas blancas de tejado rojo, y los campos y bosques verdes forman un paisaje tan tranquilo como bello.<\/span><\/p>\n<\/div><\/div><\/div><\/div><div class=\"wpb_column vc_column_container\"><div class=\"vc_column-inner\"><div class=\"wpb_text_column\"><div class=\"wpb_wrapper\"><p><span>Robledales y hayedos hacen de este valle un lugar ideal para disfrutar, permanecer o realizar actividades de naturaleza y tranquilidad.<\/span><\/p>\n<p><span>Para ello dispon\u00e9is de varios recorridos se\u00f1alizados, de diferentes tama\u00f1os, para recorrerlos a pie o en bicicleta.<\/span><\/p>\n<\/div><\/div><\/div><\/div><div class=\"wpb_column vc_column_container\"><div class=\"vc_column-inner\"><div class=\"wpb_text_column\"><div class=\"wpb_wrapper\"><p><span>Adem\u00e1s, tienes otras opciones para vivir el ocio y el entorno de una manera divertida: como Basaburua Skape Room o el Reto de Amalurra.<\/span><\/p>\n<\/div><\/div><div class=\"w-separator size_small\"><\/div><h4 class=\"w-text\"><span class=\"w-text-h\"><span class=\"w-text-value\">\u00a1Ven a Basaburua!<\/span><\/span><\/h4><\/div><\/div><\/div><\/div><\/section><section class=\"l-section wpb_row us_custom_43bb1cd8 height_medium\"><div class=\"l-section-h i-cf\"><div class=\"g-cols vc_row via_grid cols_2 laptops-cols_inherit tablets-cols_inherit mobiles-cols_1 valign_top type_default stacking_default\"><div class=\"wpb_column vc_column_container\"><div class=\"vc_column-inner\"><h4 class=\"w-text\"><span class=\"w-text-h\"><span class=\"w-text-value\">Posibilidad de realizar actividades en un bello paisaje.<\/span><\/span><\/h4><div class=\"wpb_text_column\"><div class=\"wpb_wrapper\"><p><span>Bosques, campos de cultivo, pueblos, ganado y buena gente, un entorno ideal para hacer rutas, a pie o en bicicleta. Tambi\u00e9n puedes participar en <a href=\"https:\/\/turismo.basaburua.eus\/es\/actividades\/\">actividades divertidas<\/a> de otro tipo.<\/span><\/p>\n<\/div><\/div><\/div><\/div><div class=\"wpb_column vc_column_container\"><div class=\"vc_column-inner\"><div class=\"w-image align_none\"><div class=\"w-image-h\"><img decoding=\"async\" width=\"1536\" height=\"864\" src=\"https:\/\/basaburua.eus\/wp-content\/uploads\/2025\/07\/basaburua-ibilbideak-1536x864-1.jpg\" class=\"attachment-full size-full\" alt=\"\" loading=\"lazy\" srcset=\"https:\/\/basaburua.eus\/wp-content\/uploads\/2025\/07\/basaburua-ibilbideak-1536x864-1.jpg 1536w, https:\/\/basaburua.eus\/wp-content\/uploads\/2025\/07\/basaburua-ibilbideak-1536x864-1-300x169.jpg 300w, https:\/\/basaburua.eus\/wp-content\/uploads\/2025\/07\/basaburua-ibilbideak-1536x864-1-1024x576.jpg 1024w\" sizes=\"auto, (max-width: 1536px) 100vw, 1536px\" \/><\/div><\/div><\/div><\/div><\/div><\/div><\/section><section class=\"l-section wpb_row us_custom_7e61d941 has_text_color height_medium\"><div class=\"l-section-h i-cf\"><div class=\"g-cols vc_row via_grid cols_2 laptops-cols_inherit tablets-cols_inherit mobiles-cols_1 valign_top type_default stacking_default\"><div class=\"wpb_column vc_column_container\"><div class=\"vc_column-inner\"><div class=\"w-image align_none\"><div class=\"w-image-h\"><img decoding=\"async\" width=\"1536\" height=\"864\" src=\"https:\/\/basaburua.eus\/wp-content\/uploads\/2025\/07\/basaburua-ibilbideak-1536x864-1.jpg\" class=\"attachment-full size-full\" alt=\"\" loading=\"lazy\" srcset=\"https:\/\/basaburua.eus\/wp-content\/uploads\/2025\/07\/basaburua-ibilbideak-1536x864-1.jpg 1536w, https:\/\/basaburua.eus\/wp-content\/uploads\/2025\/07\/basaburua-ibilbideak-1536x864-1-300x169.jpg 300w, https:\/\/basaburua.eus\/wp-content\/uploads\/2025\/07\/basaburua-ibilbideak-1536x864-1-1024x576.jpg 1024w\" sizes=\"auto, (max-width: 1536px) 100vw, 1536px\" \/><\/div><\/div><\/div><\/div><div class=\"wpb_column vc_column_container\"><div class=\"vc_column-inner\"><h4 class=\"w-text\"><span class=\"w-text-h\"><span class=\"w-text-value\">Recursos naturales y cocina exquisita.<\/span><\/span><\/h4><div class=\"wpb_text_column\"><div class=\"wpb_wrapper\"><p><span>Podr\u00e1s degustar lo que la naturaleza nos proporciona, una vez que lo hayas cuidado bien, en los restaurantes y alojamientos de la zona. Excelentes sabores de la naturaleza.<\/span><\/p>\n<\/div><\/div><\/div><\/div><\/div><\/div><\/section><section class=\"l-section wpb_row height_medium\"><div class=\"l-section-h i-cf\"><div class=\"g-cols vc_row via_grid cols_1 laptops-cols_inherit tablets-cols_inherit mobiles-cols_1 valign_top type_default stacking_default\"><div class=\"wpb_column vc_column_container\"><div class=\"vc_column-inner\"><h4 class=\"w-text\"><span class=\"w-text-h\"><span class=\"w-text-value\">Conoce Basaburua<\/span><\/span><\/h4><div class=\"w-separator size_small\"><\/div><div class=\"g-cols wpb_row via_grid cols_3 laptops-cols_inherit tablets-cols_inherit mobiles-cols_1 valign_top type_default stacking_default\" style=\"--columns-gap:3rem;\"><div class=\"wpb_column vc_column_container\"><div class=\"vc_column-inner\"><div class=\"w-ibanner animation_soter ratio_1x1 easing_ease\"><a href=\"\/es\/pueblos\/\" aria-label=\"Pueblos\"><\/a><div class=\"w-ibanner-h\"><div class=\"w-ibanner-image\" style=\"background-image: url(https:\/\/basaburua.eus\/wp-content\/uploads\/2025\/07\/basaburuaudabe-1_2000-1-2000x1333-1-1024x682.jpg)\"><\/div><div class=\"w-ibanner-content\"><div class=\"w-ibanner-content-h\"><h4 class=\"w-ibanner-title\">Pueblos<\/h4><div class=\"w-ibanner-desc\"><\/div><\/div><\/div><\/div><\/div><\/div><\/div><div class=\"wpb_column vc_column_container\"><div class=\"vc_column-inner\"><div class=\"w-ibanner animation_soter ratio_1x1 easing_ease\"><a href=\"\/es\/turismo\/actividades\/\" aria-label=\"Actividades\"><\/a><div class=\"w-ibanner-h\"><div class=\"w-ibanner-image\" style=\"background-image: url(https:\/\/basaburua.eus\/wp-content\/uploads\/2025\/07\/TT_LocalTrails-319-1-2000x1333-1-1024x682.jpg)\"><\/div><div class=\"w-ibanner-content\"><div class=\"w-ibanner-content-h\"><h4 class=\"w-ibanner-title\">Actividades<\/h4><div class=\"w-ibanner-desc\"><\/div><\/div><\/div><\/div><\/div><\/div><\/div><div class=\"wpb_column vc_column_container\"><div class=\"vc_column-inner\"><div class=\"w-ibanner animation_soter ratio_1x1 easing_ease\"><a href=\"\/es\/turismo\/recorridos\/\" aria-label=\"Recorridos\"><\/a><div class=\"w-ibanner-h\"><div class=\"w-ibanner-image\" style=\"background-image: url(https:\/\/basaburua.eus\/wp-content\/uploads\/2025\/07\/aritza-II-2_500.jpg)\"><\/div><div class=\"w-ibanner-content\"><div class=\"w-ibanner-content-h\"><h4 class=\"w-ibanner-title\">Recorridos<\/h4><div class=\"w-ibanner-desc\"><\/div><\/div><\/div><\/div><\/div><\/div><\/div><\/div><div class=\"w-separator size_medium\"><\/div><\/div><\/div><\/div><\/div><\/section>\n","protected":false},"excerpt":{"rendered":"TurismoBasaburuko UdalaP\u00e1ginasBasaburuavalle verdey tranquiloBasaburua est\u00e1 situado en la Monta\u00f1a Navarra, bajo los montes que dividen las vertientes cant\u00e1brica y mediterr\u00e1nea, al sur. Los pueblos peque\u00f1os, las casas blancas de tejado rojo, y los campos y bosques verdes forman un paisaje tan tranquilo como bello. Robledales y hayedos hacen de este valle un lugar ideal para...","protected":false},"author":15,"featured_media":0,"parent":0,"menu_order":0,"comment_status":"closed","ping_status":"closed","template":"","meta":{"_acf_changed":false,"footnotes":""},"class_list":["post-13643","page","type-page","status-publish","hentry"],"acf":[],"_links":{"self":[{"href":"https:\/\/basaburua.eus\/es\/wp-json\/wp\/v2\/pages\/13643","targetHints":{"allow":["GET"]}}],"collection":[{"href":"https:\/\/basaburua.eus\/es\/wp-json\/wp\/v2\/pages"}],"about":[{"href":"https:\/\/basaburua.eus\/es\/wp-json\/wp\/v2\/types\/page"}],"author":[{"embeddable":true,"href":"https:\/\/basaburua.eus\/es\/wp-json\/wp\/v2\/users\/15"}],"replies":[{"embeddable":true,"href":"https:\/\/basaburua.eus\/es\/wp-json\/wp\/v2\/comments?post=13643"}],"version-history":[{"count":5,"href":"https:\/\/basaburua.eus\/es\/wp-json\/wp\/v2\/pages\/13643\/revisions"}],"predecessor-version":[{"id":13793,"href":"https:\/\/basaburua.eus\/es\/wp-json\/wp\/v2\/pages\/13643\/revisions\/13793"}],"wp:attachment":[{"href":"https:\/\/basaburua.eus\/es\/wp-json\/wp\/v2\/media?parent=13643"}],"curies":[{"name":"wp","href":"https:\/\/api.w.org\/{rel}","templated":true}]}}