{"id":13641,"date":"2025-05-07T11:05:11","date_gmt":"2025-05-07T10:05:11","guid":{"rendered":"https:\/\/basaburua.eus\/?page_id=13641"},"modified":"2025-10-24T09:46:44","modified_gmt":"2025-10-24T08:46:44","slug":"politica-de-privacidad","status":"publish","type":"page","link":"https:\/\/basaburua.eus\/es\/politica-de-privacidad\/","title":{"rendered":"Pol\u00edtica de privacidad"},"content":{"rendered":"<section class=\"l-section wpb_row height_medium\"><div class=\"l-section-h i-cf\"><div class=\"g-cols vc_row via_grid cols_1 laptops-cols_inherit tablets-cols_inherit mobiles-cols_1 valign_top type_default stacking_default\"><div class=\"wpb_column vc_column_container\"><div class=\"vc_column-inner\"><div class=\"wpb_text_column\"><div class=\"wpb_wrapper\"><p data-start=\"78\" data-end=\"106\"><strong data-start=\"78\" data-end=\"104\">Pol\u00edtica de privacidad<\/strong><\/p>\n<p>Esta pol\u00edtica de privacidad tiene como objetivo ofrecer informaci\u00f3n sobre el tratamiento de los datos personales en este sitio web y describir los derechos de asistencia a los interesados, de acuerdo con el <strong data-start=\"315\" data-end=\"404\">Reglamento (UE) 2016\/679 del Parlamento Europeo y del Consejo, de 27 de abril de 2016<\/strong>, relativo a la protecci\u00f3n de las personas f\u00edsicas en lo que respecta al tratamiento de datos personales y a la libre circulaci\u00f3n de estos datos, y con la <strong data-start=\"559\" data-end=\"601\">Ley Org\u00e1nica 3\/2018, de 5 de diciembre<\/strong>, de protecci\u00f3n de datos personales y garant\u00eda de derechos digitales.<\/p>\n<p><strong data-start=\"674\" data-end=\"686\">Titular:<\/strong> BASABURUKO UDALA<\/p>\n<ul data-start=\"707\" data-end=\"862\">\n<li data-start=\"707\" data-end=\"745\">\n<p data-start=\"709\" data-end=\"745\">Nombre comercial: BASABURUKO UDALA<\/p>\n<\/li>\n<li data-start=\"746\" data-end=\"764\">\n<p data-start=\"748\" data-end=\"764\">CIF: P3104900J<\/p>\n<\/li>\n<li data-start=\"765\" data-end=\"791\">\n<p data-start=\"767\" data-end=\"791\">Tel\u00e9fono: 948 50 30 35<\/p>\n<\/li>\n<li data-start=\"792\" data-end=\"862\">\n<p data-start=\"794\" data-end=\"862\">Domicilio profesional: LA ASUNCI\u00d3N 7 \u2013 31866 JAUNTSARATS (NAVARRA)<\/p>\n<\/li>\n<\/ul>\n<p data-start=\"864\" data-end=\"986\"><strong data-start=\"864\" data-end=\"907\">\u00bfCon qu\u00e9 finalidad recogemos sus datos?<\/strong><br data-start=\"907\" data-end=\"910\" \/>BASABURUKO UDALA utilizar\u00e1 sus datos con fines de contacto y comunicaci\u00f3n.<\/p>\n<p><strong data-start=\"988\" data-end=\"1040\">\u00bfDurante cu\u00e1nto tiempo se conservar\u00e1n los datos?<\/strong><br data-start=\"1040\" data-end=\"1043\" \/>Sus datos se conservar\u00e1n en el fichero de BASABURUKO UDALA mientras no se indique lo contrario para su eliminaci\u00f3n.<\/p>\n<p><strong data-start=\"1162\" data-end=\"1208\">\u00bfQu\u00e9 nos legitima para utilizar sus datos?<\/strong><br data-start=\"1208\" data-end=\"1211\" \/>La base legal para el tratamiento de los datos recogidos a trav\u00e9s del sitio web <a class=\"decorated-link cursor-pointer\" target=\"_new\" rel=\"noopener\" data-start=\"1291\" data-end=\"1308\">www.basaburua.eus<span aria-hidden=\"true\" class=\"ms-0.5 inline-block align-middle leading-none\"><\/span><\/a> es:<\/p>\n<p>a. El consentimiento expl\u00edcito que nos haya proporcionado al facilitar sus datos.<\/p>\n<p><strong data-start=\"1401\" data-end=\"1439\">\u00bfA qui\u00e9n se comunicar\u00e1n sus datos?<\/strong><br data-start=\"1439\" data-end=\"1442\" \/>BASABURUKO UDALA no ceder\u00e1 estos datos a terceros.<\/p>\n<p><strong data-start=\"1496\" data-end=\"1565\">\u00bfCu\u00e1les son sus derechos al proporcionarnos sus datos personales?<\/strong><br data-start=\"1565\" data-end=\"1568\" \/>La persona interesada puede ejercer los siguientes derechos sobre los datos facilitados:<\/p>\n<ul data-start=\"1660\" data-end=\"3132\">\n<li data-start=\"1660\" data-end=\"1782\">\n<p data-start=\"1662\" data-end=\"1782\"><strong data-start=\"1662\" data-end=\"1684\">Derecho de acceso:<\/strong> Solicitar a BASABURUKO UDALA la confirmaci\u00f3n de si se est\u00e1n tratando o no sus datos personales.<\/p>\n<\/li>\n<li data-start=\"1783\" data-end=\"1905\">\n<p data-start=\"1785\" data-end=\"1905\"><strong data-start=\"1785\" data-end=\"1814\">Derecho de rectificaci\u00f3n:<\/strong> Solicitar la correcci\u00f3n de sus datos personales si no son correctos o est\u00e1n incompletos.<\/p>\n<\/li>\n<li data-start=\"1906\" data-end=\"2059\">\n<p data-start=\"1908\" data-end=\"2059\"><strong data-start=\"1908\" data-end=\"1933\">Derecho de supresi\u00f3n:<\/strong> Solicitar la eliminaci\u00f3n de sus datos personales cuando ya no sean necesarios para los fines para los que fueron recogidos.<\/p>\n<\/li>\n<li data-start=\"2060\" data-end=\"2263\">\n<p data-start=\"2062\" data-end=\"2263\"><strong data-start=\"2062\" data-end=\"2087\">Derecho de oposici\u00f3n:<\/strong> Oponerse al tratamiento de sus datos personales. En ese caso, BASABURUKO UDALA conservar\u00e1 los datos \u00fanicamente para reclamaciones o para proteger posibles responsabilidades.<\/p>\n<\/li>\n<li data-start=\"2264\" data-end=\"2465\">\n<p data-start=\"2266\" data-end=\"2465\"><strong data-start=\"2266\" data-end=\"2310\">Derecho a la limitaci\u00f3n del tratamiento:<\/strong> Solicitar que sus datos personales no se utilicen temporalmente para fines espec\u00edficos, conserv\u00e1ndolos \u00fanicamente para reclamaciones o protecci\u00f3n legal.<\/p>\n<\/li>\n<li data-start=\"2466\" data-end=\"2657\">\n<p data-start=\"2468\" data-end=\"2657\"><strong data-start=\"2468\" data-end=\"2511\">Derecho a la portabilidad de los datos:<\/strong> Solicitar que sus datos se le entreguen en un formato estructurado, de uso com\u00fan y lectura mec\u00e1nica, as\u00ed como transferirlos a otro responsable.<\/p>\n<\/li>\n<li data-start=\"2658\" data-end=\"2816\">\n<p data-start=\"2660\" data-end=\"2816\"><strong data-start=\"2660\" data-end=\"2700\">Derecho a revocar el consentimiento:<\/strong> Si los datos personales fueron obtenidos mediante consentimiento expl\u00edcito, puede retirarlo en cualquier momento.<\/p>\n<\/li>\n<li data-start=\"2817\" data-end=\"3132\">\n<p data-start=\"2819\" data-end=\"3132\"><strong data-start=\"2819\" data-end=\"2857\">Derecho a presentar reclamaciones:<\/strong> Presentar reclamaciones ante la <strong data-start=\"2890\" data-end=\"2940\">Agencia Espa\u00f1ola de Protecci\u00f3n de Datos (AEPD)<\/strong> si considera que sus derechos no se han respetado. Esto puede hacerse de forma telem\u00e1tica a trav\u00e9s de la sede electr\u00f3nica (<a class=\"decorated-link\" href=\"http:\/\/www.agpd.es\" target=\"_new\" rel=\"noopener\" data-start=\"3064\" data-end=\"3075\">www.agpd.es<span aria-hidden=\"true\" class=\"ms-0.5 inline-block align-middle leading-none\"><\/span><\/a>) o por correo postal a C\/ Jorge Juan, 6, 28001-Madrid.<\/p>\n<\/li>\n<\/ul>\n<p data-start=\"3134\" data-end=\"3327\">Para ejercer cualquiera de estos derechos, la persona interesada debe dirigirse a BASABURUKO UDALA mediante correo postal o electr\u00f3nico, presentando copia de su DNI para acreditar su identidad.<\/p>\n<\/div><\/div><\/div><\/div><\/div><\/div><\/section>\n","protected":false},"excerpt":{"rendered":"Pol\u00edtica de privacidad Esta pol\u00edtica de privacidad tiene como objetivo ofrecer informaci\u00f3n sobre el tratamiento de los datos personales en este sitio web y describir los derechos de asistencia a los interesados, de acuerdo con el Reglamento (UE) 2016\/679 del Parlamento Europeo y del Consejo, de 27 de abril de 2016, relativo a la protecci\u00f3n...","protected":false},"author":15,"featured_media":0,"parent":0,"menu_order":0,"comment_status":"closed","ping_status":"closed","template":"","meta":{"_acf_changed":false,"footnotes":""},"class_list":["post-13641","page","type-page","status-publish","hentry"],"acf":[],"_links":{"self":[{"href":"https:\/\/basaburua.eus\/es\/wp-json\/wp\/v2\/pages\/13641","targetHints":{"allow":["GET"]}}],"collection":[{"href":"https:\/\/basaburua.eus\/es\/wp-json\/wp\/v2\/pages"}],"about":[{"href":"https:\/\/basaburua.eus\/es\/wp-json\/wp\/v2\/types\/page"}],"author":[{"embeddable":true,"href":"https:\/\/basaburua.eus\/es\/wp-json\/wp\/v2\/users\/15"}],"replies":[{"embeddable":true,"href":"https:\/\/basaburua.eus\/es\/wp-json\/wp\/v2\/comments?post=13641"}],"version-history":[{"count":1,"href":"https:\/\/basaburua.eus\/es\/wp-json\/wp\/v2\/pages\/13641\/revisions"}],"predecessor-version":[{"id":13642,"href":"https:\/\/basaburua.eus\/es\/wp-json\/wp\/v2\/pages\/13641\/revisions\/13642"}],"wp:attachment":[{"href":"https:\/\/basaburua.eus\/es\/wp-json\/wp\/v2\/media?parent=13641"}],"curies":[{"name":"wp","href":"https:\/\/api.w.org\/{rel}","templated":true}]}}