{"id":13602,"date":"2025-06-10T10:42:34","date_gmt":"2025-06-10T08:42:34","guid":{"rendered":"https:\/\/basaburua.eus\/?page_id=13602"},"modified":"2025-12-12T14:21:07","modified_gmt":"2025-12-12T13:21:07","slug":"atencion-ciudadana","status":"publish","type":"page","link":"https:\/\/basaburua.eus\/es\/atencion-ciudadana\/","title":{"rendered":"Atenci\u00f3n ciudadana"},"content":{"rendered":"<section class=\"l-section wpb_row height_medium\"><div class=\"l-section-h i-cf\"><div class=\"g-cols vc_row via_grid cols_2 laptops-cols_inherit tablets-cols_inherit mobiles-cols_1 valign_top type_default stacking_default\"><div class=\"wpb_column vc_column_container\"><div class=\"vc_column-inner\"><div class=\"wpb_text_column\"><div class=\"wpb_wrapper\"><p><span>Para cualquier opini\u00f3n, sugerencia, informaci\u00f3n ten\u00e9is abierto el buz\u00f3n del Ayuntamiento:<\/span><\/p>\n<\/div><\/div><div class=\"w-separator size_small\"><\/div><div class=\"w-iconbox iconpos_left style_default color_primary align_left no_text\"><a target=\"_blank\" href=\"mailto:udala@basaburua.eus\" class=\"w-iconbox-link\" aria-label=\"udala@basaburua.eus\"><div class=\"w-iconbox-icon\" style=\"font-size:1.4rem;\"><i class=\"fas fa-at\"><\/i><\/div><\/a><div class=\"w-iconbox-meta\"><p class=\"w-iconbox-title\"><a target=\"_blank\" href=\"mailto:udala@basaburua.eus\" class=\"w-iconbox-link\" aria-label=\"udala@basaburua.eus\">udala@basaburua.eus<\/a><\/p><\/div><\/div><div class=\"w-separator size_small\"><\/div><div class=\"w-iconbox iconpos_left style_default color_primary align_left no_text\"><a target=\"_blank\" href=\"tel:948503035\" class=\"w-iconbox-link\" aria-label=\"+34 948 50 30 35\"><div class=\"w-iconbox-icon\" style=\"font-size:1.4rem;\"><i class=\"fas fa-phone-alt\"><\/i><\/div><\/a><div class=\"w-iconbox-meta\"><p class=\"w-iconbox-title\"><a target=\"_blank\" href=\"tel:948503035\" class=\"w-iconbox-link\" aria-label=\"+34 948 50 30 35\">+34 948 50 30 35<\/a><\/p><\/div><\/div><div class=\"w-separator size_medium\"><\/div><div class=\"wpb_text_column\"><div class=\"wpb_wrapper\"><p>El portal para realizar tr\u00e1mites y recibir informaci\u00f3n on-line del Ayuntamiento es:<\/p>\n<\/div><\/div><div class=\"w-separator size_small\"><\/div><div class=\"w-btn-wrapper align_none\"><a class=\"w-btn us-btn-style_1 icon_atright\" target=\"_blank\" href=\"https:\/\/basaburua.sedipualba.es\/\"><span class=\"w-btn-label\">Sede electr\u00f3nica<\/span><i class=\"fas fa-arrow-right\"><\/i><\/a><\/div><\/div><\/div><div class=\"wpb_column vc_column_container\"><div class=\"vc_column-inner\"><div class=\"w-map provider_osm\" id=\"us_map_1\"><div class=\"w-map-inner\"><div class=\"w-map-json\" onclick='return {&quot;address&quot;:&quot;42.99952363741203, -1.8024866101410015&quot;,&quot;disableDragging&quot;:0,&quot;disableZoom&quot;:0,&quot;hideControls&quot;:0,&quot;zoom&quot;:19,&quot;markers&quot;:[{&quot;address&quot;:&quot;42.99952363741203, -1.8024866101410015&quot;,&quot;html&quot;:&quot;BASABURUKO UDALA&quot;,&quot;infowindow&quot;:&quot;1&quot;}],&quot;style&quot;:&quot;https:\\\/\\\/{s}.tile.openstreetmap.org\\\/{z}\\\/{x}\\\/{y}.png&quot;}'><\/div><\/div><\/div><\/div><\/div><\/div><\/div><\/section>\n","protected":false},"excerpt":{"rendered":"Para cualquier opini\u00f3n, sugerencia, informaci\u00f3n ten\u00e9is abierto el buz\u00f3n del Ayuntamiento: udala@basaburua.eus+34 948 50 30 35El portal para realizar tr\u00e1mites y recibir informaci\u00f3n on-line del Ayuntamiento es: Sede electr\u00f3nica","protected":false},"author":15,"featured_media":0,"parent":0,"menu_order":0,"comment_status":"closed","ping_status":"closed","template":"","meta":{"_acf_changed":false,"footnotes":""},"class_list":["post-13602","page","type-page","status-publish","hentry"],"acf":[],"_links":{"self":[{"href":"https:\/\/basaburua.eus\/es\/wp-json\/wp\/v2\/pages\/13602","targetHints":{"allow":["GET"]}}],"collection":[{"href":"https:\/\/basaburua.eus\/es\/wp-json\/wp\/v2\/pages"}],"about":[{"href":"https:\/\/basaburua.eus\/es\/wp-json\/wp\/v2\/types\/page"}],"author":[{"embeddable":true,"href":"https:\/\/basaburua.eus\/es\/wp-json\/wp\/v2\/users\/15"}],"replies":[{"embeddable":true,"href":"https:\/\/basaburua.eus\/es\/wp-json\/wp\/v2\/comments?post=13602"}],"version-history":[{"count":2,"href":"https:\/\/basaburua.eus\/es\/wp-json\/wp\/v2\/pages\/13602\/revisions"}],"predecessor-version":[{"id":14274,"href":"https:\/\/basaburua.eus\/es\/wp-json\/wp\/v2\/pages\/13602\/revisions\/14274"}],"wp:attachment":[{"href":"https:\/\/basaburua.eus\/es\/wp-json\/wp\/v2\/media?parent=13602"}],"curies":[{"name":"wp","href":"https:\/\/api.w.org\/{rel}","templated":true}]}}