{"id":13593,"date":"2025-07-18T11:14:00","date_gmt":"2025-07-18T10:14:00","guid":{"rendered":"https:\/\/basaburua.eus\/?page_id=13593"},"modified":"2025-10-24T07:28:55","modified_gmt":"2025-10-24T06:28:55","slug":"politica-de-cookies","status":"publish","type":"page","link":"https:\/\/basaburua.eus\/es\/politica-de-cookies\/","title":{"rendered":"Pol\u00edtica de Cookies"},"content":{"rendered":"<section class=\"l-section wpb_row height_medium\"><div class=\"l-section-h i-cf\"><div class=\"g-cols vc_row via_grid cols_1 laptops-cols_inherit tablets-cols_inherit mobiles-cols_1 valign_top type_default stacking_default\"><div class=\"wpb_column vc_column_container\"><div class=\"vc_column-inner\"><div class=\"wpb_text_column\"><div class=\"wpb_wrapper\"><p data-start=\"84\" data-end=\"111\"><strong data-start=\"88\" data-end=\"111\">Pol\u00edtica de cookies<\/strong><\/p>\n<p>De conformidad con la Ley 34\/2002, de 11 de julio, de Servicios de la Sociedad de la Informaci\u00f3n y de Comercio Electr\u00f3nico, te informamos de que este sitio web utiliza cookies.<\/p>\n<p><strong data-start=\"296\" data-end=\"321\">\u00bfQu\u00e9 son las cookies?<\/strong><\/p>\n<p>Las cookies son archivos que se guardan en nuestro dispositivo (ordenador, smartphone, televisor, tableta, etc.) al visitar determinadas p\u00e1ginas web. Su funci\u00f3n es permitir que los sitios web almacenen informaci\u00f3n sobre el visitante, como sus h\u00e1bitos de navegaci\u00f3n, otras configuraciones y, en algunos casos, su identidad.<\/p>\n<p>El navegador del visitante almacena las cookies en el disco duro solo durante el tiempo que dura la sesi\u00f3n. Ocupan muy poco espacio y no da\u00f1an el ordenador del visitante. Las cookies no contienen informaci\u00f3n personal espec\u00edfica y la mayor\u00eda se eliminan del disco duro al cerrar el navegador.<\/p>\n<p>La mayor\u00eda de los navegadores aceptan las cookies como est\u00e1ndar y, mediante la configuraci\u00f3n de seguridad, permiten aceptar o rechazar las cookies temporales o memorizadas.<\/p>\n<hr data-start=\"1114\" data-end=\"1117\" \/>\n<p data-start=\"1119\" data-end=\"1143\"><strong data-start=\"1123\" data-end=\"1143\">Tipos de cookies<\/strong><\/p>\n<p>Seg\u00fan la entidad que las gestione:<\/p>\n<ul data-start=\"1181\" data-end=\"1623\">\n<li data-start=\"1181\" data-end=\"1368\">\n<p data-start=\"1183\" data-end=\"1368\"><strong data-start=\"1183\" data-end=\"1203\">Cookies propias:<\/strong> se env\u00edan al equipo terminal del usuario desde un equipo o dominio gestionado por el propio editor y desde el que se presta el servicio solicitado por el usuario.<\/p>\n<\/li>\n<li data-start=\"1369\" data-end=\"1623\">\n<p data-start=\"1371\" data-end=\"1623\"><strong data-start=\"1371\" data-end=\"1395\">Cookies de terceros:<\/strong> se env\u00edan al equipo terminal del usuario desde un equipo o dominio gestionado por otra entidad que no es el editor. La entidad que las gestiona tambi\u00e9n es responsable del tratamiento de los datos obtenidos mediante las cookies.<\/p>\n<\/li>\n<\/ul>\n<p data-start=\"1625\" data-end=\"1666\">Seg\u00fan el tiempo que permanecen activadas:<\/p>\n<ul data-start=\"1668\" data-end=\"1955\">\n<li data-start=\"1668\" data-end=\"1780\">\n<p data-start=\"1670\" data-end=\"1780\"><strong data-start=\"1670\" data-end=\"1692\">Cookies de sesi\u00f3n:<\/strong> dise\u00f1adas para recoger y almacenar datos mientras el usuario accede a una p\u00e1gina web.<\/p>\n<\/li>\n<li data-start=\"1781\" data-end=\"1955\">\n<p data-start=\"1783\" data-end=\"1955\"><strong data-start=\"1783\" data-end=\"1808\">Cookies persistentes:<\/strong> los datos permanecen almacenados en el terminal durante un periodo determinado, y pueden ser accedidos y tratados por el responsable de la cookie.<\/p>\n<\/li>\n<\/ul>\n<p data-start=\"1957\" data-end=\"1976\">Seg\u00fan su finalidad:<\/p>\n<ul data-start=\"1978\" data-end=\"3859\">\n<li data-start=\"1978\" data-end=\"2533\">\n<p data-start=\"1980\" data-end=\"2533\"><strong data-start=\"1980\" data-end=\"2001\">Cookies t\u00e9cnicas:<\/strong> permiten al usuario la navegaci\u00f3n a trav\u00e9s de una p\u00e1gina web, plataforma o aplicaci\u00f3n y el uso de las diferentes opciones o servicios que en ella existan, como controlar el tr\u00e1fico y la comunicaci\u00f3n de datos, identificar la sesi\u00f3n, acceder a zonas restringidas, recordar los elementos de un pedido, realizar una solicitud de inscripci\u00f3n o participaci\u00f3n en un evento, utilizar elementos de seguridad durante la navegaci\u00f3n, almacenar contenidos para la difusi\u00f3n de v\u00eddeos o sonido o compartir contenidos a trav\u00e9s de redes sociales.<\/p>\n<\/li>\n<li data-start=\"2534\" data-end=\"2872\">\n<p data-start=\"2536\" data-end=\"2872\"><strong data-start=\"2536\" data-end=\"2567\">Cookies de personalizaci\u00f3n:<\/strong> permiten al usuario acceder al servicio con caracter\u00edsticas predefinidas en funci\u00f3n de criterios establecidos en su dispositivo, como el idioma, el tipo de navegador, el dise\u00f1o de los contenidos seleccionados, la geolocalizaci\u00f3n del terminal o la configuraci\u00f3n regional desde la que accede al servicio.<\/p>\n<\/li>\n<li data-start=\"2873\" data-end=\"3259\">\n<p data-start=\"2875\" data-end=\"3259\"><strong data-start=\"2875\" data-end=\"2899\">Cookies de an\u00e1lisis:<\/strong> permiten el seguimiento y an\u00e1lisis del comportamiento de los usuarios en los sitios web. La informaci\u00f3n recogida mediante este tipo de cookies se utiliza para medir la actividad de los sitios web, aplicaciones o plataformas, y para elaborar perfiles de navegaci\u00f3n de los usuarios con el fin de mejorar los servicios ofrecidos en funci\u00f3n de los datos de uso.<\/p>\n<\/li>\n<li data-start=\"3260\" data-end=\"3490\">\n<p data-start=\"3262\" data-end=\"3490\"><strong data-start=\"3262\" data-end=\"3288\">Cookies publicitarias:<\/strong> permiten la gesti\u00f3n eficaz de los espacios publicitarios incluidos en el sitio web o aplicaci\u00f3n, en funci\u00f3n de criterios como el contenido editado o la frecuencia con la que se muestran los anuncios.<\/p>\n<\/li>\n<li data-start=\"3491\" data-end=\"3859\">\n<p data-start=\"3493\" data-end=\"3859\"><strong data-start=\"3493\" data-end=\"3534\">Cookies de publicidad comportamental:<\/strong> permiten la gesti\u00f3n eficaz de los espacios publicitarios incluidos en el sitio web o aplicaci\u00f3n, almacenando informaci\u00f3n sobre el comportamiento de los usuarios obtenida a trav\u00e9s de la observaci\u00f3n continuada de sus h\u00e1bitos de navegaci\u00f3n, lo que permite desarrollar un perfil espec\u00edfico para mostrar publicidad personalizada.<\/p>\n<\/li>\n<\/ul>\n<hr data-start=\"3861\" data-end=\"3864\" \/>\n<p data-start=\"3866\" data-end=\"3910\"><strong data-start=\"3870\" data-end=\"3910\">\u00bfQu\u00e9 cookies utiliza este sitio web?<\/strong><\/p>\n<p>Siguiendo las directrices de la Agencia Espa\u00f1ola de Protecci\u00f3n de Datos, detallamos a continuaci\u00f3n las cookies que utiliza este sitio web:<\/p>\n<ul data-start=\"4052\" data-end=\"4832\">\n<li data-start=\"4052\" data-end=\"4305\">\n<p data-start=\"4054\" data-end=\"4305\"><strong data-start=\"4054\" data-end=\"4078\">Cookies de an\u00e1lisis:<\/strong> permiten el seguimiento y an\u00e1lisis del comportamiento de los usuarios en los sitios web. La informaci\u00f3n recogida se usa para medir la actividad de los sitios y mejorar los servicios en funci\u00f3n del uso que hacen los usuarios.<\/p>\n<\/li>\n<li data-start=\"4306\" data-end=\"4832\">\n<p data-start=\"4308\" data-end=\"4832\"><strong data-start=\"4308\" data-end=\"4332\">Cookies de terceros:<\/strong> se env\u00edan desde equipos o dominios gestionados por entidades ajenas al editor. Estas entidades tambi\u00e9n son responsables del tratamiento de los datos obtenidos. Ejemplo de ello son las cookies instaladas para el servicio Google Analytics. En nuestro caso, utilizamos cookies de Google Analytics, Twitter y Facebook. No podemos controlar los ajustes de las cookies de terceros, por lo que recomendamos consultar sus respectivas p\u00e1ginas web para obtener m\u00e1s informaci\u00f3n sobre ellas y c\u00f3mo gestionarlas.<\/p>\n<\/li>\n<\/ul>\n<hr data-start=\"4834\" data-end=\"4837\" \/>\n<p data-start=\"4839\" data-end=\"4876\"><strong data-start=\"4843\" data-end=\"4876\">Listado de cookies utilizadas<\/strong><\/p>\n<div class=\"group _tableWrapper_1rjym_13 flex w-fit flex-col-reverse\" tabindex=\"-1\">\n<table class=\"w-fit min-w-(--thread-content-width)\" data-start=\"4878\" data-end=\"5238\">\n<thead data-start=\"4878\" data-end=\"4907\">\n<tr data-start=\"4878\" data-end=\"4907\">\n<th data-start=\"4878\" data-end=\"4887\" data-col-size=\"sm\">Cookie<\/th>\n<th data-start=\"4887\" data-end=\"4894\" data-col-size=\"sm\">Tipo<\/th>\n<th data-start=\"4894\" data-end=\"4907\" data-col-size=\"md\">Finalidad<\/th>\n<\/tr>\n<\/thead>\n<tbody data-start=\"4939\" data-end=\"5238\">\n<tr data-start=\"4939\" data-end=\"5013\">\n<td data-start=\"4939\" data-end=\"4947\" data-col-size=\"sm\">_utmc<\/td>\n<td data-col-size=\"sm\" data-start=\"4947\" data-end=\"4966\">Google Analytics<\/td>\n<td data-col-size=\"md\" data-start=\"4966\" data-end=\"5013\">Medir estad\u00edsticamente el uso del sitio web<\/td>\n<\/tr>\n<tr data-start=\"5014\" data-end=\"5088\">\n<td data-start=\"5014\" data-end=\"5022\" data-col-size=\"sm\">_utma<\/td>\n<td data-col-size=\"sm\" data-start=\"5022\" data-end=\"5041\">Google Analytics<\/td>\n<td data-col-size=\"md\" data-start=\"5041\" data-end=\"5088\">Medir estad\u00edsticamente el uso del sitio web<\/td>\n<\/tr>\n<tr data-start=\"5089\" data-end=\"5163\">\n<td data-start=\"5089\" data-end=\"5097\" data-col-size=\"sm\">_utmb<\/td>\n<td data-col-size=\"sm\" data-start=\"5097\" data-end=\"5116\">Google Analytics<\/td>\n<td data-col-size=\"md\" data-start=\"5116\" data-end=\"5163\">Medir estad\u00edsticamente el uso del sitio web<\/td>\n<\/tr>\n<tr data-start=\"5164\" data-end=\"5238\">\n<td data-start=\"5164\" data-end=\"5172\" data-col-size=\"sm\">_utmz<\/td>\n<td data-col-size=\"sm\" data-start=\"5172\" data-end=\"5191\">Google Analytics<\/td>\n<td data-col-size=\"md\" data-start=\"5191\" data-end=\"5238\">Medir estad\u00edsticamente el uso del sitio web<\/td>\n<\/tr>\n<\/tbody>\n<\/table>\n<\/div>\n<hr data-start=\"5240\" data-end=\"5243\" \/>\n<p data-start=\"5245\" data-end=\"5293\"><strong data-start=\"5249\" data-end=\"5293\">Configuraci\u00f3n y desactivaci\u00f3n de cookies<\/strong><\/p>\n<p>Te informamos de que el navegador se puede configurar para aceptar o rechazar cookies, o para que se eliminen autom\u00e1ticamente al cerrar el navegador, el dispositivo o el equipo.<\/p>\n<p>Configuraci\u00f3n en los principales navegadores:<\/p>\n<ul data-start=\"5521\" data-end=\"5865\">\n<li data-start=\"5521\" data-end=\"5639\">\n<p data-start=\"5523\" data-end=\"5639\"><strong data-start=\"5523\" data-end=\"5541\">Google Chrome:<\/strong> Configuraci\u00f3n &gt; Mostrar opciones avanzadas &gt; Privacidad &gt; Configuraci\u00f3n de contenido &gt; Cookies.<\/p>\n<\/li>\n<li data-start=\"5640\" data-end=\"5736\">\n<p data-start=\"5642\" data-end=\"5736\"><strong data-start=\"5642\" data-end=\"5654\">Firefox:<\/strong> Herramientas &gt; Opciones &gt; Privacidad &gt; Historial &gt; Configuraci\u00f3n personalizada.<\/p>\n<\/li>\n<li data-start=\"5737\" data-end=\"5824\">\n<p data-start=\"5739\" data-end=\"5824\"><strong data-start=\"5739\" data-end=\"5761\">Internet Explorer:<\/strong> Herramientas &gt; Opciones de Internet &gt; Privacidad &gt; Avanzado.<\/p>\n<\/li>\n<li data-start=\"5825\" data-end=\"5865\">\n<p data-start=\"5827\" data-end=\"5865\"><strong data-start=\"5827\" data-end=\"5838\">Safari:<\/strong> Preferencias &gt; Privacidad.<\/p>\n<\/li>\n<\/ul>\n<p data-start=\"5867\" data-end=\"6198\">Adem\u00e1s, si el contenido del portal web se comparte con amigos a trav\u00e9s de redes sociales (Facebook o Twitter), es posible que se reciban cookies de esos sitios. No podemos controlar la configuraci\u00f3n de las cookies de terceros, por lo que recomendamos consultar sus sitios web para obtener m\u00e1s informaci\u00f3n y saber c\u00f3mo gestionarlas.<\/p>\n<hr data-start=\"6200\" data-end=\"6203\" \/>\n<p data-start=\"6205\" data-end=\"6273\"><strong data-start=\"6209\" data-end=\"6273\">Actualizaci\u00f3n y cambios en la pol\u00edtica de cookies\/privacidad<\/strong><\/p>\n<p>La pol\u00edtica de cookies de este sitio web puede modificarse en cumplimiento de las exigencias legales o reglamentarias, o para adaptarse a las instrucciones de la Agencia Espa\u00f1ola de Protecci\u00f3n de Datos. Por ello, te recomendamos que la consultes peri\u00f3dicamente.<\/p>\n<p>En caso de realizarse cambios significativos, se notificar\u00e1 a los usuarios a trav\u00e9s del propio sitio web.<\/p>\n<\/div><\/div><\/div><\/div><\/div><\/div><\/section>\n","protected":false},"excerpt":{"rendered":"Pol\u00edtica de cookies De conformidad con la Ley 34\/2002, de 11 de julio, de Servicios de la Sociedad de la Informaci\u00f3n y de Comercio Electr\u00f3nico, te informamos de que este sitio web utiliza cookies. \u00bfQu\u00e9 son las cookies? Las cookies son archivos que se guardan en nuestro dispositivo (ordenador, smartphone, televisor, tableta, etc.) al visitar...","protected":false},"author":15,"featured_media":0,"parent":0,"menu_order":0,"comment_status":"closed","ping_status":"closed","template":"","meta":{"_acf_changed":false,"footnotes":""},"class_list":["post-13593","page","type-page","status-publish","hentry"],"acf":[],"_links":{"self":[{"href":"https:\/\/basaburua.eus\/es\/wp-json\/wp\/v2\/pages\/13593","targetHints":{"allow":["GET"]}}],"collection":[{"href":"https:\/\/basaburua.eus\/es\/wp-json\/wp\/v2\/pages"}],"about":[{"href":"https:\/\/basaburua.eus\/es\/wp-json\/wp\/v2\/types\/page"}],"author":[{"embeddable":true,"href":"https:\/\/basaburua.eus\/es\/wp-json\/wp\/v2\/users\/15"}],"replies":[{"embeddable":true,"href":"https:\/\/basaburua.eus\/es\/wp-json\/wp\/v2\/comments?post=13593"}],"version-history":[{"count":3,"href":"https:\/\/basaburua.eus\/es\/wp-json\/wp\/v2\/pages\/13593\/revisions"}],"predecessor-version":[{"id":13596,"href":"https:\/\/basaburua.eus\/es\/wp-json\/wp\/v2\/pages\/13593\/revisions\/13596"}],"wp:attachment":[{"href":"https:\/\/basaburua.eus\/es\/wp-json\/wp\/v2\/media?parent=13593"}],"curies":[{"name":"wp","href":"https:\/\/api.w.org\/{rel}","templated":true}]}}