{"id":13591,"date":"2025-06-10T10:41:25","date_gmt":"2025-06-10T09:41:25","guid":{"rendered":"https:\/\/basaburua.eus\/?page_id=13591"},"modified":"2025-10-24T07:25:05","modified_gmt":"2025-10-24T06:25:05","slug":"noticias","status":"publish","type":"page","link":"https:\/\/basaburua.eus\/es\/noticias\/","title":{"rendered":"Noticias"},"content":{"rendered":"<section class=\"l-section wpb_row height_medium\"><div class=\"l-section-h i-cf\"><div class=\"g-cols vc_row via_grid cols_1 laptops-cols_inherit tablets-cols_inherit mobiles-cols_1 valign_top type_default stacking_default\"><div class=\"wpb_column vc_column_container\"><div class=\"vc_column-inner\"><div class=\"w-grid us_grid type_grid layout_11144 cols_3 pagination_regular overflow_hidden preload_style_spinner\" id=\"us_grid_1\" style=\"--columns:3;--gap:1.5rem;\" data-filterable=\"true\"><style>@media (max-width:1024px){#us_grid_1{--columns:2!important}}@media (max-width:600px){#us_grid_1{--columns:1!important}}.layout_11144 .w-grid-item-h{background:var(--color-content-bg);color:var(--color-content-heading);border-radius:0.3rem;box-shadow:0 0.03rem 0.06rem rgba(0,0,0,0.1),0 0.1rem 0.3rem rgba(0,0,0,0.1);transition-duration:0.3s}.no-touch .layout_11144 .w-grid-item-h:hover{box-shadow:0 0.12rem 0.24rem rgba(0,0,0,0.1),0 0.4rem 1.2rem rgba(0,0,0,0.15);z-index:4}.layout_11144 .usg_vwrapper_1{padding:5% 8% 8% 8%!important}.layout_11144 .usg_hwrapper_1{color:#222222!important;margin-bottom:0.2rem!important;background:#EAC102!important;padding:3% 8% 2% 8%!important}.layout_11144 .usg_post_taxonomy_1{font-size:0.7rem!important;font-weight:700!important;text-transform:uppercase!important;margin-right:0.6rem!important}.layout_11144 .usg_post_date_1{color:#000000!important;font-size:0.8rem!important;line-height:0.8rem!important;margin-bottom:0.3rem!important}.layout_11144 .usg_post_title_1{color:inherit!important;font-weight:700!important;font-size:1.4rem!important}@media (max-width:600px){.layout_11144 .usg_post_title_1{font-size:1.2rem!important}}<\/style><div class=\"w-grid-list\">\t<article class=\"w-grid-item size_1x1 post-14409 post type-post status-publish format-standard has-post-thumbnail hentry category-ayuntamiento\" data-id=\"14409\">\r\n\t\t<div class=\"w-grid-item-h\">\r\n\t\t\t\t\t\t<div class=\"w-post-elm post_image usg_post_image_1 has_ratio\"><a href=\"https:\/\/basaburua.eus\/es\/2026\/04\/27\/14409\/\" aria-label=\"Convocatoria para contrataci\u00f3n temporal de educadora\/o de escuela infantil. APERTURA DE PLICAS\"><img loading=\"lazy\" decoding=\"async\" width=\"1024\" height=\"768\" src=\"https:\/\/basaburua.eus\/wp-content\/uploads\/2024\/01\/basaburuko_armarria_txuria-2000-1024x768.jpg\" class=\"attachment-large size-large wp-post-image\" alt=\"\" \/><\/a><div style=\"padding-bottom:66.6667%\"><\/div><\/div><div class=\"w-hwrapper usg_hwrapper_1 has_text_color align_none valign_middle\" style=\"--hwrapper-gap:1.2rem\"><time class=\"w-post-elm post_date usg_post_date_1 has_text_color entry-date published\" datetime=\"2026-04-27T08:12:53+02:00\">2026\/04\/27<\/time><\/div><div class=\"w-vwrapper usg_vwrapper_1 align_none valign_top\" style=\"--vwrapper-gap:0.7rem\"><h2 class=\"w-post-elm post_title usg_post_title_1 has_text_color entry-title color_link_inherit\"><a href=\"https:\/\/basaburua.eus\/es\/2026\/04\/27\/14409\/\">Convocatoria para contrataci\u00f3n temporal de educadora\/o de escuela infantil. APERTURA DE PLICAS<\/a><\/h2><div class=\"w-post-elm post_taxonomy usg_post_taxonomy_1 style_simple\"><a class=\"term-240 term-ayuntamiento\" href=\"https:\/\/basaburua.eus\/es\/categoria\/ayuntamiento\/\">AYUNTAMIENTO<\/a><\/div><div class=\"w-post-elm post_content usg_post_content_1\">APERTURA DE PLICAS RESULTADO EXAMEN Y APERTURA DE PLICAS EXAMEN MODELO A EXAMEN MODELO B RESPUESTAS EXAMEN\u00a0 HOJA DE RESPUESTAS&hellip;<\/div><\/div>\t\t<\/div>\r\n\t\t\t<\/article>\r\n\t<article class=\"w-grid-item size_1x1 post-14584 post type-post status-publish format-standard has-post-thumbnail hentry category-ayuntamiento\" data-id=\"14584\">\r\n\t\t<div class=\"w-grid-item-h\">\r\n\t\t\t\t\t\t<div class=\"w-post-elm post_image usg_post_image_1 has_ratio\"><a href=\"https:\/\/basaburua.eus\/es\/2026\/04\/23\/lista-para-contratacion-de-personal-de-servicios-multiples\/\" aria-label=\"Lista para contrataci\u00f3n de personal de servicios m\u00faltiples\"><img loading=\"lazy\" decoding=\"async\" width=\"290\" height=\"174\" src=\"https:\/\/basaburua.eus\/wp-content\/uploads\/2025\/04\/images.jpg\" class=\"attachment-large size-large wp-post-image\" alt=\"\" \/><\/a><div style=\"padding-bottom:66.6667%\"><\/div><\/div><div class=\"w-hwrapper usg_hwrapper_1 has_text_color align_none valign_middle\" style=\"--hwrapper-gap:1.2rem\"><time class=\"w-post-elm post_date usg_post_date_1 has_text_color entry-date published\" datetime=\"2026-04-23T07:54:38+02:00\">2026\/04\/23<\/time><\/div><div class=\"w-vwrapper usg_vwrapper_1 align_none valign_top\" style=\"--vwrapper-gap:0.7rem\"><h2 class=\"w-post-elm post_title usg_post_title_1 has_text_color entry-title color_link_inherit\"><a href=\"https:\/\/basaburua.eus\/es\/2026\/04\/23\/lista-para-contratacion-de-personal-de-servicios-multiples\/\">Lista para contrataci\u00f3n de personal de servicios m\u00faltiples<\/a><\/h2><div class=\"w-post-elm post_taxonomy usg_post_taxonomy_1 style_simple\"><a class=\"term-240 term-ayuntamiento\" href=\"https:\/\/basaburua.eus\/es\/categoria\/ayuntamiento\/\">AYUNTAMIENTO<\/a><\/div><div class=\"w-post-elm post_content usg_post_content_1\">CONVOCATORIA<\/div><\/div>\t\t<\/div>\r\n\t\t\t<\/article>\r\n\t<article class=\"w-grid-item size_1x1 post-14564 post type-post status-publish format-standard has-post-thumbnail hentry category-ayuntamiento\" data-id=\"14564\">\r\n\t\t<div class=\"w-grid-item-h\">\r\n\t\t\t\t\t\t<div class=\"w-post-elm post_image usg_post_image_1 has_ratio\"><a href=\"https:\/\/basaburua.eus\/es\/2026\/04\/21\/promocion-interna\/\" aria-label=\"Promoci\u00f3n interna\"><img loading=\"lazy\" decoding=\"async\" width=\"1024\" height=\"768\" src=\"https:\/\/basaburua.eus\/wp-content\/uploads\/2024\/11\/basaburuko_armarria_txuria-2000-1024x768.jpg\" class=\"attachment-large size-large wp-post-image\" alt=\"\" \/><\/a><div style=\"padding-bottom:66.6667%\"><\/div><\/div><div class=\"w-hwrapper usg_hwrapper_1 has_text_color align_none valign_middle\" style=\"--hwrapper-gap:1.2rem\"><time class=\"w-post-elm post_date usg_post_date_1 has_text_color entry-date published\" datetime=\"2026-04-21T08:17:32+02:00\">2026\/04\/21<\/time><\/div><div class=\"w-vwrapper usg_vwrapper_1 align_none valign_top\" style=\"--vwrapper-gap:0.7rem\"><h2 class=\"w-post-elm post_title usg_post_title_1 has_text_color entry-title color_link_inherit\"><a href=\"https:\/\/basaburua.eus\/es\/2026\/04\/21\/promocion-interna\/\">Promoci\u00f3n interna<\/a><\/h2><div class=\"w-post-elm post_taxonomy usg_post_taxonomy_1 style_simple\"><a class=\"term-240 term-ayuntamiento\" href=\"https:\/\/basaburua.eus\/es\/categoria\/ayuntamiento\/\">AYUNTAMIENTO<\/a><\/div><div class=\"w-post-elm post_content usg_post_content_1\">ADMINISTRATIVO Resultado examen SERVICIOS MULTIPLES Resultado examen<\/div><\/div>\t\t<\/div>\r\n\t\t\t<\/article>\r\n\t<article class=\"w-grid-item size_1x1 post-14419 post type-post status-publish format-standard has-post-thumbnail hentry category-ayuntamiento\" data-id=\"14419\">\r\n\t\t<div class=\"w-grid-item-h\">\r\n\t\t\t\t\t\t<div class=\"w-post-elm post_image usg_post_image_1 has_ratio\"><a href=\"https:\/\/basaburua.eus\/es\/2026\/04\/17\/txokolatero-seleccion-de-personal\/\" aria-label=\"TXOKOLATERO. RESULTADOS PUESTO DIRECTOR\/A\"><img loading=\"lazy\" decoding=\"async\" width=\"683\" height=\"1024\" src=\"https:\/\/basaburua.eus\/wp-content\/uploads\/2026\/02\/Kartela-Seleccion-de-personal-en-Txokolatero-683x1024.png\" class=\"attachment-large size-large wp-post-image\" alt=\"\" \/><\/a><div style=\"padding-bottom:66.6667%\"><\/div><\/div><div class=\"w-hwrapper usg_hwrapper_1 has_text_color align_none valign_middle\" style=\"--hwrapper-gap:1.2rem\"><time class=\"w-post-elm post_date usg_post_date_1 has_text_color entry-date published\" datetime=\"2026-04-17T12:54:39+02:00\">2026\/04\/17<\/time><\/div><div class=\"w-vwrapper usg_vwrapper_1 align_none valign_top\" style=\"--vwrapper-gap:0.7rem\"><h2 class=\"w-post-elm post_title usg_post_title_1 has_text_color entry-title color_link_inherit\"><a href=\"https:\/\/basaburua.eus\/es\/2026\/04\/17\/txokolatero-seleccion-de-personal\/\">TXOKOLATERO. RESULTADOS PUESTO DIRECTOR\/A<\/a><\/h2><div class=\"w-post-elm post_taxonomy usg_post_taxonomy_1 style_simple\"><a class=\"term-240 term-ayuntamiento\" href=\"https:\/\/basaburua.eus\/es\/categoria\/ayuntamiento\/\">AYUNTAMIENTO<\/a><\/div><div class=\"w-post-elm post_content usg_post_content_1\">RESULTADOS PUESTO DIRECTOR\/A VALORACI\u00d3N CALIFICACIONES EXAMEN CALIFICACI\u00d3N EXAMEN EUSKERA ADMITIDOS Y EXCLUIDOS &nbsp; BASES DIRECTOR BASES GEROCULTOR BASES COCINA &#8211;&hellip;<\/div><\/div>\t\t<\/div>\r\n\t\t\t<\/article>\r\n\t<article class=\"w-grid-item size_1x1 post-14575 post type-post status-publish format-standard has-post-thumbnail hentry category-ayuntamiento\" data-id=\"14575\">\r\n\t\t<div class=\"w-grid-item-h\">\r\n\t\t\t\t\t\t<div class=\"w-post-elm post_image usg_post_image_1 has_ratio\"><a href=\"https:\/\/basaburua.eus\/es\/2026\/04\/14\/servicio-de-taxi\/\" aria-label=\"SERVICIO DE TAXI\"><img loading=\"lazy\" decoding=\"async\" width=\"1024\" height=\"768\" src=\"https:\/\/basaburua.eus\/wp-content\/uploads\/2026\/04\/WhatsApp-Image-2026-04-21-at-09.41.15-1024x768.jpeg\" class=\"attachment-large size-large wp-post-image\" alt=\"\" \/><\/a><div style=\"padding-bottom:66.6667%\"><\/div><\/div><div class=\"w-hwrapper usg_hwrapper_1 has_text_color align_none valign_middle\" style=\"--hwrapper-gap:1.2rem\"><time class=\"w-post-elm post_date usg_post_date_1 has_text_color entry-date published\" datetime=\"2026-04-14T08:20:42+02:00\">2026\/04\/14<\/time><\/div><div class=\"w-vwrapper usg_vwrapper_1 align_none valign_top\" style=\"--vwrapper-gap:0.7rem\"><h2 class=\"w-post-elm post_title usg_post_title_1 has_text_color entry-title color_link_inherit\"><a href=\"https:\/\/basaburua.eus\/es\/2026\/04\/14\/servicio-de-taxi\/\">SERVICIO DE TAXI<\/a><\/h2><div class=\"w-post-elm post_taxonomy usg_post_taxonomy_1 style_simple\"><a class=\"term-240 term-ayuntamiento\" href=\"https:\/\/basaburua.eus\/es\/categoria\/ayuntamiento\/\">AYUNTAMIENTO<\/a><\/div><div class=\"w-post-elm post_content usg_post_content_1\">CARTEL<\/div><\/div>\t\t<\/div>\r\n\t\t\t<\/article>\r\n\t<article class=\"w-grid-item size_1x1 post-14540 post type-post status-publish format-standard has-post-thumbnail hentry category-sin-clasificar\" data-id=\"14540\">\r\n\t\t<div class=\"w-grid-item-h\">\r\n\t\t\t\t\t\t<div class=\"w-post-elm post_image usg_post_image_1 has_ratio\"><a href=\"https:\/\/basaburua.eus\/es\/2026\/04\/08\/revision-del-plan-general-municipal-de-basaburua\/\" aria-label=\"Revisi\u00f3n del Plan General Municipal de Basaburua\"><img loading=\"lazy\" decoding=\"async\" width=\"882\" height=\"460\" src=\"https:\/\/basaburua.eus\/wp-content\/uploads\/2026\/04\/Captura-de-pantalla-2026-04-08-143636.png\" class=\"attachment-large size-large wp-post-image\" alt=\"\" \/><\/a><div style=\"padding-bottom:66.6667%\"><\/div><\/div><div class=\"w-hwrapper usg_hwrapper_1 has_text_color align_none valign_middle\" style=\"--hwrapper-gap:1.2rem\"><time class=\"w-post-elm post_date usg_post_date_1 has_text_color entry-date published\" datetime=\"2026-04-08T14:34:00+02:00\">2026\/04\/08<\/time><\/div><div class=\"w-vwrapper usg_vwrapper_1 align_none valign_top\" style=\"--vwrapper-gap:0.7rem\"><h2 class=\"w-post-elm post_title usg_post_title_1 has_text_color entry-title color_link_inherit\"><a href=\"https:\/\/basaburua.eus\/es\/2026\/04\/08\/revision-del-plan-general-municipal-de-basaburua\/\">Revisi\u00f3n del Plan General Municipal de Basaburua<\/a><\/h2><div class=\"w-post-elm post_taxonomy usg_post_taxonomy_1 style_simple\"><a class=\"term-32 term-sin-clasificar\" href=\"https:\/\/basaburua.eus\/es\/categoria\/sin-clasificar\/\">Sin clasificar<\/a><\/div><div class=\"w-post-elm post_content usg_post_content_1\">El Ayuntamiento de Basaburua en pleno celebrado el d\u00eda 25 de junio de 2025 aprob\u00f3 provisionalmente el expediente de revisi\u00f3n&hellip;<\/div><\/div>\t\t<\/div>\r\n\t\t\t<\/article>\r\n\t<article class=\"w-grid-item size_1x1 post-14531 post type-post status-publish format-standard has-post-thumbnail hentry category-ayuntamiento\" data-id=\"14531\">\r\n\t\t<div class=\"w-grid-item-h\">\r\n\t\t\t\t\t\t<div class=\"w-post-elm post_image usg_post_image_1 has_ratio\"><a href=\"https:\/\/basaburua.eus\/es\/2026\/04\/08\/errenta-aitorpena-euskaraz\/\" aria-label=\"ERRENTA AITORPENA EUSKARAZ\"><img loading=\"lazy\" decoding=\"async\" width=\"724\" height=\"1024\" src=\"https:\/\/basaburua.eus\/wp-content\/uploads\/2026\/04\/errenta-aitorpena-724x1024.jpg\" class=\"attachment-large size-large wp-post-image\" alt=\"\" \/><\/a><div style=\"padding-bottom:66.6667%\"><\/div><\/div><div class=\"w-hwrapper usg_hwrapper_1 has_text_color align_none valign_middle\" style=\"--hwrapper-gap:1.2rem\"><time class=\"w-post-elm post_date usg_post_date_1 has_text_color entry-date published\" datetime=\"2026-04-08T09:24:47+02:00\">2026\/04\/08<\/time><\/div><div class=\"w-vwrapper usg_vwrapper_1 align_none valign_top\" style=\"--vwrapper-gap:0.7rem\"><h2 class=\"w-post-elm post_title usg_post_title_1 has_text_color entry-title color_link_inherit\"><a href=\"https:\/\/basaburua.eus\/es\/2026\/04\/08\/errenta-aitorpena-euskaraz\/\">ERRENTA AITORPENA EUSKARAZ<\/a><\/h2><div class=\"w-post-elm post_taxonomy usg_post_taxonomy_1 style_simple\"><a class=\"term-240 term-ayuntamiento\" href=\"https:\/\/basaburua.eus\/es\/categoria\/ayuntamiento\/\">AYUNTAMIENTO<\/a><\/div><\/div>\t\t<\/div>\r\n\t\t\t<\/article>\r\n\t<article class=\"w-grid-item size_1x1 post-14522 post type-post status-publish format-standard has-post-thumbnail hentry category-sin-clasificar\" data-id=\"14522\">\r\n\t\t<div class=\"w-grid-item-h\">\r\n\t\t\t\t\t\t<div class=\"w-post-elm post_image usg_post_image_1 has_ratio\"><a href=\"https:\/\/basaburua.eus\/es\/2026\/04\/01\/oferta-de-empleo-temporal-para-4-personas\/\" aria-label=\"OFERTA DE EMPLEO TEMPORAL PARA 4 PERSONAS\"><img loading=\"lazy\" decoding=\"async\" width=\"290\" height=\"174\" src=\"https:\/\/basaburua.eus\/wp-content\/uploads\/2025\/04\/images.jpg\" class=\"attachment-large size-large wp-post-image\" alt=\"\" \/><\/a><div style=\"padding-bottom:66.6667%\"><\/div><\/div><div class=\"w-hwrapper usg_hwrapper_1 has_text_color align_none valign_middle\" style=\"--hwrapper-gap:1.2rem\"><time class=\"w-post-elm post_date usg_post_date_1 has_text_color entry-date published\" datetime=\"2026-04-01T11:21:46+02:00\">2026\/04\/01<\/time><\/div><div class=\"w-vwrapper usg_vwrapper_1 align_none valign_top\" style=\"--vwrapper-gap:0.7rem\"><h2 class=\"w-post-elm post_title usg_post_title_1 has_text_color entry-title color_link_inherit\"><a href=\"https:\/\/basaburua.eus\/es\/2026\/04\/01\/oferta-de-empleo-temporal-para-4-personas\/\">OFERTA DE EMPLEO TEMPORAL PARA 4 PERSONAS<\/a><\/h2><div class=\"w-post-elm post_taxonomy usg_post_taxonomy_1 style_simple\"><a class=\"term-32 term-sin-clasificar\" href=\"https:\/\/basaburua.eus\/es\/categoria\/sin-clasificar\/\">Sin clasificar<\/a><\/div><div class=\"w-post-elm post_content usg_post_content_1\">BANDO<\/div><\/div>\t\t<\/div>\r\n\t\t\t<\/article>\r\n\t<article class=\"w-grid-item size_1x1 post-14503 post type-post status-publish format-standard has-post-thumbnail hentry category-ayuntamiento\" data-id=\"14503\">\r\n\t\t<div class=\"w-grid-item-h\">\r\n\t\t\t\t\t\t<div class=\"w-post-elm post_image usg_post_image_1 has_ratio\"><a href=\"https:\/\/basaburua.eus\/es\/2026\/03\/25\/boletin-municipal-marzo\/\" aria-label=\"Boletin municipal Marzo\"><img loading=\"lazy\" decoding=\"async\" width=\"512\" height=\"355\" src=\"https:\/\/basaburua.eus\/wp-content\/uploads\/2026\/03\/Captura-de-pantalla-2026-03-25-085823.png\" class=\"attachment-large size-large wp-post-image\" alt=\"\" \/><\/a><div style=\"padding-bottom:66.6667%\"><\/div><\/div><div class=\"w-hwrapper usg_hwrapper_1 has_text_color align_none valign_middle\" style=\"--hwrapper-gap:1.2rem\"><time class=\"w-post-elm post_date usg_post_date_1 has_text_color entry-date published\" datetime=\"2026-03-25T09:03:59+01:00\">2026\/03\/25<\/time><\/div><div class=\"w-vwrapper usg_vwrapper_1 align_none valign_top\" style=\"--vwrapper-gap:0.7rem\"><h2 class=\"w-post-elm post_title usg_post_title_1 has_text_color entry-title color_link_inherit\"><a href=\"https:\/\/basaburua.eus\/es\/2026\/03\/25\/boletin-municipal-marzo\/\">Boletin municipal Marzo<\/a><\/h2><div class=\"w-post-elm post_taxonomy usg_post_taxonomy_1 style_simple\"><a class=\"term-240 term-ayuntamiento\" href=\"https:\/\/basaburua.eus\/es\/categoria\/ayuntamiento\/\">AYUNTAMIENTO<\/a><\/div><div class=\"w-post-elm post_content usg_post_content_1\">VER AQUI<\/div><\/div>\t\t<\/div>\r\n\t\t\t<\/article>\r\n\t<article class=\"w-grid-item size_1x1 post-14428 post type-post status-publish format-standard has-post-thumbnail hentry category-ayuntamiento\" data-id=\"14428\">\r\n\t\t<div class=\"w-grid-item-h\">\r\n\t\t\t\t\t\t<div class=\"w-post-elm post_image usg_post_image_1 has_ratio\"><a href=\"https:\/\/basaburua.eus\/es\/2026\/02\/23\/boletin-municipal-febrero\/\" aria-label=\"Boletin municipal Febrero\"><img loading=\"lazy\" decoding=\"async\" width=\"494\" height=\"348\" src=\"https:\/\/basaburua.eus\/wp-content\/uploads\/2026\/02\/Captura-de-pantalla-2026-02-23-094322.png\" class=\"attachment-large size-large wp-post-image\" alt=\"\" \/><\/a><div style=\"padding-bottom:66.6667%\"><\/div><\/div><div class=\"w-hwrapper usg_hwrapper_1 has_text_color align_none valign_middle\" style=\"--hwrapper-gap:1.2rem\"><time class=\"w-post-elm post_date usg_post_date_1 has_text_color entry-date published\" datetime=\"2026-02-23T09:48:45+01:00\">2026\/02\/23<\/time><\/div><div class=\"w-vwrapper usg_vwrapper_1 align_none valign_top\" style=\"--vwrapper-gap:0.7rem\"><h2 class=\"w-post-elm post_title usg_post_title_1 has_text_color entry-title color_link_inherit\"><a href=\"https:\/\/basaburua.eus\/es\/2026\/02\/23\/boletin-municipal-febrero\/\">Boletin municipal Febrero<\/a><\/h2><div class=\"w-post-elm post_taxonomy usg_post_taxonomy_1 style_simple\"><a class=\"term-240 term-ayuntamiento\" href=\"https:\/\/basaburua.eus\/es\/categoria\/ayuntamiento\/\">AYUNTAMIENTO<\/a><\/div><div class=\"w-post-elm post_content usg_post_content_1\">VER AQUI<\/div><\/div>\t\t<\/div>\r\n\t\t\t<\/article>\r\n\t<article class=\"w-grid-item size_1x1 post-14386 post type-post status-publish format-standard has-post-thumbnail hentry category-ayuntamiento\" data-id=\"14386\">\r\n\t\t<div class=\"w-grid-item-h\">\r\n\t\t\t\t\t\t<div class=\"w-post-elm post_image usg_post_image_1 has_ratio\"><a href=\"https:\/\/basaburua.eus\/es\/2026\/01\/30\/puertas-abiertas-ttikiena-haur-eskola\/\" aria-label=\"PUERTAS ABIERTAS TTIKIENA HAUR ESKOLA\"><img loading=\"lazy\" decoding=\"async\" width=\"405\" height=\"303\" src=\"https:\/\/basaburua.eus\/wp-content\/uploads\/2026\/01\/Captura-de-pantalla-2026-01-30-091650.png\" class=\"attachment-large size-large wp-post-image\" alt=\"\" \/><\/a><div style=\"padding-bottom:66.6667%\"><\/div><\/div><div class=\"w-hwrapper usg_hwrapper_1 has_text_color align_none valign_middle\" style=\"--hwrapper-gap:1.2rem\"><time class=\"w-post-elm post_date usg_post_date_1 has_text_color entry-date published\" datetime=\"2026-01-30T08:13:33+01:00\">2026\/01\/30<\/time><\/div><div class=\"w-vwrapper usg_vwrapper_1 align_none valign_top\" style=\"--vwrapper-gap:0.7rem\"><h2 class=\"w-post-elm post_title usg_post_title_1 has_text_color entry-title color_link_inherit\"><a href=\"https:\/\/basaburua.eus\/es\/2026\/01\/30\/puertas-abiertas-ttikiena-haur-eskola\/\">PUERTAS ABIERTAS TTIKIENA HAUR ESKOLA<\/a><\/h2><div class=\"w-post-elm post_taxonomy usg_post_taxonomy_1 style_simple\"><a class=\"term-240 term-ayuntamiento\" href=\"https:\/\/basaburua.eus\/es\/categoria\/ayuntamiento\/\">AYUNTAMIENTO<\/a><\/div><div class=\"w-post-elm post_content usg_post_content_1\">Informaci\u00f3n para familias Calendario proceso de admisi\u00f3n Resoluci\u00f3n<\/div><\/div>\t\t<\/div>\r\n\t\t\t<\/article>\r\n\t<article class=\"w-grid-item size_1x1 post-14361 post type-post status-publish format-standard has-post-thumbnail hentry category-ayuntamiento\" data-id=\"14361\">\r\n\t\t<div class=\"w-grid-item-h\">\r\n\t\t\t\t\t\t<div class=\"w-post-elm post_image usg_post_image_1 has_ratio\"><a href=\"https:\/\/basaburua.eus\/es\/2026\/01\/23\/boletin-municipal-enero\/\" aria-label=\"BOLETIN MUNICIPAL ENERO\"><img loading=\"lazy\" decoding=\"async\" width=\"492\" height=\"345\" src=\"https:\/\/basaburua.eus\/wp-content\/uploads\/2026\/01\/Captura-de-pantalla-2026-01-23-122538.png\" class=\"attachment-large size-large wp-post-image\" alt=\"\" \/><\/a><div style=\"padding-bottom:66.6667%\"><\/div><\/div><div class=\"w-hwrapper usg_hwrapper_1 has_text_color align_none valign_middle\" style=\"--hwrapper-gap:1.2rem\"><time class=\"w-post-elm post_date usg_post_date_1 has_text_color entry-date published\" datetime=\"2026-01-23T12:27:58+01:00\">2026\/01\/23<\/time><\/div><div class=\"w-vwrapper usg_vwrapper_1 align_none valign_top\" style=\"--vwrapper-gap:0.7rem\"><h2 class=\"w-post-elm post_title usg_post_title_1 has_text_color entry-title color_link_inherit\"><a href=\"https:\/\/basaburua.eus\/es\/2026\/01\/23\/boletin-municipal-enero\/\">BOLETIN MUNICIPAL ENERO<\/a><\/h2><div class=\"w-post-elm post_taxonomy usg_post_taxonomy_1 style_simple\"><a class=\"term-240 term-ayuntamiento\" href=\"https:\/\/basaburua.eus\/es\/categoria\/ayuntamiento\/\">AYUNTAMIENTO<\/a><\/div><div class=\"w-post-elm post_content usg_post_content_1\">VER AQUI<\/div><\/div>\t\t<\/div>\r\n\t\t\t<\/article>\r\n<\/div>\t<div class=\"w-grid-preloader\">\r\n\t\t<div class=\"g-preloader type_1\">\r\n\t\t\t<div><\/div>\r\n\t\t<\/div>\r\n\t<\/div>\r\n\t\t\t\t<nav class=\"pagination navigation\" role=\"navigation\">\r\n\t\t\t\t<div class=\"nav-links\">\r\n\t\t\t\t\t<span aria-current=\"page\" class=\"page-numbers current\"><span>1<\/span><\/span>\n<a class=\"page-numbers\" href=\"https:\/\/basaburua.eus\/es\/wp-json\/wp\/v2\/pages\/13591\/page\/2\/\"><span>2<\/span><\/a>\n<a class=\"page-numbers\" href=\"https:\/\/basaburua.eus\/es\/wp-json\/wp\/v2\/pages\/13591\/page\/3\/\"><span>3<\/span><\/a>\n<a class=\"page-numbers\" href=\"https:\/\/basaburua.eus\/es\/wp-json\/wp\/v2\/pages\/13591\/page\/4\/\"><span>4<\/span><\/a>\n<a class=\"page-numbers\" href=\"https:\/\/basaburua.eus\/es\/wp-json\/wp\/v2\/pages\/13591\/page\/5\/\"><span>5<\/span><\/a>\n<a class=\"next page-numbers\" href=\"https:\/\/basaburua.eus\/es\/wp-json\/wp\/v2\/pages\/13591\/page\/2\/\"><span>Siguiente<\/span><\/a>\t\t\t\t<\/div>\r\n\t\t\t<\/nav>\r\n\t\t\t\t<div class=\"w-grid-json hidden\" onclick='return {&quot;action&quot;:&quot;us_ajax_grid&quot;,&quot;infinite_scroll&quot;:0,&quot;max_num_pages&quot;:5,&quot;pagination&quot;:&quot;regular&quot;,&quot;template_vars&quot;:{&quot;columns&quot;:&quot;3&quot;,&quot;exclude_items&quot;:&quot;none&quot;,&quot;img_size&quot;:&quot;default&quot;,&quot;ignore_items_size&quot;:0,&quot;items_layout&quot;:&quot;11144&quot;,&quot;items_offset&quot;:&quot;1&quot;,&quot;load_animation&quot;:&quot;none&quot;,&quot;overriding_link&quot;:&quot;%7B%22url%22%3A%22%22%7D&quot;,&quot;post_id&quot;:0,&quot;query_args&quot;:{&quot;post_type&quot;:[&quot;post&quot;],&quot;post_status&quot;:[&quot;publish&quot;,&quot;acf-disabled&quot;],&quot;posts_per_page&quot;:&quot;12&quot;},&quot;orderby_query_args&quot;:{&quot;orderby&quot;:{&quot;date&quot;:&quot;DESC&quot;}},&quot;type&quot;:&quot;grid&quot;,&quot;us_grid_post_type&quot;:&quot;post&quot;,&quot;us_grid_ajax_index&quot;:1,&quot;us_grid_filter_query_string&quot;:null,&quot;us_grid_index&quot;:1,&quot;page_args&quot;:[],&quot;lang&quot;:&quot;es&quot;}}'><\/div>\r\n\t<\/div><\/div><\/div><\/div><\/div><\/section>\n","protected":false},"excerpt":{"rendered":"VER AQUI","protected":false},"author":15,"featured_media":0,"parent":0,"menu_order":0,"comment_status":"closed","ping_status":"closed","template":"","meta":{"_acf_changed":false,"footnotes":""},"class_list":["post-13591","page","type-page","status-publish","hentry"],"acf":[],"_links":{"self":[{"href":"https:\/\/basaburua.eus\/es\/wp-json\/wp\/v2\/pages\/13591","targetHints":{"allow":["GET"]}}],"collection":[{"href":"https:\/\/basaburua.eus\/es\/wp-json\/wp\/v2\/pages"}],"about":[{"href":"https:\/\/basaburua.eus\/es\/wp-json\/wp\/v2\/types\/page"}],"author":[{"embeddable":true,"href":"https:\/\/basaburua.eus\/es\/wp-json\/wp\/v2\/users\/15"}],"replies":[{"embeddable":true,"href":"https:\/\/basaburua.eus\/es\/wp-json\/wp\/v2\/comments?post=13591"}],"version-history":[{"count":1,"href":"https:\/\/basaburua.eus\/es\/wp-json\/wp\/v2\/pages\/13591\/revisions"}],"predecessor-version":[{"id":13592,"href":"https:\/\/basaburua.eus\/es\/wp-json\/wp\/v2\/pages\/13591\/revisions\/13592"}],"wp:attachment":[{"href":"https:\/\/basaburua.eus\/es\/wp-json\/wp\/v2\/media?parent=13591"}],"curies":[{"name":"wp","href":"https:\/\/api.w.org\/{rel}","templated":true}]}}